{"id":223444,"date":"2025-03-23T10:29:45","date_gmt":"2025-03-23T10:29:45","guid":{"rendered":"https:\/\/aromasentia.com\/product\/banjara-buddha-harmony\/"},"modified":"2025-06-23T18:30:43","modified_gmt":"2025-06-23T18:30:43","slug":"bouddha-banjara-harmonie","status":"publish","type":"product","link":"https:\/\/aromasentia.com\/fr\/bouddha-banjara-harmonie\/","title":{"rendered":"Bouddha Banjara &#8211; Harmonie"},"content":{"rendered":"<p><strong>Encens Harmonie :&nbsp;<\/strong>Une harmonie parfaite entre le jasmin, la lavande et le bois de c\u00e8dre, cet encens favorise l&rsquo;\u00e9quilibre et l&rsquo;unit\u00e9. Id\u00e9al pour la r\u00e9flexion personnelle ou les rassemblements en groupe, il encourage la compassion et la compr\u00e9hension.&nbsp;<\/p>\n<p>Chaque b\u00e2ton d\u2019encens est roul\u00e9 \u00e0 la main selon des m\u00e9thodes traditionnelles, garantissant une combustion lente et homog\u00e8ne qui lib\u00e8re pleinement son parfum.&nbsp;<\/p>\n<p>Gr\u00e2ce \u00e0 leurs objectifs uniques, la <strong>collection d&rsquo;Encens Bouddha Banjara<\/strong> offre aux revendeurs la possibilit\u00e9 de proposer des produits spirituels enrichissants, permettant \u00e0 leurs clients d&rsquo;approfondir leurs pratiques et d&rsquo;am\u00e9liorer leur quotidien.&nbsp;<\/p>\n<p><strong>Ajoutez cette gamme d\u2019encens \u00e0 votre catalogue et offrez \u00e0 vos clients des exp\u00e9riences de bien-\u00eatre qui favorisent la paix int\u00e9rieure et l&rsquo;harmonie collective.<\/strong><\/p>\n","protected":false},"excerpt":{"rendered":"<p>Encens Harmonie :&nbsp;Une harmonie parfaite entre le jasmin, la lavande et le bois de c\u00e8dre, cet encens favorise l&rsquo;\u00e9quilibre et l&rsquo;unit\u00e9. Id\u00e9al pour la r\u00e9flexion personnelle ou les rassemblements en groupe, il encourage la compassion et la compr\u00e9hension.&nbsp; Chaque b\u00e2ton d\u2019encens est roul\u00e9 \u00e0 la main selon des m\u00e9thodes traditionnelles, garantissant une combustion lente et [&hellip;]<\/p>\n","protected":false},"featured_media":397276,"comment_status":"closed","ping_status":"open","template":"","meta":{"_angie_page":false},"product_brand":[27105],"product_cat":[15193,15147],"product_tag":[],"class_list":{"0":"post-223444","1":"product","2":"type-product","3":"status-publish","4":"has-post-thumbnail","6":"product_brand-banjara","7":"product_cat-batonnets-d-encens","8":"product_cat-encens-et-porte-encens","9":"pa_collection-banjara-buddha-incense-fr","10":"pa_made-in-inde","12":"first","13":"instock","14":"purchasable","15":"product-type-simple"},"supplier_id":null,"supplier_sku":"BanBud-03","barcode":null,"atum_controlled":true,"out_stock_date":null,"out_stock_threshold":null,"inheritable":false,"inbound_stock":null,"stock_on_hold":0,"sold_today":0,"sales_last_days":0,"reserved_stock":null,"customer_returns":null,"warehouse_damage":null,"lost_in_post":null,"other_logs":null,"out_stock_days":0,"lost_sales":0,"has_location":null,"update_date":"2026-04-27T19:09:25","atum_locations":[],"atum_stock_status":"instock","restock_status":false,"low_stock_amount":"","sales_update_date":"2025-10-09T03:25:18","calc_backorders":null,"_links":{"self":[{"href":"https:\/\/aromasentia.com\/fr\/wp-json\/wp\/v2\/product\/223444","targetHints":{"allow":["GET"]}}],"collection":[{"href":"https:\/\/aromasentia.com\/fr\/wp-json\/wp\/v2\/product"}],"about":[{"href":"https:\/\/aromasentia.com\/fr\/wp-json\/wp\/v2\/types\/product"}],"replies":[{"embeddable":true,"href":"https:\/\/aromasentia.com\/fr\/wp-json\/wp\/v2\/comments?post=223444"}],"version-history":[{"count":0,"href":"https:\/\/aromasentia.com\/fr\/wp-json\/wp\/v2\/product\/223444\/revisions"}],"wp:featuredmedia":[{"embeddable":true,"href":"https:\/\/aromasentia.com\/fr\/wp-json\/wp\/v2\/media\/397276"}],"wp:attachment":[{"href":"https:\/\/aromasentia.com\/fr\/wp-json\/wp\/v2\/media?parent=223444"}],"wp:term":[{"taxonomy":"product_brand","embeddable":true,"href":"https:\/\/aromasentia.com\/fr\/wp-json\/wp\/v2\/product_brand?post=223444"},{"taxonomy":"product_cat","embeddable":true,"href":"https:\/\/aromasentia.com\/fr\/wp-json\/wp\/v2\/product_cat?post=223444"},{"taxonomy":"product_tag","embeddable":true,"href":"https:\/\/aromasentia.com\/fr\/wp-json\/wp\/v2\/product_tag?post=223444"}],"curies":[{"name":"wp","href":"https:\/\/api.w.org\/{rel}","templated":true}]}}