{"id":223440,"date":"2025-03-23T10:29:45","date_gmt":"2025-03-23T10:29:45","guid":{"rendered":"https:\/\/aromasentia.com\/product\/banjara-buddha-meditation\/"},"modified":"2025-12-30T19:06:35","modified_gmt":"2025-12-30T19:06:35","slug":"bouddha-banjara-meditation","status":"publish","type":"product","link":"https:\/\/aromasentia.com\/fr\/bouddha-banjara-meditation\/","title":{"rendered":"Bouddha Banjara &#8211; M\u00e9ditation"},"content":{"rendered":"<p><strong>Encens M\u00e9ditation :<\/strong> Une subtile combinaison de bois de santal apaisant et de notes florales calmantes, cet encens cr\u00e9e une atmosph\u00e8re paisible, id\u00e9ale pour la relaxation et la pleine conscience lors de la m\u00e9ditation.<\/p>\n<p>Chaque b\u00e2ton d\u2019encens est roul\u00e9 \u00e0 la main selon des techniques traditionnelles, assurant une combustion lente et r\u00e9guli\u00e8re qui diffuse pleinement son parfum.&nbsp;<\/p>\n<p>Gr\u00e2ce \u00e0 leurs bienfaits sp\u00e9cifiques, la collection d&rsquo;Encens Bouddha Banjara offre aux revendeurs l\u2019opportunit\u00e9 de proposer des produits spirituels enrichissants, con&ccedil;us pour aider les clients \u00e0 approfondir leurs pratiques et am\u00e9liorer leur bien-\u00eatre au quotidien.&nbsp;<\/p>\n<p><strong>Int\u00e9grez cette gamme d\u2019encens \u00e0 votre offre et proposez \u00e0 vos clients des solutions parfaites pour favoriser la d\u00e9tente et la m\u00e9ditation.<\/strong><\/p>\n","protected":false},"excerpt":{"rendered":"<p>Encens M\u00e9ditation : Une subtile combinaison de bois de santal apaisant et de notes florales calmantes, cet encens cr\u00e9e une atmosph\u00e8re paisible, id\u00e9ale pour la relaxation et la pleine conscience lors de la m\u00e9ditation. Chaque b\u00e2ton d\u2019encens est roul\u00e9 \u00e0 la main selon des techniques traditionnelles, assurant une combustion lente et r\u00e9guli\u00e8re qui diffuse pleinement [&hellip;]<\/p>\n","protected":false},"featured_media":397243,"comment_status":"closed","ping_status":"open","template":"","meta":{"_angie_page":false},"product_brand":[27105],"product_cat":[15193,15147],"product_tag":[],"class_list":{"0":"post-223440","1":"product","2":"type-product","3":"status-publish","4":"has-post-thumbnail","6":"product_brand-banjara","7":"product_cat-batonnets-d-encens","8":"product_cat-encens-et-porte-encens","9":"pa_collection-banjara-buddha-incense-fr","10":"pa_made-in-inde","12":"first","13":"instock","14":"purchasable","15":"product-type-simple"},"supplier_id":null,"supplier_sku":"BanBud-02","barcode":null,"atum_controlled":true,"out_stock_date":null,"out_stock_threshold":null,"inheritable":false,"inbound_stock":null,"stock_on_hold":0,"sold_today":0,"sales_last_days":0,"reserved_stock":null,"customer_returns":null,"warehouse_damage":null,"lost_in_post":null,"other_logs":null,"out_stock_days":0,"lost_sales":0,"has_location":null,"update_date":"2026-04-27T06:53:32","atum_locations":[],"atum_stock_status":"instock","restock_status":false,"low_stock_amount":"","sales_update_date":"2025-10-09T03:25:18","calc_backorders":null,"_links":{"self":[{"href":"https:\/\/aromasentia.com\/fr\/wp-json\/wp\/v2\/product\/223440","targetHints":{"allow":["GET"]}}],"collection":[{"href":"https:\/\/aromasentia.com\/fr\/wp-json\/wp\/v2\/product"}],"about":[{"href":"https:\/\/aromasentia.com\/fr\/wp-json\/wp\/v2\/types\/product"}],"replies":[{"embeddable":true,"href":"https:\/\/aromasentia.com\/fr\/wp-json\/wp\/v2\/comments?post=223440"}],"version-history":[{"count":0,"href":"https:\/\/aromasentia.com\/fr\/wp-json\/wp\/v2\/product\/223440\/revisions"}],"wp:featuredmedia":[{"embeddable":true,"href":"https:\/\/aromasentia.com\/fr\/wp-json\/wp\/v2\/media\/397243"}],"wp:attachment":[{"href":"https:\/\/aromasentia.com\/fr\/wp-json\/wp\/v2\/media?parent=223440"}],"wp:term":[{"taxonomy":"product_brand","embeddable":true,"href":"https:\/\/aromasentia.com\/fr\/wp-json\/wp\/v2\/product_brand?post=223440"},{"taxonomy":"product_cat","embeddable":true,"href":"https:\/\/aromasentia.com\/fr\/wp-json\/wp\/v2\/product_cat?post=223440"},{"taxonomy":"product_tag","embeddable":true,"href":"https:\/\/aromasentia.com\/fr\/wp-json\/wp\/v2\/product_tag?post=223440"}],"curies":[{"name":"wp","href":"https:\/\/api.w.org\/{rel}","templated":true}]}}