{"id":223428,"date":"2025-03-23T10:29:53","date_gmt":"2025-03-23T10:29:53","guid":{"rendered":"https:\/\/aromasentia.com\/product\/bulk-incense-cones-midnight-rose\/"},"modified":"2025-12-30T19:06:35","modified_gmt":"2025-12-30T19:06:35","slug":"850x-cones-dencens-en-vrac-rose-de-minuit","status":"publish","type":"product","link":"https:\/\/aromasentia.com\/fr\/850x-cones-dencens-en-vrac-rose-de-minuit\/","title":{"rendered":"850x C\u00f4nes d&rsquo;encens en vrac &#8211; Rose de minuit"},"content":{"rendered":"<p>\u00e0 25 mm de haut, les <strong><span style=\"color: rgb(75, 80, 88);\">c\u00f4nes d&rsquo;encens en vrac &#8211; Rose de Minuit<\/span><\/strong> sont plus gros que la moyenne. Id\u00e9al pour vendre le style pick and mix, ou les remballer et cr\u00e9er votre propre marque.&nbsp;<\/p>\n<p>Excellent rapport qualit\u00e9\/prix pour env. 850 pi\u00e8ces pr\u00eates \u00e0 vendre dans une bo\u00eete de pr\u00e9sentation. Allumez la pointe du c\u00f4ne avec une allumette, un briquet ou un c\u00f4ne, soufflez la flamme et laissez le c\u00f4ne d&rsquo;encens couver, lib\u00e9rant la fum\u00e9e, infus\u00e9e avec le parfum.&nbsp;<\/p>\n<p><strong><span style=\"color: rgb(141, 186, 216);\">Commandez-en d\u00e8s aujourd&rsquo;hui pour obtenir ces c\u00f4nes d&rsquo;encens de qualit\u00e9 dans votre magasin.<\/span><\/strong><\/p>\n","protected":false},"excerpt":{"rendered":"<p>\u00e0 25 mm de haut, les c\u00f4nes d&rsquo;encens en vrac &#8211; Rose de Minuit sont plus gros que la moyenne. Id\u00e9al pour vendre le style pick and mix, ou les remballer et cr\u00e9er votre propre marque.&nbsp; Excellent rapport qualit\u00e9\/prix pour env. 850 pi\u00e8ces pr\u00eates \u00e0 vendre dans une bo\u00eete de pr\u00e9sentation. Allumez la pointe du [&hellip;]<\/p>\n","protected":false},"featured_media":399580,"comment_status":"closed","ping_status":"open","template":"","meta":[],"product_brand":[],"product_cat":[15328,15147,26832,26369,25842],"product_tag":[],"class_list":{"0":"post-223428","1":"product","2":"type-product","3":"status-publish","4":"has-post-thumbnail","6":"product_cat-cones-d-encens","7":"product_cat-encens-et-porte-encens","8":"product_cat-floral","9":"product_cat-rose","10":"product_cat-senteurs-aromes","11":"pa_collection-indian-bulk-incense-cones-fr","12":"pa_made-in-inde","14":"first","15":"outofstock","16":"purchasable","17":"product-type-simple"},"supplier_id":null,"supplier_sku":"BinC-23","barcode":null,"atum_controlled":true,"out_stock_date":"2025-09-04 21:39:52","out_stock_threshold":null,"inheritable":false,"inbound_stock":null,"stock_on_hold":0,"sold_today":0,"sales_last_days":0,"reserved_stock":null,"customer_returns":null,"warehouse_damage":null,"lost_in_post":null,"other_logs":null,"out_stock_days":34,"lost_sales":0,"has_location":null,"update_date":"2026-02-11T18:08:55","atum_locations":[],"atum_stock_status":"outofstock","restock_status":false,"low_stock_amount":"","sales_update_date":"2025-10-09T03:25:49","calc_backorders":null,"_links":{"self":[{"href":"https:\/\/aromasentia.com\/fr\/wp-json\/wp\/v2\/product\/223428","targetHints":{"allow":["GET"]}}],"collection":[{"href":"https:\/\/aromasentia.com\/fr\/wp-json\/wp\/v2\/product"}],"about":[{"href":"https:\/\/aromasentia.com\/fr\/wp-json\/wp\/v2\/types\/product"}],"replies":[{"embeddable":true,"href":"https:\/\/aromasentia.com\/fr\/wp-json\/wp\/v2\/comments?post=223428"}],"version-history":[{"count":0,"href":"https:\/\/aromasentia.com\/fr\/wp-json\/wp\/v2\/product\/223428\/revisions"}],"wp:featuredmedia":[{"embeddable":true,"href":"https:\/\/aromasentia.com\/fr\/wp-json\/wp\/v2\/media\/399580"}],"wp:attachment":[{"href":"https:\/\/aromasentia.com\/fr\/wp-json\/wp\/v2\/media?parent=223428"}],"wp:term":[{"taxonomy":"product_brand","embeddable":true,"href":"https:\/\/aromasentia.com\/fr\/wp-json\/wp\/v2\/product_brand?post=223428"},{"taxonomy":"product_cat","embeddable":true,"href":"https:\/\/aromasentia.com\/fr\/wp-json\/wp\/v2\/product_cat?post=223428"},{"taxonomy":"product_tag","embeddable":true,"href":"https:\/\/aromasentia.com\/fr\/wp-json\/wp\/v2\/product_tag?post=223428"}],"curies":[{"name":"wp","href":"https:\/\/api.w.org\/{rel}","templated":true}]}}