{"id":223320,"date":"2025-03-23T10:29:53","date_gmt":"2025-03-23T10:29:53","guid":{"rendered":"https:\/\/aromasentia.com\/product\/brass-charcoal-burner-with-coaster\/"},"modified":"2025-12-30T19:06:13","modified_gmt":"2025-12-30T19:06:13","slug":"bruleur-a-charbon-en-laiton","status":"publish","type":"product","link":"https:\/\/aromasentia.com\/fr\/bruleur-a-charbon-en-laiton\/","title":{"rendered":"Br\u00fbleur \u00e0 Charbon en Laiton"},"content":{"rendered":"<p>Laissez l&rsquo;ar\u00f4me couler doucement avec ces <strong><span style=\"color: rgb(75, 80, 88);\">br\u00fbleurs traditionnels en laiton<\/span><\/strong>. De l&rsquo;ancienne ville en laiton de Moradabad, en Inde, o\u00f9ces articles sont fabriqu\u00e9s et utilis\u00e9s depuis des g\u00e9n\u00e9rations.&nbsp;<\/p>\n<p>Ce pot d&rsquo;encens en charbon de bois sculpt\u00e9 en laiton est import\u00e9 directement d&rsquo;un producteur familial artisanal \u00e0 Moradabad, vous pouvez donc \u00eatre s\u00fbr que ces br\u00fbleurs d&rsquo;encens sont authentiques et \u00e0 des prix comp\u00e9titifs.&nbsp;<\/p>\n<p>Visitez notre page du d\u00e9partement des encens pour la meilleure gamme de b\u00e2tons d&rsquo;encens, de c\u00f4nes d&rsquo;encens et de porte-encens.<\/p>\n<p>&nbsp;<strong><span style=\"color: rgb(75, 80, 88);\">Achetez du charbon de bois <a href=\"https:\/\/aromasentia.com\/resin-22c\">ici<\/a>&nbsp;<\/span><\/strong><\/p>\n<p><strong><span style=\"color: rgb(226, 80, 65);\">AVERTISSEMENT :&nbsp;<\/span><\/strong>Tous les types de br\u00fbleurs d&rsquo;encens deviennent tr\u00e8s chauds lorsqu&rsquo;ils sont utilis\u00e9s, alors placez-les sur une surface plane, stable et r\u00e9sistante \u00e0 la chaleur et tenez-les \u00e0 l&rsquo;\u00e9cart de tout ce qui est inflammable.<\/p>\n","protected":false},"excerpt":{"rendered":"<p>Laissez l&rsquo;ar\u00f4me couler doucement avec ces br\u00fbleurs traditionnels en laiton. De l&rsquo;ancienne ville en laiton de Moradabad, en Inde, o\u00f9ces articles sont fabriqu\u00e9s et utilis\u00e9s depuis des g\u00e9n\u00e9rations.&nbsp; Ce pot d&rsquo;encens en charbon de bois sculpt\u00e9 en laiton est import\u00e9 directement d&rsquo;un producteur familial artisanal \u00e0 Moradabad, vous pouvez donc \u00eatre s\u00fbr que ces br\u00fbleurs [&hellip;]<\/p>\n","protected":false},"featured_media":399217,"comment_status":"closed","ping_status":"open","template":"","meta":{"_angie_page":false},"product_brand":[],"product_cat":[15147,15148],"product_tag":[],"class_list":{"0":"post-223320","1":"product","2":"type-product","3":"status-publish","4":"has-post-thumbnail","6":"product_cat-encens-et-porte-encens","7":"product_cat-porte-encens-et-encensoirs","8":"pa_collection-traditional-brass-incense-burners-fr","9":"pa_made-in-inde","11":"first","12":"outofstock","13":"purchasable","14":"product-type-simple"},"supplier_id":null,"supplier_sku":"BIB-14","barcode":null,"atum_controlled":true,"out_stock_date":"2025-09-04 21:38:45","out_stock_threshold":null,"inheritable":false,"inbound_stock":null,"stock_on_hold":0,"sold_today":0,"sales_last_days":0,"reserved_stock":null,"customer_returns":null,"warehouse_damage":null,"lost_in_post":null,"other_logs":null,"out_stock_days":34,"lost_sales":0,"has_location":null,"update_date":"2026-04-27T06:54:02","atum_locations":[],"atum_stock_status":"outofstock","restock_status":false,"low_stock_amount":"","sales_update_date":"2025-10-09T03:25:44","calc_backorders":null,"_links":{"self":[{"href":"https:\/\/aromasentia.com\/fr\/wp-json\/wp\/v2\/product\/223320","targetHints":{"allow":["GET"]}}],"collection":[{"href":"https:\/\/aromasentia.com\/fr\/wp-json\/wp\/v2\/product"}],"about":[{"href":"https:\/\/aromasentia.com\/fr\/wp-json\/wp\/v2\/types\/product"}],"replies":[{"embeddable":true,"href":"https:\/\/aromasentia.com\/fr\/wp-json\/wp\/v2\/comments?post=223320"}],"version-history":[{"count":0,"href":"https:\/\/aromasentia.com\/fr\/wp-json\/wp\/v2\/product\/223320\/revisions"}],"wp:featuredmedia":[{"embeddable":true,"href":"https:\/\/aromasentia.com\/fr\/wp-json\/wp\/v2\/media\/399217"}],"wp:attachment":[{"href":"https:\/\/aromasentia.com\/fr\/wp-json\/wp\/v2\/media?parent=223320"}],"wp:term":[{"taxonomy":"product_brand","embeddable":true,"href":"https:\/\/aromasentia.com\/fr\/wp-json\/wp\/v2\/product_brand?post=223320"},{"taxonomy":"product_cat","embeddable":true,"href":"https:\/\/aromasentia.com\/fr\/wp-json\/wp\/v2\/product_cat?post=223320"},{"taxonomy":"product_tag","embeddable":true,"href":"https:\/\/aromasentia.com\/fr\/wp-json\/wp\/v2\/product_tag?post=223320"}],"curies":[{"name":"wp","href":"https:\/\/api.w.org\/{rel}","templated":true}]}}