{"id":223292,"date":"2025-03-23T10:29:53","date_gmt":"2025-03-23T10:29:53","guid":{"rendered":"https:\/\/aromasentia.com\/product\/ornate-censer-incense-burner\/"},"modified":"2025-06-23T18:30:13","modified_gmt":"2025-06-23T18:30:13","slug":"encensoir-traditionnel-ornement","status":"publish","type":"product","link":"https:\/\/aromasentia.com\/fr\/encensoir-traditionnel-ornement\/","title":{"rendered":"Encensoir Traditionnel &#8211; Ornement"},"content":{"rendered":"<p>Ces encensoirs fleuris sont beaux et \u00e9l\u00e9gants , ils ont une conception de fleur grav\u00e9e et une poign\u00e9e amovible en bois, ils sont parfaits pour br\u00fbler toutes vos poudres pr\u00e9f\u00e9r\u00e9es , des r\u00e9sines ou des granul\u00e9s._x000D_<br \/>\n<br \/>_x000D_<br \/>\n\u00c9l\u00e9gamment con\u00e7us en qualit\u00e9 optimale de laiton et du bois,vos clients vont les adorer. Ils sont utilis\u00e9s pour bruler des b\u00e2tons d&rsquo;encens dans les maisons, les temples et autres lieux ._x000D_<br \/>\n<br \/>_x000D_<br \/>\nVisitez notre page des <b> <a href=\"https:\/\/www.aw-cadeaux.com\/encens\" target=\"_blank\" rel=\"noopener\">Encens \u00c9xotiques<\/a><\/b> pour d\u00e9couvrir les meilleures gammes des b\u00e2tons d&rsquo;encens , des c\u00f4nes d&rsquo;encens et des porte-encens ._x000D_<br \/>\n<br \/>_x000D_<br \/>\n<b><a href=\"https:\/\/www.aw-cadeaux.com\/aresin\" target=\"_blank\" rel=\"noopener\"> Achetez vos r\u00e9sines ICI<\/a><\/b>_x000D_<br \/>\n<br \/>_x000D_<br \/>\nHauteur : 8.5 cm_x000D_<br \/>\n<br \/>_x000D_<br \/>\nBase : 9 cm_x000D_<br \/>\n<br \/>_x000D_<br \/>\nProfondeur : 3.5 cm_x000D_<br \/>\n<br \/>_x000D_<br \/>\nPoign\u00e9e: 23 cm_x000D_<br \/>\n<br \/>_x000D_<br \/>\nAttention : Tous les types des encensoirs deviennent tr\u00e8s chauds pendant l&rsquo;utilisation , donc placer les sur une surface plate, stable , r\u00e9sistante \u00e0 la chaleur et \u00e9loigner les de tout objet inflammable.<\/p>\n","protected":false},"excerpt":{"rendered":"<p>Ces encensoirs fleuris sont beaux et \u00e9l\u00e9gants , ils ont une conception de fleur grav\u00e9e et une poign\u00e9e amovible en bois, ils sont parfaits pour br\u00fbler toutes vos poudres pr\u00e9f\u00e9r\u00e9es , des r\u00e9sines ou des granul\u00e9s._x000D_ _x000D_ \u00c9l\u00e9gamment con\u00e7us en qualit\u00e9 optimale de laiton et du bois,vos clients vont les adorer. Ils sont utilis\u00e9s pour [&hellip;]<\/p>\n","protected":false},"featured_media":398882,"comment_status":"closed","ping_status":"open","template":"","meta":{"_angie_page":false},"product_brand":[],"product_cat":[15147,15148],"product_tag":[],"class_list":{"0":"post-223292","1":"product","2":"type-product","3":"status-publish","4":"has-post-thumbnail","6":"product_cat-encens-et-porte-encens","7":"product_cat-porte-encens-et-encensoirs","8":"pa_collection-traditional-brass-incense-burners-fr","9":"pa_made-in-inde","11":"first","12":"outofstock","13":"purchasable","14":"product-type-simple"},"supplier_id":null,"supplier_sku":"BIB-05","barcode":null,"atum_controlled":true,"out_stock_date":"2025-09-04 21:38:23","out_stock_threshold":null,"inheritable":false,"inbound_stock":null,"stock_on_hold":0,"sold_today":0,"sales_last_days":0,"reserved_stock":null,"customer_returns":null,"warehouse_damage":null,"lost_in_post":null,"other_logs":null,"out_stock_days":34,"lost_sales":0,"has_location":null,"update_date":"2026-04-27T06:54:02","atum_locations":[],"atum_stock_status":"outofstock","restock_status":false,"low_stock_amount":"","sales_update_date":"2025-10-09T03:25:42","calc_backorders":null,"_links":{"self":[{"href":"https:\/\/aromasentia.com\/fr\/wp-json\/wp\/v2\/product\/223292","targetHints":{"allow":["GET"]}}],"collection":[{"href":"https:\/\/aromasentia.com\/fr\/wp-json\/wp\/v2\/product"}],"about":[{"href":"https:\/\/aromasentia.com\/fr\/wp-json\/wp\/v2\/types\/product"}],"replies":[{"embeddable":true,"href":"https:\/\/aromasentia.com\/fr\/wp-json\/wp\/v2\/comments?post=223292"}],"version-history":[{"count":0,"href":"https:\/\/aromasentia.com\/fr\/wp-json\/wp\/v2\/product\/223292\/revisions"}],"wp:featuredmedia":[{"embeddable":true,"href":"https:\/\/aromasentia.com\/fr\/wp-json\/wp\/v2\/media\/398882"}],"wp:attachment":[{"href":"https:\/\/aromasentia.com\/fr\/wp-json\/wp\/v2\/media?parent=223292"}],"wp:term":[{"taxonomy":"product_brand","embeddable":true,"href":"https:\/\/aromasentia.com\/fr\/wp-json\/wp\/v2\/product_brand?post=223292"},{"taxonomy":"product_cat","embeddable":true,"href":"https:\/\/aromasentia.com\/fr\/wp-json\/wp\/v2\/product_cat?post=223292"},{"taxonomy":"product_tag","embeddable":true,"href":"https:\/\/aromasentia.com\/fr\/wp-json\/wp\/v2\/product_tag?post=223292"}],"curies":[{"name":"wp","href":"https:\/\/api.w.org\/{rel}","templated":true}]}}