{"id":223280,"date":"2025-03-23T10:29:53","date_gmt":"2025-03-23T10:29:53","guid":{"rendered":"https:\/\/aromasentia.com\/product\/med-incense-burner\/"},"modified":"2025-06-23T18:30:03","modified_gmt":"2025-06-23T18:30:03","slug":"encensoir-traditionnel-moyen","status":"publish","type":"product","link":"https:\/\/aromasentia.com\/fr\/encensoir-traditionnel-moyen\/","title":{"rendered":"Encensoir Traditionnel &#8211; Moyen"},"content":{"rendered":"<p>Moyen encensoir en laiton poli , ce br\u00fbleur \u00e0 port\u00e9e de main est magnifique et ne prend pas beaucoup d&apos;espace . <strong>Il est utilisable avec des b\u00e2tonnets d&apos;encens seulement.<\/strong><\/p>\n<p>Visitez notre page des <strong><a href=\"https:\/\/www.aw-cadeaux.com\/encens\" target=\"_blank\" rel=\"noopener\">Encens \u00e9xotiques<\/a><\/strong> pour d\u00e9couvrir les meilleures gammes des b\u00e2tons d&apos;encens , des c\u00f4nes d&apos;encens et des porte-encens .<\/p>\n<p>Hauteur : 6.5 cm<\/p>\n<p>Base :6 cm<\/p>\n<p>Attention : Tous les types des encensoirs deviennent tr\u00e8s chauds pendant l&apos;utilisation , donc placer les sur une surface plate, stable , r\u00e9sistante \u00e0 la chaleur et \u00e9loigner les de tout objet inflammable.<\/p>\n","protected":false},"excerpt":{"rendered":"<p>Moyen encensoir en laiton poli , ce br\u00fbleur \u00e0 port\u00e9e de main est magnifique et ne prend pas beaucoup d&apos;espace . Il est utilisable avec des b\u00e2tonnets d&apos;encens seulement. Visitez notre page des Encens \u00e9xotiques pour d\u00e9couvrir les meilleures gammes des b\u00e2tons d&apos;encens , des c\u00f4nes d&apos;encens et des porte-encens . Hauteur : 6.5 cm [&hellip;]<\/p>\n","protected":false},"featured_media":398735,"comment_status":"closed","ping_status":"open","template":"","meta":{"_angie_page":false},"product_brand":[],"product_cat":[15147,15148],"product_tag":[],"class_list":{"0":"post-223280","1":"product","2":"type-product","3":"status-publish","4":"has-post-thumbnail","6":"product_cat-encens-et-porte-encens","7":"product_cat-porte-encens-et-encensoirs","8":"pa_collection-traditional-brass-incense-burners-fr","9":"pa_made-in-inde","11":"first","12":"outofstock","13":"purchasable","14":"product-type-simple"},"supplier_id":null,"supplier_sku":"BIB-02","barcode":null,"atum_controlled":true,"out_stock_date":"2025-09-04 21:38:16","out_stock_threshold":null,"inheritable":false,"inbound_stock":null,"stock_on_hold":0,"sold_today":0,"sales_last_days":0,"reserved_stock":null,"customer_returns":null,"warehouse_damage":null,"lost_in_post":null,"other_logs":null,"out_stock_days":34,"lost_sales":0,"has_location":null,"update_date":"2026-04-29T06:53:35","atum_locations":[],"atum_stock_status":"outofstock","restock_status":false,"low_stock_amount":"","sales_update_date":"2025-10-09T03:25:41","calc_backorders":null,"_links":{"self":[{"href":"https:\/\/aromasentia.com\/fr\/wp-json\/wp\/v2\/product\/223280","targetHints":{"allow":["GET"]}}],"collection":[{"href":"https:\/\/aromasentia.com\/fr\/wp-json\/wp\/v2\/product"}],"about":[{"href":"https:\/\/aromasentia.com\/fr\/wp-json\/wp\/v2\/types\/product"}],"replies":[{"embeddable":true,"href":"https:\/\/aromasentia.com\/fr\/wp-json\/wp\/v2\/comments?post=223280"}],"version-history":[{"count":0,"href":"https:\/\/aromasentia.com\/fr\/wp-json\/wp\/v2\/product\/223280\/revisions"}],"wp:featuredmedia":[{"embeddable":true,"href":"https:\/\/aromasentia.com\/fr\/wp-json\/wp\/v2\/media\/398735"}],"wp:attachment":[{"href":"https:\/\/aromasentia.com\/fr\/wp-json\/wp\/v2\/media?parent=223280"}],"wp:term":[{"taxonomy":"product_brand","embeddable":true,"href":"https:\/\/aromasentia.com\/fr\/wp-json\/wp\/v2\/product_brand?post=223280"},{"taxonomy":"product_cat","embeddable":true,"href":"https:\/\/aromasentia.com\/fr\/wp-json\/wp\/v2\/product_cat?post=223280"},{"taxonomy":"product_tag","embeddable":true,"href":"https:\/\/aromasentia.com\/fr\/wp-json\/wp\/v2\/product_tag?post=223280"}],"curies":[{"name":"wp","href":"https:\/\/api.w.org\/{rel}","templated":true}]}}