{"id":223216,"date":"2025-03-23T10:30:00","date_gmt":"2025-03-23T10:30:00","guid":{"rendered":"https:\/\/aromasentia.com\/product\/wooden-carved-incense-burners-lrg-yoga-cat\/"},"modified":"2025-12-30T19:05:58","modified_gmt":"2025-12-30T19:05:58","slug":"bruleurs-a-encens-en-bois-chat-yoga-large","status":"publish","type":"product","link":"https:\/\/aromasentia.com\/fr\/bruleurs-a-encens-en-bois-chat-yoga-large\/","title":{"rendered":"Br\u00fbleurs \u00e0 encens en Bois Chat Yoga &#8211; Large"},"content":{"rendered":"<p>Jetez un coup d&rsquo;\u0153il \u00e0 nos nouveaux <strong>br\u00fbleurs \u00e0 encens en gros<\/strong> uniques et magnifiques. Ils feront un excellent cadeau pour tous les amateurs de chats et \/ ou de yoga.<\/p>\n<p>Ces br\u00fbleurs \u00e0 encens en bois sont sculpt\u00e9s \u00e0 la main par des artisans indon\u00e9siens \u00e0 partir de bois de Suar. Bien que sculpt\u00e9s dans une posture similaire, chaque br\u00fbleur en bois est unique et diff\u00e9rent des autres.<\/p>\n<p><strong>N<\/strong><strong>ous recommandons de les utiliser avec nos porte-c\u00f4nes d&rsquo;encens<\/strong> en bois. Il suffit de placer le c\u00f4ne sur le disque en bois, d&rsquo;allumer la pointe du c\u00f4ne avec une allumette ou un briquet et placer le br\u00fbleur en forme de chat au-dessus. La fum\u00e9e sortira par les pattes avant du chat.<\/p>\n<p><strong><span style=\"color: rgb(75, 80, 88);\">Attention : Le support en bois n&rsquo;est pas fourni.<\/span><\/strong><\/p>\n","protected":false},"excerpt":{"rendered":"<p>Jetez un coup d&rsquo;\u0153il \u00e0 nos nouveaux br\u00fbleurs \u00e0 encens en gros uniques et magnifiques. Ils feront un excellent cadeau pour tous les amateurs de chats et \/ ou de yoga. Ces br\u00fbleurs \u00e0 encens en bois sont sculpt\u00e9s \u00e0 la main par des artisans indon\u00e9siens \u00e0 partir de bois de Suar. Bien que sculpt\u00e9s [&hellip;]<\/p>\n","protected":false},"featured_media":400371,"comment_status":"closed","ping_status":"open","template":"","meta":{"_angie_page":false},"product_brand":[],"product_cat":[15147,15148,15164],"product_tag":[],"class_list":{"0":"post-223216","1":"product","2":"type-product","3":"status-publish","4":"has-post-thumbnail","6":"product_cat-encens-et-porte-encens","7":"product_cat-porte-encens-et-encensoirs","8":"product_cat-porte-encens-pour-cones","9":"pa_collection-wooden-carved-incense-burners-fr","10":"pa_made-in-indonesie","12":"first","13":"instock","14":"purchasable","15":"product-type-simple"},"supplier_id":null,"supplier_sku":"CWIB-04","barcode":null,"atum_controlled":true,"out_stock_date":null,"out_stock_threshold":null,"inheritable":false,"inbound_stock":null,"stock_on_hold":0,"sold_today":0,"sales_last_days":0,"reserved_stock":null,"customer_returns":null,"warehouse_damage":null,"lost_in_post":null,"other_logs":null,"out_stock_days":0,"lost_sales":0,"has_location":null,"update_date":"2026-05-08T00:12:29","atum_locations":[],"atum_stock_status":"instock","restock_status":false,"low_stock_amount":"","sales_update_date":"2026-02-06T00:02:01","calc_backorders":null,"_links":{"self":[{"href":"https:\/\/aromasentia.com\/fr\/wp-json\/wp\/v2\/product\/223216","targetHints":{"allow":["GET"]}}],"collection":[{"href":"https:\/\/aromasentia.com\/fr\/wp-json\/wp\/v2\/product"}],"about":[{"href":"https:\/\/aromasentia.com\/fr\/wp-json\/wp\/v2\/types\/product"}],"replies":[{"embeddable":true,"href":"https:\/\/aromasentia.com\/fr\/wp-json\/wp\/v2\/comments?post=223216"}],"version-history":[{"count":0,"href":"https:\/\/aromasentia.com\/fr\/wp-json\/wp\/v2\/product\/223216\/revisions"}],"wp:featuredmedia":[{"embeddable":true,"href":"https:\/\/aromasentia.com\/fr\/wp-json\/wp\/v2\/media\/400371"}],"wp:attachment":[{"href":"https:\/\/aromasentia.com\/fr\/wp-json\/wp\/v2\/media?parent=223216"}],"wp:term":[{"taxonomy":"product_brand","embeddable":true,"href":"https:\/\/aromasentia.com\/fr\/wp-json\/wp\/v2\/product_brand?post=223216"},{"taxonomy":"product_cat","embeddable":true,"href":"https:\/\/aromasentia.com\/fr\/wp-json\/wp\/v2\/product_cat?post=223216"},{"taxonomy":"product_tag","embeddable":true,"href":"https:\/\/aromasentia.com\/fr\/wp-json\/wp\/v2\/product_tag?post=223216"}],"curies":[{"name":"wp","href":"https:\/\/api.w.org\/{rel}","templated":true}]}}