{"id":223196,"date":"2025-03-23T10:30:00","date_gmt":"2025-03-23T10:30:00","guid":{"rendered":"https:\/\/aromasentia.com\/product\/lrg-cast-iron-cauldron-with-triple-moon-12x15cm\/"},"modified":"2025-06-23T18:29:50","modified_gmt":"2025-06-23T18:29:50","slug":"grand-chaudron-en-fonte-avec-triple-lune-12x15cm","status":"publish","type":"product","link":"https:\/\/aromasentia.com\/fr\/grand-chaudron-en-fonte-avec-triple-lune-12x15cm\/","title":{"rendered":"Grand Chaudron en Fonte avec Triple Lune 12x15cm"},"content":{"rendered":"<p>Invoquez la puissance de la<strong>&nbsp;Triple Lune avec ce Grand Chaudron en Fonte (12&#215;15 cm). <\/strong><\/p>\n<p>Repr\u00e9sentant la Jeune Fille, la M\u00e8re et la Vieille Femme, ce chaudron est un symbole de la D\u00e9esse et des cycles lunaires, en faisant un outil profond\u00e9ment significatif pour les sorci\u00e8res et les praticiens spirituels.&nbsp;<\/p>\n<p>Parfait pour les fumigations, la divination ou les offrandes rituelles, la conception durable de ce chaudron en fonte garantit qu&rsquo;il sera une pi\u00e8ce pr\u00e9cieuse sur votre autel pendant de nombreuses ann\u00e9es.&nbsp;<\/p>\n<p>Un outil essentiel pour se connecter aux \u00e9nergies lunaires et f\u00e9minines.&nbsp;<\/p>\n<p><strong>Veuillez noter :<\/strong> Il peut devenir tr\u00e8s chaud lorsqu&rsquo;il contient des encens ou des substances inflammables.&nbsp;<\/p>\n<p>Utilisez toujours une surface r\u00e9sistante \u00e0 la chaleur et manipulez avec pr\u00e9caution.&nbsp;<\/p>\n<p>Dimensions : 12 x 15 cm.<\/p>\n","protected":false},"excerpt":{"rendered":"<p>Invoquez la puissance de la&nbsp;Triple Lune avec ce Grand Chaudron en Fonte (12&#215;15 cm). Repr\u00e9sentant la Jeune Fille, la M\u00e8re et la Vieille Femme, ce chaudron est un symbole de la D\u00e9esse et des cycles lunaires, en faisant un outil profond\u00e9ment significatif pour les sorci\u00e8res et les praticiens spirituels.&nbsp; Parfait pour les fumigations, la divination [&hellip;]<\/p>\n","protected":false},"featured_media":400326,"comment_status":"closed","ping_status":"open","template":"","meta":[],"product_brand":[],"product_cat":[15147,15148],"product_tag":[],"class_list":{"0":"post-223196","1":"product","2":"type-product","3":"status-publish","4":"has-post-thumbnail","6":"product_cat-encens-et-porte-encens","7":"product_cat-porte-encens-et-encensoirs","8":"pa_collection-ritual-bowls-and-cauldrons-fr","9":"pa_made-in-inde","11":"first","12":"outofstock","13":"purchasable","14":"product-type-simple"},"supplier_id":null,"supplier_sku":"CIC-13","barcode":null,"atum_controlled":true,"out_stock_date":"2026-01-25 15:06:41","out_stock_threshold":null,"inheritable":false,"inbound_stock":null,"stock_on_hold":0,"sold_today":0,"sales_last_days":0,"reserved_stock":null,"customer_returns":null,"warehouse_damage":null,"lost_in_post":null,"other_logs":null,"out_stock_days":11,"lost_sales":0,"has_location":null,"update_date":"2026-02-06T00:02:15","atum_locations":[],"atum_stock_status":"outofstock","restock_status":false,"low_stock_amount":"","sales_update_date":"2026-02-06T00:02:15","calc_backorders":null,"_links":{"self":[{"href":"https:\/\/aromasentia.com\/fr\/wp-json\/wp\/v2\/product\/223196","targetHints":{"allow":["GET"]}}],"collection":[{"href":"https:\/\/aromasentia.com\/fr\/wp-json\/wp\/v2\/product"}],"about":[{"href":"https:\/\/aromasentia.com\/fr\/wp-json\/wp\/v2\/types\/product"}],"replies":[{"embeddable":true,"href":"https:\/\/aromasentia.com\/fr\/wp-json\/wp\/v2\/comments?post=223196"}],"version-history":[{"count":0,"href":"https:\/\/aromasentia.com\/fr\/wp-json\/wp\/v2\/product\/223196\/revisions"}],"wp:featuredmedia":[{"embeddable":true,"href":"https:\/\/aromasentia.com\/fr\/wp-json\/wp\/v2\/media\/400326"}],"wp:attachment":[{"href":"https:\/\/aromasentia.com\/fr\/wp-json\/wp\/v2\/media?parent=223196"}],"wp:term":[{"taxonomy":"product_brand","embeddable":true,"href":"https:\/\/aromasentia.com\/fr\/wp-json\/wp\/v2\/product_brand?post=223196"},{"taxonomy":"product_cat","embeddable":true,"href":"https:\/\/aromasentia.com\/fr\/wp-json\/wp\/v2\/product_cat?post=223196"},{"taxonomy":"product_tag","embeddable":true,"href":"https:\/\/aromasentia.com\/fr\/wp-json\/wp\/v2\/product_tag?post=223196"}],"curies":[{"name":"wp","href":"https:\/\/api.w.org\/{rel}","templated":true}]}}