{"id":223140,"date":"2025-03-23T10:30:00","date_gmt":"2025-03-23T10:30:00","guid":{"rendered":"https:\/\/aromasentia.com\/product\/brass-resin-incense-warmer-fixed\/"},"modified":"2025-06-23T18:29:44","modified_gmt":"2025-06-23T18:29:44","slug":"chauffe-encens-en-laiton-fixe","status":"publish","type":"product","link":"https:\/\/aromasentia.com\/fr\/chauffe-encens-en-laiton-fixe\/","title":{"rendered":"Chauffe-Encens en Laiton &#8211; Fixe"},"content":{"rendered":"<p>Simple, intemporel et \u00e9l\u00e9gant, ce<strong>&nbsp;chauffe-encens en laiton<\/strong> est le choix id\u00e9al pour ceux qui appr\u00e9cient une beaut\u00e9 sans effort.&nbsp;<\/p>\n<p>Avec son design fixe, il diffuse une chaleur constante, lib\u00e9rant doucement les ar\u00f4mes naturels des r\u00e9sines et herbes sans l&rsquo;intensit\u00e9 de la fum\u00e9e.&nbsp;<\/p>\n<p>Le fini en laiton apporte une touche de luxe traditionnel, tandis que son artisanat d\u00e9taill\u00e9 en fait une pi\u00e8ce qui se d\u00e9marque dans n&rsquo;importe quel d\u00e9cor.&nbsp;<\/p>\n<p>Un parfait \u00e9quilibre entre style et simplicit\u00e9.&nbsp;<\/p>\n<p><strong>Dimensions :<\/strong> 11 x 6,8 cm&nbsp;<\/p>\n<p><strong><em>Attention :<\/em><\/strong><em>&nbsp;Ce produit devient chaud lors de l\u2019utilisation. Placez-le sur une surface r\u00e9sistante \u00e0 la chaleur et manipulez-le avec pr\u00e9caution. Gardez-le hors de port\u00e9e des enfants et des animaux, et \u00e9vitez de toucher les parties m\u00e9talliques pendant ou apr\u00e8s utilisation.<\/em><\/p>\n","protected":false},"excerpt":{"rendered":"<p>Simple, intemporel et \u00e9l\u00e9gant, ce&nbsp;chauffe-encens en laiton est le choix id\u00e9al pour ceux qui appr\u00e9cient une beaut\u00e9 sans effort.&nbsp; Avec son design fixe, il diffuse une chaleur constante, lib\u00e9rant doucement les ar\u00f4mes naturels des r\u00e9sines et herbes sans l&rsquo;intensit\u00e9 de la fum\u00e9e.&nbsp; Le fini en laiton apporte une touche de luxe traditionnel, tandis que son [&hellip;]<\/p>\n","protected":false},"featured_media":399880,"comment_status":"closed","ping_status":"open","template":"","meta":{"_angie_page":false},"product_brand":[],"product_cat":[15147,15148,15228],"product_tag":[],"class_list":{"0":"post-223140","1":"product","2":"type-product","3":"status-publish","4":"has-post-thumbnail","6":"product_cat-encens-et-porte-encens","7":"product_cat-porte-encens-et-encensoirs","8":"product_cat-resine-d-encens","9":"pa_collection-brass-resin-incense-warmers-fr","10":"pa_made-in-inde","12":"first","13":"instock","14":"purchasable","15":"product-type-simple"},"supplier_id":null,"supplier_sku":"BRIW-03","barcode":null,"atum_controlled":true,"out_stock_date":null,"out_stock_threshold":null,"inheritable":false,"inbound_stock":null,"stock_on_hold":0,"sold_today":0,"sales_last_days":0,"reserved_stock":null,"customer_returns":null,"warehouse_damage":null,"lost_in_post":null,"other_logs":null,"out_stock_days":0,"lost_sales":0,"has_location":null,"update_date":"2026-04-27T06:55:47","atum_locations":[],"atum_stock_status":"instock","restock_status":false,"low_stock_amount":"","sales_update_date":"2025-10-09T03:26:57","calc_backorders":null,"_links":{"self":[{"href":"https:\/\/aromasentia.com\/fr\/wp-json\/wp\/v2\/product\/223140","targetHints":{"allow":["GET"]}}],"collection":[{"href":"https:\/\/aromasentia.com\/fr\/wp-json\/wp\/v2\/product"}],"about":[{"href":"https:\/\/aromasentia.com\/fr\/wp-json\/wp\/v2\/types\/product"}],"replies":[{"embeddable":true,"href":"https:\/\/aromasentia.com\/fr\/wp-json\/wp\/v2\/comments?post=223140"}],"version-history":[{"count":0,"href":"https:\/\/aromasentia.com\/fr\/wp-json\/wp\/v2\/product\/223140\/revisions"}],"wp:featuredmedia":[{"embeddable":true,"href":"https:\/\/aromasentia.com\/fr\/wp-json\/wp\/v2\/media\/399880"}],"wp:attachment":[{"href":"https:\/\/aromasentia.com\/fr\/wp-json\/wp\/v2\/media?parent=223140"}],"wp:term":[{"taxonomy":"product_brand","embeddable":true,"href":"https:\/\/aromasentia.com\/fr\/wp-json\/wp\/v2\/product_brand?post=223140"},{"taxonomy":"product_cat","embeddable":true,"href":"https:\/\/aromasentia.com\/fr\/wp-json\/wp\/v2\/product_cat?post=223140"},{"taxonomy":"product_tag","embeddable":true,"href":"https:\/\/aromasentia.com\/fr\/wp-json\/wp\/v2\/product_tag?post=223140"}],"curies":[{"name":"wp","href":"https:\/\/api.w.org\/{rel}","templated":true}]}}