{"id":223096,"date":"2025-03-23T10:30:00","date_gmt":"2025-03-23T10:30:00","guid":{"rendered":"https:\/\/aromasentia.com\/product\/bulk-incense-patchouli\/"},"modified":"2025-12-30T19:05:51","modified_gmt":"2025-12-30T19:05:51","slug":"batonnets-dencens-patchouli","status":"publish","type":"product","link":"https:\/\/aromasentia.com\/fr\/batonnets-dencens-patchouli\/","title":{"rendered":"B\u00e2tonnets d&rsquo;encens &#8211; Patchouli"},"content":{"rendered":"<p><strong><span style=\"color: rgb(40, 50, 78);\">Encens Patchouli&nbsp;<\/span><\/strong>en vrac en gros, paquets massifs de b\u00e2tons d&rsquo;encens de haute qualit\u00e9, id\u00e9aux pour un certain nombre d&rsquo;applications. Comme le reconditionnement, cr\u00e9ez votre propre marque d&rsquo;encens.&nbsp;<\/p>\n<p>Ce sont des b\u00e2tons de 9 pouces tr\u00e8s parfum\u00e9s et color\u00e9s individuellement. Une large gamme de parfums.&nbsp;<\/p>\n<p>Chaque paquet contient 500 g, soit environ 450 b\u00e2tonnets de 25 cm de long.&nbsp;<\/p>\n<p><strong><span style=\"color: rgb(141, 186, 216);\">Commandez-en d\u00e8s aujourd&rsquo;hui pour obtenir ces encens de qualit\u00e9s dans votre magasin.<\/span><\/strong><\/p>\n","protected":false},"excerpt":{"rendered":"<p>Encens Patchouli&nbsp;en vrac en gros, paquets massifs de b\u00e2tons d&rsquo;encens de haute qualit\u00e9, id\u00e9aux pour un certain nombre d&rsquo;applications. Comme le reconditionnement, cr\u00e9ez votre propre marque d&rsquo;encens.&nbsp; Ce sont des b\u00e2tons de 9 pouces tr\u00e8s parfum\u00e9s et color\u00e9s individuellement. Une large gamme de parfums.&nbsp; Chaque paquet contient 500 g, soit environ 450 b\u00e2tonnets de 25 [&hellip;]<\/p>\n","protected":false},"featured_media":399733,"comment_status":"closed","ping_status":"open","template":"","meta":{"_angie_page":false},"product_brand":[],"product_cat":[15193,15147,26333,25842,26825],"product_tag":[],"class_list":{"0":"post-223096","1":"product","2":"type-product","3":"status-publish","4":"has-post-thumbnail","6":"product_cat-batonnets-d-encens","7":"product_cat-encens-et-porte-encens","8":"product_cat-patchouli","9":"product_cat-senteurs-aromes","10":"product_cat-terreux-vert","11":"pa_collection-indian-bulk-incense-approx-450-sticks-fr","12":"pa_made-in-inde","14":"first","15":"outofstock","16":"purchasable","17":"product-type-simple"},"supplier_id":null,"supplier_sku":"BincS-16","barcode":null,"atum_controlled":true,"out_stock_date":"2026-04-25 16:31:49","out_stock_threshold":null,"inheritable":false,"inbound_stock":null,"stock_on_hold":0,"sold_today":0,"sales_last_days":0,"reserved_stock":null,"customer_returns":null,"warehouse_damage":null,"lost_in_post":null,"other_logs":null,"out_stock_days":0,"lost_sales":0,"has_location":null,"update_date":"2026-04-30T13:08:37","atum_locations":[],"atum_stock_status":"outofstock","restock_status":false,"low_stock_amount":"","sales_update_date":"2025-10-09T03:26:28","calc_backorders":null,"_links":{"self":[{"href":"https:\/\/aromasentia.com\/fr\/wp-json\/wp\/v2\/product\/223096","targetHints":{"allow":["GET"]}}],"collection":[{"href":"https:\/\/aromasentia.com\/fr\/wp-json\/wp\/v2\/product"}],"about":[{"href":"https:\/\/aromasentia.com\/fr\/wp-json\/wp\/v2\/types\/product"}],"replies":[{"embeddable":true,"href":"https:\/\/aromasentia.com\/fr\/wp-json\/wp\/v2\/comments?post=223096"}],"version-history":[{"count":0,"href":"https:\/\/aromasentia.com\/fr\/wp-json\/wp\/v2\/product\/223096\/revisions"}],"wp:featuredmedia":[{"embeddable":true,"href":"https:\/\/aromasentia.com\/fr\/wp-json\/wp\/v2\/media\/399733"}],"wp:attachment":[{"href":"https:\/\/aromasentia.com\/fr\/wp-json\/wp\/v2\/media?parent=223096"}],"wp:term":[{"taxonomy":"product_brand","embeddable":true,"href":"https:\/\/aromasentia.com\/fr\/wp-json\/wp\/v2\/product_brand?post=223096"},{"taxonomy":"product_cat","embeddable":true,"href":"https:\/\/aromasentia.com\/fr\/wp-json\/wp\/v2\/product_cat?post=223096"},{"taxonomy":"product_tag","embeddable":true,"href":"https:\/\/aromasentia.com\/fr\/wp-json\/wp\/v2\/product_tag?post=223096"}],"curies":[{"name":"wp","href":"https:\/\/api.w.org\/{rel}","templated":true}]}}