{"id":223072,"date":"2025-03-23T10:30:00","date_gmt":"2025-03-23T10:30:00","guid":{"rendered":"https:\/\/aromasentia.com\/product\/bulk-incense-vertiver-gold\/"},"modified":"2025-12-30T19:05:51","modified_gmt":"2025-12-30T19:05:51","slug":"batonnets-dencens-vetiver-or","status":"publish","type":"product","link":"https:\/\/aromasentia.com\/fr\/batonnets-dencens-vetiver-or\/","title":{"rendered":"B\u00e2tonnets d&rsquo;encens &#8211; V\u00e9tiver Or"},"content":{"rendered":"<p><strong><span style=\"color: rgb(124, 112, 107);\">Encens en gros Vetiver Or<\/span><\/strong> en vrac, paquets massifs de b\u00e2tonnets d&rsquo;encens de haute qualit\u00e9, id\u00e9aux pour un certain nombre d&rsquo;applications. Comme le reconditionnement, la cr\u00e9ation de votre propre marque d&rsquo;encens.&nbsp;<\/p>\n<p>Il s&rsquo;agit de b\u00e2tonnets de 9 pouces tr\u00e8s parfum\u00e9s et color\u00e9s individuellement. Une large gamme de parfums. &nbsp;<\/p>\n<p>Chaque paquet contient 500g, soit environ 450 b\u00e2tonnets de 25cm de long.&nbsp;<\/p>\n<p><strong><span style=\"color: rgb(141, 186, 216);\">Commandez-en d\u00e8s aujourd&rsquo;hui pour avoir ces encens de qualit\u00e9 dans votre magasin.<\/span><\/strong><\/p>\n","protected":false},"excerpt":{"rendered":"<p>Encens en gros Vetiver Or en vrac, paquets massifs de b\u00e2tonnets d&rsquo;encens de haute qualit\u00e9, id\u00e9aux pour un certain nombre d&rsquo;applications. Comme le reconditionnement, la cr\u00e9ation de votre propre marque d&rsquo;encens.&nbsp; Il s&rsquo;agit de b\u00e2tonnets de 9 pouces tr\u00e8s parfum\u00e9s et color\u00e9s individuellement. Une large gamme de parfums. &nbsp; Chaque paquet contient 500g, soit environ [&hellip;]<\/p>\n","protected":false},"featured_media":399679,"comment_status":"closed","ping_status":"open","template":"","meta":{"_angie_page":false},"product_brand":[],"product_cat":[15193,15147],"product_tag":[],"class_list":{"0":"post-223072","1":"product","2":"type-product","3":"status-publish","4":"has-post-thumbnail","6":"product_cat-batonnets-d-encens","7":"product_cat-encens-et-porte-encens","8":"pa_collection-indian-bulk-incense-approx-450-sticks-fr","9":"pa_made-in-inde","11":"first","12":"instock","13":"purchasable","14":"product-type-simple"},"supplier_id":null,"supplier_sku":"BincS-10","barcode":null,"atum_controlled":true,"out_stock_date":null,"out_stock_threshold":null,"inheritable":false,"inbound_stock":null,"stock_on_hold":0,"sold_today":0,"sales_last_days":0,"reserved_stock":null,"customer_returns":null,"warehouse_damage":null,"lost_in_post":null,"other_logs":null,"out_stock_days":0,"lost_sales":0,"has_location":null,"update_date":"2026-04-29T13:02:36","atum_locations":[],"atum_stock_status":"instock","restock_status":false,"low_stock_amount":"","sales_update_date":"2026-02-06T00:00:45","calc_backorders":null,"_links":{"self":[{"href":"https:\/\/aromasentia.com\/fr\/wp-json\/wp\/v2\/product\/223072","targetHints":{"allow":["GET"]}}],"collection":[{"href":"https:\/\/aromasentia.com\/fr\/wp-json\/wp\/v2\/product"}],"about":[{"href":"https:\/\/aromasentia.com\/fr\/wp-json\/wp\/v2\/types\/product"}],"replies":[{"embeddable":true,"href":"https:\/\/aromasentia.com\/fr\/wp-json\/wp\/v2\/comments?post=223072"}],"version-history":[{"count":0,"href":"https:\/\/aromasentia.com\/fr\/wp-json\/wp\/v2\/product\/223072\/revisions"}],"wp:featuredmedia":[{"embeddable":true,"href":"https:\/\/aromasentia.com\/fr\/wp-json\/wp\/v2\/media\/399679"}],"wp:attachment":[{"href":"https:\/\/aromasentia.com\/fr\/wp-json\/wp\/v2\/media?parent=223072"}],"wp:term":[{"taxonomy":"product_brand","embeddable":true,"href":"https:\/\/aromasentia.com\/fr\/wp-json\/wp\/v2\/product_brand?post=223072"},{"taxonomy":"product_cat","embeddable":true,"href":"https:\/\/aromasentia.com\/fr\/wp-json\/wp\/v2\/product_cat?post=223072"},{"taxonomy":"product_tag","embeddable":true,"href":"https:\/\/aromasentia.com\/fr\/wp-json\/wp\/v2\/product_tag?post=223072"}],"curies":[{"name":"wp","href":"https:\/\/api.w.org\/{rel}","templated":true}]}}