{"id":223044,"date":"2025-03-23T10:30:00","date_gmt":"2025-03-23T10:30:00","guid":{"rendered":"https:\/\/aromasentia.com\/product\/bulk-incense-citronella\/"},"modified":"2025-12-30T19:05:44","modified_gmt":"2025-12-30T19:05:44","slug":"batonnets-dencens-citronnelle","status":"publish","type":"product","link":"https:\/\/aromasentia.com\/fr\/batonnets-dencens-citronnelle\/","title":{"rendered":"B\u00e2tonnets d&rsquo;encens &#8211; Citronnelle"},"content":{"rendered":"<h1>(environ 450 b\u00e2tonnets)<\/h1>\n<p>Nouvelle gamme grossiste de b\u00e2tonnets d\u2019encens.<\/p>\n<p>Gros paquets de b\u00e2tonnets d&apos;encens de haute qualit\u00e9 id\u00e9aux pour de nombreuses applications.<\/p>\n<p>Id\u00e9aux pour la vente en vrac m\u00e9lang\u00e9e ou r\u00e9-emballez les et ajoutez une touche personnelle. &nbsp;Ces b\u00e2tonnets de 25cms environ sont tr\u00e8s parfum\u00e9s et color\u00e9s. Large gamme de parfums disponible.&nbsp;<\/p>\n<p>Vendez les par unit\u00e9, par paquet ou par exemple en lot dans des sachets en organza.<\/p>\n<p>Chaque paquet p\u00e8se 500 grammes et contient environ 450 &nbsp;b\u00e2tonnets de 25 cm<\/p>\n","protected":false},"excerpt":{"rendered":"<p>(environ 450 b\u00e2tonnets) Nouvelle gamme grossiste de b\u00e2tonnets d\u2019encens. Gros paquets de b\u00e2tonnets d&apos;encens de haute qualit\u00e9 id\u00e9aux pour de nombreuses applications. Id\u00e9aux pour la vente en vrac m\u00e9lang\u00e9e ou r\u00e9-emballez les et ajoutez une touche personnelle. &nbsp;Ces b\u00e2tonnets de 25cms environ sont tr\u00e8s parfum\u00e9s et color\u00e9s. Large gamme de parfums disponible.&nbsp; Vendez les par [&hellip;]<\/p>\n","protected":false},"featured_media":399616,"comment_status":"closed","ping_status":"open","template":"","meta":{"_angie_page":false},"product_brand":[],"product_cat":[15193,26140,15147,26818,25842],"product_tag":[],"class_list":{"0":"post-223044","1":"product","2":"type-product","3":"status-publish","4":"has-post-thumbnail","6":"product_cat-batonnets-d-encens","7":"product_cat-citronnelle","8":"product_cat-encens-et-porte-encens","9":"product_cat-hesperide-agrumes","10":"product_cat-senteurs-aromes","11":"pa_collection-indian-bulk-incense-approx-450-sticks-fr","12":"pa_made-in-inde","14":"first","15":"instock","16":"purchasable","17":"product-type-simple"},"supplier_id":null,"supplier_sku":"BincS-03","barcode":null,"atum_controlled":true,"out_stock_date":null,"out_stock_threshold":null,"inheritable":false,"inbound_stock":null,"stock_on_hold":0,"sold_today":0,"sales_last_days":0,"reserved_stock":null,"customer_returns":null,"warehouse_damage":null,"lost_in_post":null,"other_logs":null,"out_stock_days":0,"lost_sales":0,"has_location":null,"update_date":"2026-04-27T06:55:00","atum_locations":[],"atum_stock_status":"instock","restock_status":false,"low_stock_amount":"","sales_update_date":"2026-02-06T00:02:12","calc_backorders":null,"_links":{"self":[{"href":"https:\/\/aromasentia.com\/fr\/wp-json\/wp\/v2\/product\/223044","targetHints":{"allow":["GET"]}}],"collection":[{"href":"https:\/\/aromasentia.com\/fr\/wp-json\/wp\/v2\/product"}],"about":[{"href":"https:\/\/aromasentia.com\/fr\/wp-json\/wp\/v2\/types\/product"}],"replies":[{"embeddable":true,"href":"https:\/\/aromasentia.com\/fr\/wp-json\/wp\/v2\/comments?post=223044"}],"version-history":[{"count":0,"href":"https:\/\/aromasentia.com\/fr\/wp-json\/wp\/v2\/product\/223044\/revisions"}],"wp:featuredmedia":[{"embeddable":true,"href":"https:\/\/aromasentia.com\/fr\/wp-json\/wp\/v2\/media\/399616"}],"wp:attachment":[{"href":"https:\/\/aromasentia.com\/fr\/wp-json\/wp\/v2\/media?parent=223044"}],"wp:term":[{"taxonomy":"product_brand","embeddable":true,"href":"https:\/\/aromasentia.com\/fr\/wp-json\/wp\/v2\/product_brand?post=223044"},{"taxonomy":"product_cat","embeddable":true,"href":"https:\/\/aromasentia.com\/fr\/wp-json\/wp\/v2\/product_cat?post=223044"},{"taxonomy":"product_tag","embeddable":true,"href":"https:\/\/aromasentia.com\/fr\/wp-json\/wp\/v2\/product_tag?post=223044"}],"curies":[{"name":"wp","href":"https:\/\/api.w.org\/{rel}","templated":true}]}}