{"id":223024,"date":"2025-03-23T10:30:09","date_gmt":"2025-03-23T10:30:09","guid":{"rendered":"https:\/\/aromasentia.com\/product\/fresh-rose-dhoop-cones\/"},"modified":"2025-12-30T19:05:44","modified_gmt":"2025-12-30T19:05:44","slug":"encens-exotiques-rose-fraiche-dhoop-cones","status":"publish","type":"product","link":"https:\/\/aromasentia.com\/fr\/encens-exotiques-rose-fraiche-dhoop-cones\/","title":{"rendered":"Encens exotiques Rose fraiche Dhoop C\u00f4nes"},"content":{"rendered":"<p>Ces <strong><span style=\"color: rgb(75, 80, 88);\">C\u00f4nes d&rsquo;encens Rose Fra\u00eeche- Nag Champa<\/span><\/strong>, merveilleusement parfum\u00e9, sera \u00e0 coup s\u00fbr un excellent vendeur. Le Nag Champa est probablement l&rsquo;encens le plus vendu sur la plan\u00e8te !&nbsp;<\/p>\n<p>Tout le monde devrait l&rsquo;avoir en stock comme article essentiel. Le paquet bleu original, rendu c\u00e9l\u00e8bre par le patronage de Satya Sai Baba, n&rsquo;est plus qu&rsquo;un des nombreux encens et autres produits parfum\u00e9s fabriqu\u00e9s avec cette fragrance distinctive.&nbsp;<\/p>\n<p>Il suffit d&rsquo;allumer l&rsquo;un de ces jolis c\u00f4nes Dhoop pour qu&rsquo;il remplisse la pi\u00e8ce et d\u00e9gage un magnifique ar\u00f4me.&nbsp;<\/p>\n<p><strong><span style=\"color: rgb(141, 186, 216);\">Commandez d\u00e8s aujourd&rsquo;hui cet encens le plus vendu dans votre magasin. Vos clients l&rsquo;adoreront.<\/span><\/strong><\/p>\n","protected":false},"excerpt":{"rendered":"<p>Ces C\u00f4nes d&rsquo;encens Rose Fra\u00eeche- Nag Champa, merveilleusement parfum\u00e9, sera \u00e0 coup s\u00fbr un excellent vendeur. Le Nag Champa est probablement l&rsquo;encens le plus vendu sur la plan\u00e8te !&nbsp; Tout le monde devrait l&rsquo;avoir en stock comme article essentiel. Le paquet bleu original, rendu c\u00e9l\u00e8bre par le patronage de Satya Sai Baba, n&rsquo;est plus qu&rsquo;un [&hellip;]<\/p>\n","protected":false},"featured_media":400563,"comment_status":"closed","ping_status":"open","template":"","meta":{"_angie_page":false},"product_brand":[27137],"product_cat":[15193,15147,26832,26369,25842],"product_tag":[],"class_list":{"0":"post-223024","1":"product","2":"type-product","3":"status-publish","4":"has-post-thumbnail","6":"product_brand-satya","7":"product_cat-batonnets-d-encens","8":"product_cat-encens-et-porte-encens","9":"product_cat-floral","10":"product_cat-rose","11":"product_cat-senteurs-aromes","12":"pa_collection-nag-champa-incense-fr","13":"pa_made-in-inde","15":"first","16":"instock","17":"purchasable","18":"product-type-simple"},"supplier_id":null,"supplier_sku":"EID-33","barcode":null,"atum_controlled":true,"out_stock_date":null,"out_stock_threshold":null,"inheritable":false,"inbound_stock":null,"stock_on_hold":0,"sold_today":0,"sales_last_days":0,"reserved_stock":null,"customer_returns":null,"warehouse_damage":null,"lost_in_post":null,"other_logs":null,"out_stock_days":0,"lost_sales":0,"has_location":null,"update_date":"2026-04-27T07:00:10","atum_locations":[],"atum_stock_status":"instock","restock_status":false,"low_stock_amount":"","sales_update_date":"2025-10-09T03:29:29","calc_backorders":null,"_links":{"self":[{"href":"https:\/\/aromasentia.com\/fr\/wp-json\/wp\/v2\/product\/223024","targetHints":{"allow":["GET"]}}],"collection":[{"href":"https:\/\/aromasentia.com\/fr\/wp-json\/wp\/v2\/product"}],"about":[{"href":"https:\/\/aromasentia.com\/fr\/wp-json\/wp\/v2\/types\/product"}],"replies":[{"embeddable":true,"href":"https:\/\/aromasentia.com\/fr\/wp-json\/wp\/v2\/comments?post=223024"}],"version-history":[{"count":0,"href":"https:\/\/aromasentia.com\/fr\/wp-json\/wp\/v2\/product\/223024\/revisions"}],"wp:featuredmedia":[{"embeddable":true,"href":"https:\/\/aromasentia.com\/fr\/wp-json\/wp\/v2\/media\/400563"}],"wp:attachment":[{"href":"https:\/\/aromasentia.com\/fr\/wp-json\/wp\/v2\/media?parent=223024"}],"wp:term":[{"taxonomy":"product_brand","embeddable":true,"href":"https:\/\/aromasentia.com\/fr\/wp-json\/wp\/v2\/product_brand?post=223024"},{"taxonomy":"product_cat","embeddable":true,"href":"https:\/\/aromasentia.com\/fr\/wp-json\/wp\/v2\/product_cat?post=223024"},{"taxonomy":"product_tag","embeddable":true,"href":"https:\/\/aromasentia.com\/fr\/wp-json\/wp\/v2\/product_tag?post=223024"}],"curies":[{"name":"wp","href":"https:\/\/api.w.org\/{rel}","templated":true}]}}