{"id":223004,"date":"2025-03-23T10:30:09","date_gmt":"2025-03-23T10:30:09","guid":{"rendered":"https:\/\/aromasentia.com\/product\/15g-golden-nag-cinnamon\/"},"modified":"2025-06-23T18:29:24","modified_gmt":"2025-06-23T18:29:24","slug":"15g-golden-nag-cinnamon","status":"publish","type":"product","link":"https:\/\/aromasentia.com\/fr\/15g-golden-nag-cinnamon\/","title":{"rendered":"15g Golden Nag &#8211; Cinnamon"},"content":{"rendered":"<p>La marque Golden Nag est la version chic du populaire Sai Baba Blue Nag Champa et est de plus en plus populaire. Vente en gros Golden Nag &#8211;&nbsp;<\/p>\n<p><strong><span style=\"color: rgb(75, 80, 88);\">Les b\u00e2tons d&rsquo;encens Cinnamon sont roul\u00e9s \u00e0 la main en Inde&nbsp;<\/span><\/strong>en utilisant les meilleures \u00e9pices, herbes, extraits floraux, huiles exotiques et autres ingr\u00e9dients naturels ; tous soigneusement s\u00e9lectionn\u00e9s et savamment m\u00e9lang\u00e9s pour leur influence positive.&nbsp;<\/p>\n<p>Laissez cet ar\u00f4me remplir votre maison ou votre magasin et cr\u00e9er une atmosph\u00e8re merveilleuse. Import\u00e9 directement de l&rsquo;usine de Bangalore, en Inde &#8211; vous offrant les prix les plus avantageux sur cette gamme d&rsquo;encens. Pas de travail des enfants utilis\u00e9, pas de sous-produits animaux.&nbsp;<\/p>\n<p><strong><span style=\"color: rgb(75, 80, 88);\">Un pack contient 12 bo\u00eetes (environ 15 b\u00e2tons par bo\u00eete)<\/span><\/strong>, l&rsquo;encens est exempt de substances toxiques, l&#8217;emballage est en papier recyclable. *15g d&rsquo;encens * Temps de combustion : environ 30 min * Roul\u00e9 \u00e0 la main * \u00e9cologique *&nbsp;<\/p>\n<p><strong><span style=\"color: rgb(141, 186, 216);\">Commandez aujourd&rsquo;hui et laissez couler cet agr\u00e9able ar\u00f4me&#8230;<\/span><\/strong><\/p>\n","protected":false},"excerpt":{"rendered":"<p>La marque Golden Nag est la version chic du populaire Sai Baba Blue Nag Champa et est de plus en plus populaire. Vente en gros Golden Nag &#8211;&nbsp; Les b\u00e2tons d&rsquo;encens Cinnamon sont roul\u00e9s \u00e0 la main en Inde&nbsp;en utilisant les meilleures \u00e9pices, herbes, extraits floraux, huiles exotiques et autres ingr\u00e9dients naturels ; tous soigneusement [&hellip;]<\/p>\n","protected":false},"featured_media":401211,"comment_status":"closed","ping_status":"open","template":"","meta":{"_angie_page":false},"product_brand":[27159],"product_cat":[26135,15147,26888,25842],"product_tag":[],"class_list":{"0":"post-223004","1":"product","2":"type-product","3":"status-publish","4":"has-post-thumbnail","6":"product_brand-vijayshree","7":"product_cat-cannelle","8":"product_cat-encens-et-porte-encens","9":"product_cat-epice","10":"product_cat-senteurs-aromes","11":"pa_collection-golden-nag-fr","12":"pa_made-in-inde","14":"first","15":"instock","16":"purchasable","17":"product-type-simple"},"supplier_id":null,"supplier_sku":"GoldNCi-20","barcode":null,"atum_controlled":true,"out_stock_date":null,"out_stock_threshold":null,"inheritable":false,"inbound_stock":null,"stock_on_hold":0,"sold_today":0,"sales_last_days":0,"reserved_stock":null,"customer_returns":null,"warehouse_damage":null,"lost_in_post":null,"other_logs":null,"out_stock_days":0,"lost_sales":0,"has_location":null,"update_date":"2026-04-27T07:05:57","atum_locations":[],"atum_stock_status":"instock","restock_status":false,"low_stock_amount":"","sales_update_date":"2026-01-30T01:24:30","calc_backorders":null,"_links":{"self":[{"href":"https:\/\/aromasentia.com\/fr\/wp-json\/wp\/v2\/product\/223004","targetHints":{"allow":["GET"]}}],"collection":[{"href":"https:\/\/aromasentia.com\/fr\/wp-json\/wp\/v2\/product"}],"about":[{"href":"https:\/\/aromasentia.com\/fr\/wp-json\/wp\/v2\/types\/product"}],"replies":[{"embeddable":true,"href":"https:\/\/aromasentia.com\/fr\/wp-json\/wp\/v2\/comments?post=223004"}],"version-history":[{"count":0,"href":"https:\/\/aromasentia.com\/fr\/wp-json\/wp\/v2\/product\/223004\/revisions"}],"wp:featuredmedia":[{"embeddable":true,"href":"https:\/\/aromasentia.com\/fr\/wp-json\/wp\/v2\/media\/401211"}],"wp:attachment":[{"href":"https:\/\/aromasentia.com\/fr\/wp-json\/wp\/v2\/media?parent=223004"}],"wp:term":[{"taxonomy":"product_brand","embeddable":true,"href":"https:\/\/aromasentia.com\/fr\/wp-json\/wp\/v2\/product_brand?post=223004"},{"taxonomy":"product_cat","embeddable":true,"href":"https:\/\/aromasentia.com\/fr\/wp-json\/wp\/v2\/product_cat?post=223004"},{"taxonomy":"product_tag","embeddable":true,"href":"https:\/\/aromasentia.com\/fr\/wp-json\/wp\/v2\/product_tag?post=223004"}],"curies":[{"name":"wp","href":"https:\/\/api.w.org\/{rel}","templated":true}]}}