{"id":222896,"date":"2025-03-23T10:30:09","date_gmt":"2025-03-23T10:30:09","guid":{"rendered":"https:\/\/aromasentia.com\/product\/citronella-dhoop-cones\/"},"modified":"2025-12-30T19:05:36","modified_gmt":"2025-12-30T19:05:36","slug":"cones-dhoop-a-la-citronnelle","status":"publish","type":"product","link":"https:\/\/aromasentia.com\/fr\/cones-dhoop-a-la-citronnelle\/","title":{"rendered":"C\u00f4nes Dhoop \u00e0 la citronnelle"},"content":{"rendered":"<p>Rafra\u00eechissez naturellement votre espace et dissuadez les insectes gr\u00e2ce \u00e0 l&rsquo;ar\u00f4me vivifiant des c\u00f4nes Dhoop \u00e0 la citronnelle. Parfaits pour une utilisation \u00e0 l&rsquo;ext\u00e9rieur ou dans des zones bien ventil\u00e9es, ces c\u00f4nes d\u00e9gagent un parfum citronn\u00e9 qui aide \u00e0 \u00e9loigner les insectes ind\u00e9sirables.<\/p>\n","protected":false},"excerpt":{"rendered":"<p>Rafra\u00eechissez naturellement votre espace et dissuadez les insectes gr\u00e2ce \u00e0 l&rsquo;ar\u00f4me vivifiant des c\u00f4nes Dhoop \u00e0 la citronnelle. Parfaits pour une utilisation \u00e0 l&rsquo;ext\u00e9rieur ou dans des zones bien ventil\u00e9es, ces c\u00f4nes d\u00e9gagent un parfum citronn\u00e9 qui aide \u00e0 \u00e9loigner les insectes ind\u00e9sirables.<\/p>\n","protected":false},"featured_media":400904,"comment_status":"closed","ping_status":"open","template":"","meta":{"_angie_page":false},"product_brand":[],"product_cat":[15193,26140,15147,26818,25842],"product_tag":[],"class_list":{"0":"post-222896","1":"product","2":"type-product","3":"status-publish","4":"has-post-thumbnail","6":"product_cat-batonnets-d-encens","7":"product_cat-citronnelle","8":"product_cat-encens-et-porte-encens","9":"product_cat-hesperide-agrumes","10":"product_cat-senteurs-aromes","11":"pa_collection-nag-champa-incense-fr","12":"pa_made-in-inde","14":"first","15":"instock","16":"purchasable","17":"product-type-simple"},"supplier_id":null,"supplier_sku":"EID-64","barcode":null,"atum_controlled":true,"out_stock_date":null,"out_stock_threshold":null,"inheritable":false,"inbound_stock":null,"stock_on_hold":0,"sold_today":0,"sales_last_days":0,"reserved_stock":null,"customer_returns":null,"warehouse_damage":null,"lost_in_post":null,"other_logs":null,"out_stock_days":0,"lost_sales":0,"has_location":null,"update_date":"2026-04-27T07:00:22","atum_locations":[],"atum_stock_status":"instock","restock_status":false,"low_stock_amount":"","sales_update_date":"2026-01-20T05:13:34","calc_backorders":null,"_links":{"self":[{"href":"https:\/\/aromasentia.com\/fr\/wp-json\/wp\/v2\/product\/222896","targetHints":{"allow":["GET"]}}],"collection":[{"href":"https:\/\/aromasentia.com\/fr\/wp-json\/wp\/v2\/product"}],"about":[{"href":"https:\/\/aromasentia.com\/fr\/wp-json\/wp\/v2\/types\/product"}],"replies":[{"embeddable":true,"href":"https:\/\/aromasentia.com\/fr\/wp-json\/wp\/v2\/comments?post=222896"}],"version-history":[{"count":0,"href":"https:\/\/aromasentia.com\/fr\/wp-json\/wp\/v2\/product\/222896\/revisions"}],"wp:featuredmedia":[{"embeddable":true,"href":"https:\/\/aromasentia.com\/fr\/wp-json\/wp\/v2\/media\/400904"}],"wp:attachment":[{"href":"https:\/\/aromasentia.com\/fr\/wp-json\/wp\/v2\/media?parent=222896"}],"wp:term":[{"taxonomy":"product_brand","embeddable":true,"href":"https:\/\/aromasentia.com\/fr\/wp-json\/wp\/v2\/product_brand?post=222896"},{"taxonomy":"product_cat","embeddable":true,"href":"https:\/\/aromasentia.com\/fr\/wp-json\/wp\/v2\/product_cat?post=222896"},{"taxonomy":"product_tag","embeddable":true,"href":"https:\/\/aromasentia.com\/fr\/wp-json\/wp\/v2\/product_tag?post=222896"}],"curies":[{"name":"wp","href":"https:\/\/api.w.org\/{rel}","templated":true}]}}