{"id":222888,"date":"2025-03-23T10:30:09","date_gmt":"2025-03-23T10:30:09","guid":{"rendered":"https:\/\/aromasentia.com\/product\/white-sage-dhoop-cones\/"},"modified":"2025-12-30T19:05:36","modified_gmt":"2025-12-30T19:05:36","slug":"cones-dhoop-sauge-blanche","status":"publish","type":"product","link":"https:\/\/aromasentia.com\/fr\/cones-dhoop-sauge-blanche\/","title":{"rendered":"C\u00f4nes Dhoop Sauge Blanche"},"content":{"rendered":"<p>Nettoyez et purifiez votre espace avec l&rsquo;ar\u00f4me sacr\u00e9 des c\u00f4nes de sauge blanche Dhoop. Ces c\u00f4nes d\u00e9gagent un parfum puissant et herbac\u00e9, traditionnellement utilis\u00e9 pour la purification, qui aide \u00e0 \u00e9liminer l&rsquo;\u00e9nergie n\u00e9gative et \u00e0 promouvoir un sentiment de paix et de bien-\u00eatre.<\/p>\n","protected":false},"excerpt":{"rendered":"<p>Nettoyez et purifiez votre espace avec l&rsquo;ar\u00f4me sacr\u00e9 des c\u00f4nes de sauge blanche Dhoop. Ces c\u00f4nes d\u00e9gagent un parfum puissant et herbac\u00e9, traditionnellement utilis\u00e9 pour la purification, qui aide \u00e0 \u00e9liminer l&rsquo;\u00e9nergie n\u00e9gative et \u00e0 promouvoir un sentiment de paix et de bien-\u00eatre.<\/p>\n","protected":false},"featured_media":400870,"comment_status":"closed","ping_status":"open","template":"","meta":{"_angie_page":false},"product_brand":[],"product_cat":[15193,15147,26860,26485,25842],"product_tag":[],"class_list":{"0":"post-222888","1":"product","2":"type-product","3":"status-publish","4":"has-post-thumbnail","6":"product_cat-batonnets-d-encens","7":"product_cat-encens-et-porte-encens","8":"product_cat-herbes-aromatiques","9":"product_cat-sauge-blanche","10":"product_cat-senteurs-aromes","11":"pa_collection-nag-champa-incense-fr","12":"pa_made-in-inde","14":"first","15":"instock","16":"purchasable","17":"product-type-simple"},"supplier_id":null,"supplier_sku":"EID-62","barcode":null,"atum_controlled":true,"out_stock_date":null,"out_stock_threshold":null,"inheritable":false,"inbound_stock":null,"stock_on_hold":0,"sold_today":0,"sales_last_days":0,"reserved_stock":null,"customer_returns":null,"warehouse_damage":null,"lost_in_post":null,"other_logs":null,"out_stock_days":0,"lost_sales":0,"has_location":null,"update_date":"2026-05-08T05:07:21","atum_locations":[],"atum_stock_status":"instock","restock_status":false,"low_stock_amount":"","sales_update_date":"2025-10-09T03:29:36","calc_backorders":null,"_links":{"self":[{"href":"https:\/\/aromasentia.com\/fr\/wp-json\/wp\/v2\/product\/222888","targetHints":{"allow":["GET"]}}],"collection":[{"href":"https:\/\/aromasentia.com\/fr\/wp-json\/wp\/v2\/product"}],"about":[{"href":"https:\/\/aromasentia.com\/fr\/wp-json\/wp\/v2\/types\/product"}],"replies":[{"embeddable":true,"href":"https:\/\/aromasentia.com\/fr\/wp-json\/wp\/v2\/comments?post=222888"}],"version-history":[{"count":0,"href":"https:\/\/aromasentia.com\/fr\/wp-json\/wp\/v2\/product\/222888\/revisions"}],"wp:featuredmedia":[{"embeddable":true,"href":"https:\/\/aromasentia.com\/fr\/wp-json\/wp\/v2\/media\/400870"}],"wp:attachment":[{"href":"https:\/\/aromasentia.com\/fr\/wp-json\/wp\/v2\/media?parent=222888"}],"wp:term":[{"taxonomy":"product_brand","embeddable":true,"href":"https:\/\/aromasentia.com\/fr\/wp-json\/wp\/v2\/product_brand?post=222888"},{"taxonomy":"product_cat","embeddable":true,"href":"https:\/\/aromasentia.com\/fr\/wp-json\/wp\/v2\/product_cat?post=222888"},{"taxonomy":"product_tag","embeddable":true,"href":"https:\/\/aromasentia.com\/fr\/wp-json\/wp\/v2\/product_tag?post=222888"}],"curies":[{"name":"wp","href":"https:\/\/api.w.org\/{rel}","templated":true}]}}