{"id":222788,"date":"2025-03-23T10:30:18","date_gmt":"2025-03-23T10:30:18","guid":{"rendered":"https:\/\/aromasentia.com\/product\/satya-incense-15gm-jasmine\/"},"modified":"2025-06-23T18:28:54","modified_gmt":"2025-06-23T18:28:54","slug":"encens-satya-15g-jasmine","status":"publish","type":"product","link":"https:\/\/aromasentia.com\/fr\/encens-satya-15g-jasmine\/","title":{"rendered":"Encens SATYA 15g &#8211;\u00a0Jasmine"},"content":{"rendered":"<p>Il suffit d&rsquo;allumer un <strong><span style=\"color: rgb(75, 80, 88);\">b\u00e2tonnet d&rsquo;encens Satya Jasmine <\/span><\/strong>et votre maison sera transform\u00e9e en oasis d\u2019\u00e9nergies et d\u2019ar\u00f4mes lumineux et divins. Ces b\u00e2tonnets d&rsquo;encens Satya en gros sont roul\u00e9s \u00e0 la main en Inde en utilisant les huiles parfum\u00e9es les plus pures et fines. Laissez cet ar\u00f4me envahir votre maison ou votre magasin et cr\u00e9ez une atmosph\u00e8re envo\u00fbtante.<\/p>\n<p>L\u2019utilisation de ces b\u00e2tonnets d\u2019encens est tr\u00e8s simple: il suffit d&rsquo;allumer l&rsquo;extr\u00e9mit\u00e9, d\u2019\u00e9teindre la flamme, puis de le placer dans un porte-encens. Ensuite, profitez du merveilleux parfum qui se d\u00e9gage !<\/p>\n<p>&#8211; Chaque paquet contient 15g d&rsquo;encens (environ 15 b\u00e2tons) Une boite contient 12 paquets<\/p>\n<p>&#8211; Emballage recyclable<\/p>\n<p>&#8211; Utilisez avec un porte-encens pour de meilleurs r\u00e9sultats<\/p>\n<p>&#8211; temps de combustion d\u2019un b\u00e2tonnet: environ 30 min<\/p>\n<p><strong><span style=\"color: rgb(141, 186, 216);\">Marque tr\u00e8s populaire&hellip; Nous introduisons de nouvelles senteurs tr\u00e8s r\u00e9guli\u00e8rement.<\/span><\/strong><\/p>\n","protected":false},"excerpt":{"rendered":"<p>Il suffit d&rsquo;allumer un b\u00e2tonnet d&rsquo;encens Satya Jasmine et votre maison sera transform\u00e9e en oasis d\u2019\u00e9nergies et d\u2019ar\u00f4mes lumineux et divins. Ces b\u00e2tonnets d&rsquo;encens Satya en gros sont roul\u00e9s \u00e0 la main en Inde en utilisant les huiles parfum\u00e9es les plus pures et fines. Laissez cet ar\u00f4me envahir votre maison ou votre magasin et cr\u00e9ez [&hellip;]<\/p>\n","protected":false},"featured_media":402227,"comment_status":"closed","ping_status":"open","template":"","meta":{"_angie_page":false},"product_brand":[27137],"product_cat":[15193,15147,26832,26225,25842],"product_tag":[],"class_list":{"0":"post-222788","1":"product","2":"type-product","3":"status-publish","4":"has-post-thumbnail","6":"product_brand-satya","7":"product_cat-batonnets-d-encens","8":"product_cat-encens-et-porte-encens","9":"product_cat-floral","10":"product_cat-jasmin","11":"product_cat-senteurs-aromes","12":"pa_collection-satya-incense-sticks-fr","13":"pa_made-in-inde","15":"first","16":"instock","17":"purchasable","18":"product-type-simple"},"supplier_id":null,"supplier_sku":"iSatya-11","barcode":null,"atum_controlled":true,"out_stock_date":null,"out_stock_threshold":null,"inheritable":false,"inbound_stock":null,"stock_on_hold":0,"sold_today":0,"sales_last_days":0,"reserved_stock":null,"customer_returns":null,"warehouse_damage":null,"lost_in_post":null,"other_logs":null,"out_stock_days":0,"lost_sales":0,"has_location":null,"update_date":"2026-05-08T05:11:56","atum_locations":[],"atum_stock_status":"instock","restock_status":false,"low_stock_amount":"","sales_update_date":"2025-09-03T00:19:49","calc_backorders":null,"_links":{"self":[{"href":"https:\/\/aromasentia.com\/fr\/wp-json\/wp\/v2\/product\/222788","targetHints":{"allow":["GET"]}}],"collection":[{"href":"https:\/\/aromasentia.com\/fr\/wp-json\/wp\/v2\/product"}],"about":[{"href":"https:\/\/aromasentia.com\/fr\/wp-json\/wp\/v2\/types\/product"}],"replies":[{"embeddable":true,"href":"https:\/\/aromasentia.com\/fr\/wp-json\/wp\/v2\/comments?post=222788"}],"version-history":[{"count":0,"href":"https:\/\/aromasentia.com\/fr\/wp-json\/wp\/v2\/product\/222788\/revisions"}],"wp:featuredmedia":[{"embeddable":true,"href":"https:\/\/aromasentia.com\/fr\/wp-json\/wp\/v2\/media\/402227"}],"wp:attachment":[{"href":"https:\/\/aromasentia.com\/fr\/wp-json\/wp\/v2\/media?parent=222788"}],"wp:term":[{"taxonomy":"product_brand","embeddable":true,"href":"https:\/\/aromasentia.com\/fr\/wp-json\/wp\/v2\/product_brand?post=222788"},{"taxonomy":"product_cat","embeddable":true,"href":"https:\/\/aromasentia.com\/fr\/wp-json\/wp\/v2\/product_cat?post=222788"},{"taxonomy":"product_tag","embeddable":true,"href":"https:\/\/aromasentia.com\/fr\/wp-json\/wp\/v2\/product_tag?post=222788"}],"curies":[{"name":"wp","href":"https:\/\/api.w.org\/{rel}","templated":true}]}}