{"id":222744,"date":"2025-03-23T10:30:18","date_gmt":"2025-03-23T10:30:18","guid":{"rendered":"https:\/\/aromasentia.com\/product\/incense-powder-mould-set-black\/"},"modified":"2025-12-30T19:05:29","modified_gmt":"2025-12-30T19:05:29","slug":"ensemble-de-moules-a-poudre-dencens-noir","status":"publish","type":"product","link":"https:\/\/aromasentia.com\/fr\/ensemble-de-moules-a-poudre-dencens-noir\/","title":{"rendered":"Ensemble de Moules \u00e0 Poudre d&rsquo;Encens &#8211; Noir"},"content":{"rendered":"<p>Set de moules \u00e0 encens en gros noir. Fabriqu\u00e9 avec pr\u00e9cision par des artisans de Bali, cet ensemble de trois pyramides offre une polyvalence in\u00e9gal\u00e9e en mati\u00e8re de taille d&rsquo;encens.&nbsp;<\/p>\n<p>Que vous recherchiez une explosion de parfum ou un ar\u00f4me de longue dur\u00e9e, notre jeu de moules est \u00e0 la hauteur. Il suffit de remplir le moule pyramidal avec votre m\u00e9lange de poudre d&rsquo;encens pr\u00e9f\u00e9r\u00e9, de le tasser fermement et d&rsquo;assister \u00e0 la naissance d&rsquo;une pyramide magnifiquement coh\u00e9rente, pr\u00eate \u00e0 br\u00fbler.&nbsp;<\/p>\n<p>Chaque bo\u00eete contient 12 jeux de moules \u00e0 poudre d&rsquo;encens, parfaits pour \u00eatre associ\u00e9s \u00e0 nos encens de gu\u00e9rison en poudre et \u00e0 notre plaque d&rsquo;encens de gu\u00e9rison (voir ci-dessous). Am\u00e9liorez votre exp\u00e9rience rituelle et d\u00e9couvrez \u00e9galement nos plaques d&rsquo;encens de gu\u00e9rison.&nbsp;<\/p>\n<p>Polyvalent, magnifiquement con&ccedil;u et facile \u00e0 utiliser. &nbsp;&nbsp;<\/p>\n<p>\u00e9conomies en vrac : Chaque bo\u00eete contient 12 jeux de moules \u00e0 encens.&nbsp;<\/p>\n<p><strong><span style=\"color: rgb(141, 186, 216);\">Commandez maintenant et lib\u00e9rez le pouvoir de la cr\u00e9ativit\u00e9 parfum\u00e9e. <\/span><\/strong><\/p>\n<p><strong><span style=\"color: rgb(75, 80, 88);\">Dimensions :<\/span><\/strong>&nbsp;<\/p>\n<p>Grand moule : Hauteur 7,2 cm x Largeur 6 cm&nbsp;<\/p>\n<p>Moule moyen : Hauteur 6,5 cm x Largeur 5,4 cm&nbsp;<\/p>\n<p>Petit moule : Hauteur 4,8 cm x Largeur 4 cm<\/p>\n","protected":false},"excerpt":{"rendered":"<p>Set de moules \u00e0 encens en gros noir. Fabriqu\u00e9 avec pr\u00e9cision par des artisans de Bali, cet ensemble de trois pyramides offre une polyvalence in\u00e9gal\u00e9e en mati\u00e8re de taille d&rsquo;encens.&nbsp; Que vous recherchiez une explosion de parfum ou un ar\u00f4me de longue dur\u00e9e, notre jeu de moules est \u00e0 la hauteur. Il suffit de remplir [&hellip;]<\/p>\n","protected":false},"featured_media":401960,"comment_status":"closed","ping_status":"open","template":"","meta":{"_angie_page":false},"product_brand":[],"product_cat":[15147,16023],"product_tag":[],"class_list":{"0":"post-222744","1":"product","2":"type-product","3":"status-publish","4":"has-post-thumbnail","6":"product_cat-encens-et-porte-encens","7":"product_cat-encens-en-poudre","8":"pa_collection-incense-powder-mould-set-fr","9":"pa_made-in-indonesie","11":"first","12":"instock","13":"purchasable","14":"product-type-simple"},"supplier_id":null,"supplier_sku":"IPM-03","barcode":null,"atum_controlled":true,"out_stock_date":null,"out_stock_threshold":null,"inheritable":false,"inbound_stock":null,"stock_on_hold":0,"sold_today":0,"sales_last_days":0,"reserved_stock":null,"customer_returns":null,"warehouse_damage":null,"lost_in_post":null,"other_logs":null,"out_stock_days":0,"lost_sales":0,"has_location":null,"update_date":"2026-04-27T07:09:00","atum_locations":[],"atum_stock_status":"instock","restock_status":false,"low_stock_amount":"","sales_update_date":"2026-01-30T01:26:03","calc_backorders":null,"_links":{"self":[{"href":"https:\/\/aromasentia.com\/fr\/wp-json\/wp\/v2\/product\/222744","targetHints":{"allow":["GET"]}}],"collection":[{"href":"https:\/\/aromasentia.com\/fr\/wp-json\/wp\/v2\/product"}],"about":[{"href":"https:\/\/aromasentia.com\/fr\/wp-json\/wp\/v2\/types\/product"}],"replies":[{"embeddable":true,"href":"https:\/\/aromasentia.com\/fr\/wp-json\/wp\/v2\/comments?post=222744"}],"version-history":[{"count":0,"href":"https:\/\/aromasentia.com\/fr\/wp-json\/wp\/v2\/product\/222744\/revisions"}],"wp:featuredmedia":[{"embeddable":true,"href":"https:\/\/aromasentia.com\/fr\/wp-json\/wp\/v2\/media\/401960"}],"wp:attachment":[{"href":"https:\/\/aromasentia.com\/fr\/wp-json\/wp\/v2\/media?parent=222744"}],"wp:term":[{"taxonomy":"product_brand","embeddable":true,"href":"https:\/\/aromasentia.com\/fr\/wp-json\/wp\/v2\/product_brand?post=222744"},{"taxonomy":"product_cat","embeddable":true,"href":"https:\/\/aromasentia.com\/fr\/wp-json\/wp\/v2\/product_cat?post=222744"},{"taxonomy":"product_tag","embeddable":true,"href":"https:\/\/aromasentia.com\/fr\/wp-json\/wp\/v2\/product_tag?post=222744"}],"curies":[{"name":"wp","href":"https:\/\/api.w.org\/{rel}","templated":true}]}}