{"id":222728,"date":"2025-03-23T10:30:18","date_gmt":"2025-03-23T10:30:18","guid":{"rendered":"https:\/\/aromasentia.com\/product\/himalayan-sughandit-dhoop-incesne-gift-set-cedarwood\/"},"modified":"2025-12-30T19:05:29","modified_gmt":"2025-12-30T19:05:29","slug":"coffret-cadeau-dencens-sughandit-dhoop-de-lhimalaya-bois-de-cedre","status":"publish","type":"product","link":"https:\/\/aromasentia.com\/fr\/coffret-cadeau-dencens-sughandit-dhoop-de-lhimalaya-bois-de-cedre\/","title":{"rendered":"Coffret Cadeau d&rsquo;Encens Sughandit Dhoop de l&rsquo;Himalaya- Bois de C\u00e8dre"},"content":{"rendered":"<p>Am\u00e9liorez l&rsquo;ambiance de votre magasin avec nos captivants <strong><span style=\"color: rgb(75, 80, 88);\">Coffrets d&rsquo;Encens Sughandit Dhoop en gros.<\/span><\/strong> Nous sommes fiers d&rsquo;importer ces collections d&rsquo;encens directement du N\u00e9pal, o\u00f9ils sont fabriqu\u00e9s \u00e0 la main avec soin et emball\u00e9s avec soin. Ces b\u00e2tons d&rsquo;encens sont un m\u00e9lange des meilleurs ingr\u00e9dients naturels.&nbsp;<\/p>\n<p>Chacun de nos sets d&rsquo;encens Sughandit Dhoop de l&rsquo;Himalaya est pr\u00e9sent\u00e9 dans une charmante bo\u00eete.&nbsp;<\/p>\n<p><strong><span style=\"color: rgb(75, 80, 88);\">\u00e0 l&rsquo;int\u00e9rieur de chaque bo\u00eete, vous trouverez un porte-encens en bois, 30 b\u00e2tonnets d&rsquo;encens parfum\u00e9s et un texte explicatif. <\/span><\/strong><\/p>\n<p>L&rsquo;encens Bois de c\u00e8dre est fabriqu\u00e9 \u00e0 partir du bois du c\u00e8dre. Il est s\u00e9ch\u00e9, puis ras\u00e9 ou r\u00e9duit en poudre et m\u00e9lang\u00e9 \u00e0 d&rsquo;autres ingr\u00e9dients, comme de la r\u00e9sine, des herbes ou des fleurs. Il est souvent utilis\u00e9 pour la m\u00e9ditation et la pri\u00e8re et on lui attribue un effet calmant sur l&rsquo;esprit et le corps.<\/p>\n<p>L&rsquo;encens de bois de c\u00e8dre est \u00e9galement utilis\u00e9 dans les rituels et les c\u00e9r\u00e9monies et est cens\u00e9 purifier l&rsquo;air et les espaces.<\/p>\n<p>En outre, il est utilis\u00e9 comme r\u00e9pulsif naturel contre les insectes et les mites.<\/p>\n","protected":false},"excerpt":{"rendered":"<p>Am\u00e9liorez l&rsquo;ambiance de votre magasin avec nos captivants Coffrets d&rsquo;Encens Sughandit Dhoop en gros. Nous sommes fiers d&rsquo;importer ces collections d&rsquo;encens directement du N\u00e9pal, o\u00f9ils sont fabriqu\u00e9s \u00e0 la main avec soin et emball\u00e9s avec soin. Ces b\u00e2tons d&rsquo;encens sont un m\u00e9lange des meilleurs ingr\u00e9dients naturels.&nbsp; Chacun de nos sets d&rsquo;encens Sughandit Dhoop de l&rsquo;Himalaya [&hellip;]<\/p>\n","protected":false},"featured_media":401828,"comment_status":"closed","ping_status":"open","template":"","meta":{"_angie_page":false},"product_brand":[],"product_cat":[15193,26895,26122,15147,25842],"product_tag":[],"class_list":{"0":"post-222728","1":"product","2":"type-product","3":"status-publish","4":"has-post-thumbnail","6":"product_cat-batonnets-d-encens","7":"product_cat-boise","8":"product_cat-cedre","9":"product_cat-encens-et-porte-encens","10":"product_cat-senteurs-aromes","11":"pa_collection-sughandit-dhoop-incense-gift-set-fr","12":"pa_made-in-nepal","14":"first","15":"instock","16":"purchasable","17":"product-type-simple"},"supplier_id":null,"supplier_sku":"HSDI-06","barcode":null,"atum_controlled":true,"out_stock_date":null,"out_stock_threshold":null,"inheritable":false,"inbound_stock":null,"stock_on_hold":0,"sold_today":0,"sales_last_days":0,"reserved_stock":null,"customer_returns":null,"warehouse_damage":null,"lost_in_post":null,"other_logs":null,"out_stock_days":0,"lost_sales":0,"has_location":null,"update_date":"2026-04-27T07:08:12","atum_locations":[],"atum_stock_status":"instock","restock_status":false,"low_stock_amount":"","sales_update_date":"2025-09-03T00:19:46","calc_backorders":null,"_links":{"self":[{"href":"https:\/\/aromasentia.com\/fr\/wp-json\/wp\/v2\/product\/222728","targetHints":{"allow":["GET"]}}],"collection":[{"href":"https:\/\/aromasentia.com\/fr\/wp-json\/wp\/v2\/product"}],"about":[{"href":"https:\/\/aromasentia.com\/fr\/wp-json\/wp\/v2\/types\/product"}],"replies":[{"embeddable":true,"href":"https:\/\/aromasentia.com\/fr\/wp-json\/wp\/v2\/comments?post=222728"}],"version-history":[{"count":0,"href":"https:\/\/aromasentia.com\/fr\/wp-json\/wp\/v2\/product\/222728\/revisions"}],"wp:featuredmedia":[{"embeddable":true,"href":"https:\/\/aromasentia.com\/fr\/wp-json\/wp\/v2\/media\/401828"}],"wp:attachment":[{"href":"https:\/\/aromasentia.com\/fr\/wp-json\/wp\/v2\/media?parent=222728"}],"wp:term":[{"taxonomy":"product_brand","embeddable":true,"href":"https:\/\/aromasentia.com\/fr\/wp-json\/wp\/v2\/product_brand?post=222728"},{"taxonomy":"product_cat","embeddable":true,"href":"https:\/\/aromasentia.com\/fr\/wp-json\/wp\/v2\/product_cat?post=222728"},{"taxonomy":"product_tag","embeddable":true,"href":"https:\/\/aromasentia.com\/fr\/wp-json\/wp\/v2\/product_tag?post=222728"}],"curies":[{"name":"wp","href":"https:\/\/api.w.org\/{rel}","templated":true}]}}