{"id":222724,"date":"2025-03-23T10:30:18","date_gmt":"2025-03-23T10:30:18","guid":{"rendered":"https:\/\/aromasentia.com\/product\/himalayan-sughandit-dhoop-incesne-gift-set-holy-basil\/"},"modified":"2025-12-30T19:05:29","modified_gmt":"2025-12-30T19:05:29","slug":"coffret-cadeau-dencens-sughandit-dhoop-de-lhimalaya-basilic-sacre","status":"publish","type":"product","link":"https:\/\/aromasentia.com\/fr\/coffret-cadeau-dencens-sughandit-dhoop-de-lhimalaya-basilic-sacre\/","title":{"rendered":"Coffret Cadeau d&rsquo;Encens Sughandit Dhoop de l&rsquo;Himalaya- Basilic Sacr\u00e9"},"content":{"rendered":"<p>Am\u00e9liorez l&rsquo;ambiance de votre magasin avec nos captivants<strong><span style=\"color: rgb(75, 80, 88);\">&nbsp;Coffrets d&rsquo;encens Sughandit Dhoop en gros<\/span><\/strong>. Nous sommes fiers d&rsquo;importer ces collections d&rsquo;encens directement du N\u00e9pal, o\u00f9ils sont fabriqu\u00e9s \u00e0 la main avec soin et emball\u00e9s avec soin. Ces b\u00e2tons d&rsquo;encens sont un m\u00e9lange des meilleurs ingr\u00e9dients naturels.&nbsp;<\/p>\n<p>Chacun de nos sets d&rsquo;encens Sughandit Dhoop de l&rsquo;Himalaya est pr\u00e9sent\u00e9 dans une charmante bo\u00eete.&nbsp;<\/p>\n<p><strong><span style=\"color: rgb(75, 80, 88);\">\u00e0 l&rsquo;int\u00e9rieur de chaque bo\u00eete, vous trouverez un porte-encens en bois, 30 b\u00e2tonnets d&rsquo;encens parfum\u00e9s et un texte explicatif.<\/span>&nbsp;<\/strong><\/p>\n<p>Le tulsi (basilic) est utilis\u00e9 dans la plupart des maisons hindoues pour le culte et est donc consid\u00e9r\u00e9 comme l&rsquo;herbe la plus sacr\u00e9e.&nbsp;<\/p>\n<p>L&rsquo;ar\u00f4me du basilic est cens\u00e9 avoir un effet calmant et apaisant sur l&rsquo;esprit et le corps, et est souvent utilis\u00e9 pour la m\u00e9ditation et la relaxation.&nbsp;<\/p>\n<p>Outre ses utilisations spirituelles et aromatiques, le basilic est \u00e9galement connu pour ses propri\u00e9t\u00e9s m\u00e9dicinales et est utilis\u00e9 pour traiter une vari\u00e9t\u00e9 de probl\u00e8mes de sant\u00e9 tels que le rhume, la grippe et les probl\u00e8mes digestifs.<\/p>\n","protected":false},"excerpt":{"rendered":"<p>Am\u00e9liorez l&rsquo;ambiance de votre magasin avec nos captivants&nbsp;Coffrets d&rsquo;encens Sughandit Dhoop en gros. Nous sommes fiers d&rsquo;importer ces collections d&rsquo;encens directement du N\u00e9pal, o\u00f9ils sont fabriqu\u00e9s \u00e0 la main avec soin et emball\u00e9s avec soin. Ces b\u00e2tons d&rsquo;encens sont un m\u00e9lange des meilleurs ingr\u00e9dients naturels.&nbsp; Chacun de nos sets d&rsquo;encens Sughandit Dhoop de l&rsquo;Himalaya est [&hellip;]<\/p>\n","protected":false},"featured_media":401787,"comment_status":"closed","ping_status":"open","template":"","meta":[],"product_brand":[],"product_cat":[26091,15193,15147,26860,25842],"product_tag":[],"class_list":{"0":"post-222724","1":"product","2":"type-product","3":"status-publish","4":"has-post-thumbnail","6":"product_cat-basilic","7":"product_cat-batonnets-d-encens","8":"product_cat-encens-et-porte-encens","9":"product_cat-herbes-aromatiques","10":"product_cat-senteurs-aromes","11":"pa_collection-sughandit-dhoop-incense-gift-set-fr","12":"pa_made-in-nepal","14":"first","15":"instock","16":"purchasable","17":"product-type-simple"},"supplier_id":null,"supplier_sku":"HSDI-05","barcode":null,"atum_controlled":true,"out_stock_date":null,"out_stock_threshold":null,"inheritable":false,"inbound_stock":null,"stock_on_hold":0,"sold_today":0,"sales_last_days":0,"reserved_stock":null,"customer_returns":null,"warehouse_damage":null,"lost_in_post":null,"other_logs":null,"out_stock_days":0,"lost_sales":0,"has_location":null,"update_date":"2026-01-28T13:05:37","atum_locations":[],"atum_stock_status":"instock","restock_status":false,"low_stock_amount":"","sales_update_date":"2025-09-03T00:19:46","calc_backorders":null,"_links":{"self":[{"href":"https:\/\/aromasentia.com\/fr\/wp-json\/wp\/v2\/product\/222724","targetHints":{"allow":["GET"]}}],"collection":[{"href":"https:\/\/aromasentia.com\/fr\/wp-json\/wp\/v2\/product"}],"about":[{"href":"https:\/\/aromasentia.com\/fr\/wp-json\/wp\/v2\/types\/product"}],"replies":[{"embeddable":true,"href":"https:\/\/aromasentia.com\/fr\/wp-json\/wp\/v2\/comments?post=222724"}],"version-history":[{"count":0,"href":"https:\/\/aromasentia.com\/fr\/wp-json\/wp\/v2\/product\/222724\/revisions"}],"wp:featuredmedia":[{"embeddable":true,"href":"https:\/\/aromasentia.com\/fr\/wp-json\/wp\/v2\/media\/401787"}],"wp:attachment":[{"href":"https:\/\/aromasentia.com\/fr\/wp-json\/wp\/v2\/media?parent=222724"}],"wp:term":[{"taxonomy":"product_brand","embeddable":true,"href":"https:\/\/aromasentia.com\/fr\/wp-json\/wp\/v2\/product_brand?post=222724"},{"taxonomy":"product_cat","embeddable":true,"href":"https:\/\/aromasentia.com\/fr\/wp-json\/wp\/v2\/product_cat?post=222724"},{"taxonomy":"product_tag","embeddable":true,"href":"https:\/\/aromasentia.com\/fr\/wp-json\/wp\/v2\/product_tag?post=222724"}],"curies":[{"name":"wp","href":"https:\/\/api.w.org\/{rel}","templated":true}]}}