{"id":222704,"date":"2025-03-23T10:30:18","date_gmt":"2025-03-23T10:30:18","guid":{"rendered":"https:\/\/aromasentia.com\/product\/healling-incense-plate-black-gold-lava-stone\/"},"modified":"2025-06-23T18:28:42","modified_gmt":"2025-06-23T18:28:42","slug":"plaque-d-encens-curative-pierre-noire","status":"publish","type":"product","link":"https:\/\/aromasentia.com\/fr\/plaque-d-encens-curative-pierre-noire\/","title":{"rendered":"Plaque d&rsquo; Encens Curative &#8211; Pierre Noire"},"content":{"rendered":"<p>Nos <strong><span style=\"color: rgb(75, 80, 88);\">plaques d&rsquo;encens curative&nbsp;<\/span><\/strong>en gros sont con&ccedil;ues pour \u00e9lever vos pratiques spirituelles et cr\u00e9er un environnement harmonieux.&nbsp;<\/p>\n<p>Pour une touche d&rsquo;opulence et d&rsquo;\u00e9l\u00e9gance, la plaque d&rsquo;encens curative <strong><span style=\"color: rgb(75, 80, 88);\">en pierre noire&nbsp;<\/span><\/strong>est une option \u00e9tonnante. Cette assiette pr\u00e9sente un m\u00e9lange captivant de teintes noires et dor\u00e9es. La combinaison de ces couleurs repr\u00e9sente l&rsquo;union du pouvoir et de la sagesse, ajoutant un sentiment de richesse et de sophistication \u00e0 votre espace spirituel.&nbsp;<\/p>\n<p>Les accents dor\u00e9s chatoyants \u00e9voquent des sentiments d&rsquo;abondance et de prosp\u00e9rit\u00e9, tandis que les \u00e9l\u00e9ments noirs offrent une pr\u00e9sence ancr\u00e9e.<\/p>\n<p>&nbsp;Parfait pour nos <a href=\"https:\/\/aromasentia.com\/hip\"><strong><span style=\"color: rgb(141, 186, 216);\">poudres d&rsquo;encens curative<\/span><\/strong><\/a><span style=\"color: rgb(141, 186, 216);\"><strong>.<\/strong><\/span>&nbsp;<\/p>\n<p>Achetez \u00e9galement avec le<a href=\"https:\/\/aromasentia.com\/ipm\"><strong><span style=\"color: rgb(141, 186, 216);\">&nbsp;kit de moulage de poudre d&rsquo;encens.<\/span><\/strong><\/a>&nbsp;<\/p>\n<p>Am\u00e9liorez vos rituels, s\u00e9ances de m\u00e9ditation, ou cr\u00e9ez simplement une atmosph\u00e8re apaisante.<\/p>\n","protected":false},"excerpt":{"rendered":"<p>Nos plaques d&rsquo;encens curative&nbsp;en gros sont con&ccedil;ues pour \u00e9lever vos pratiques spirituelles et cr\u00e9er un environnement harmonieux.&nbsp; Pour une touche d&rsquo;opulence et d&rsquo;\u00e9l\u00e9gance, la plaque d&rsquo;encens curative en pierre noire&nbsp;est une option \u00e9tonnante. Cette assiette pr\u00e9sente un m\u00e9lange captivant de teintes noires et dor\u00e9es. La combinaison de ces couleurs repr\u00e9sente l&rsquo;union du pouvoir et de [&hellip;]<\/p>\n","protected":false},"featured_media":401566,"comment_status":"closed","ping_status":"open","template":"","meta":{"_angie_page":false},"product_brand":[],"product_cat":[15147,25664,25226,15148],"product_tag":[],"class_list":{"0":"post-222704","1":"product","2":"type-product","3":"status-publish","4":"has-post-thumbnail","6":"product_cat-encens-et-porte-encens","7":"product_cat-pierre-de-lave-basalte","8":"product_cat-pierres-et-mineraux","9":"product_cat-porte-encens-et-encensoirs","10":"pa_collection-healing-incense-plate-fr","11":"pa_made-in-indonesie","13":"first","14":"instock","15":"purchasable","16":"product-type-simple"},"supplier_id":null,"supplier_sku":"HIPP-03","barcode":null,"atum_controlled":true,"out_stock_date":null,"out_stock_threshold":null,"inheritable":false,"inbound_stock":null,"stock_on_hold":0,"sold_today":0,"sales_last_days":0,"reserved_stock":null,"customer_returns":null,"warehouse_damage":null,"lost_in_post":null,"other_logs":null,"out_stock_days":0,"lost_sales":0,"has_location":null,"update_date":"2026-04-27T07:07:33","atum_locations":[],"atum_stock_status":"instock","restock_status":false,"low_stock_amount":"","sales_update_date":"2026-01-30T01:26:04","calc_backorders":null,"_links":{"self":[{"href":"https:\/\/aromasentia.com\/fr\/wp-json\/wp\/v2\/product\/222704","targetHints":{"allow":["GET"]}}],"collection":[{"href":"https:\/\/aromasentia.com\/fr\/wp-json\/wp\/v2\/product"}],"about":[{"href":"https:\/\/aromasentia.com\/fr\/wp-json\/wp\/v2\/types\/product"}],"replies":[{"embeddable":true,"href":"https:\/\/aromasentia.com\/fr\/wp-json\/wp\/v2\/comments?post=222704"}],"version-history":[{"count":0,"href":"https:\/\/aromasentia.com\/fr\/wp-json\/wp\/v2\/product\/222704\/revisions"}],"wp:featuredmedia":[{"embeddable":true,"href":"https:\/\/aromasentia.com\/fr\/wp-json\/wp\/v2\/media\/401566"}],"wp:attachment":[{"href":"https:\/\/aromasentia.com\/fr\/wp-json\/wp\/v2\/media?parent=222704"}],"wp:term":[{"taxonomy":"product_brand","embeddable":true,"href":"https:\/\/aromasentia.com\/fr\/wp-json\/wp\/v2\/product_brand?post=222704"},{"taxonomy":"product_cat","embeddable":true,"href":"https:\/\/aromasentia.com\/fr\/wp-json\/wp\/v2\/product_cat?post=222704"},{"taxonomy":"product_tag","embeddable":true,"href":"https:\/\/aromasentia.com\/fr\/wp-json\/wp\/v2\/product_tag?post=222704"}],"curies":[{"name":"wp","href":"https:\/\/api.w.org\/{rel}","templated":true}]}}