{"id":222676,"date":"2025-03-23T10:30:18","date_gmt":"2025-03-23T10:30:18","guid":{"rendered":"https:\/\/aromasentia.com\/product\/healing-incense-powder-nutmeg-100gm\/"},"modified":"2025-06-23T18:28:39","modified_gmt":"2025-06-23T18:28:39","slug":"poudre-dencens-curative-noix-de-muscade-100-g","status":"publish","type":"product","link":"https:\/\/aromasentia.com\/fr\/poudre-dencens-curative-noix-de-muscade-100-g\/","title":{"rendered":"Poudre d&rsquo;Encens Curative &#8211; Noix de muscade 100 g"},"content":{"rendered":"<h1><strong><span style=\"color: rgb(75, 80, 88);\">Vente en gros de poudres d&rsquo;encens curative.&nbsp;<\/span><\/strong><\/h1>\n<p><strong><span style=\"color: rgb(75, 80, 88);\">Ar\u00f4me exquis de noix de muscade dans une poudre d&rsquo;encens parfum\u00e9e.<\/span><\/strong> Parfaits pour apaiser les sens et cr\u00e9er une ambiance paisible, des m\u00e9langes soigneusement s\u00e9lectionn\u00e9s d&rsquo;ingr\u00e9dients aromatiques favorisent le bien-\u00eatre et l&rsquo;\u00e9quilibre.&nbsp;<\/p>\n<p>Pr\u00e9parez un br\u00fbleur d&rsquo;encens r\u00e9sistant \u00e0 la chaleur ou un support d\u00e9sign\u00e9, remplissez le moule de poudre d&rsquo;encens et retirez-le d\u00e9licatement pour le placer sur l&rsquo;assiette.&nbsp;<\/p>\n<p>Allumez la poudre, laissez-la prendre feu bri\u00e8vement, puis soufflez-la, permettant \u00e0 la fum\u00e9e aromatique de remplir votre espace.&nbsp;<\/p>\n<p>Vous pourriez aussi aimer cet<strong><span style=\"color: rgb(141, 186, 216);\">&nbsp;<\/span><\/strong><span style=\"color: rgb(141, 186, 216);\"><a href=\"https:\/\/aromasentia.com\/ipm\"><strong>Ensemble de moules \u00e0 poudre d&rsquo;encens<\/strong><\/a><\/span> et<strong><a href=\"https:\/\/aromasentia.com\/hipp\"><span style=\"color: rgb(141, 186, 216);\">&nbsp;plaque d&rsquo;encens curative.<\/span><\/a><\/strong><span style=\"color: rgb(141, 186, 216);\"><strong>&nbsp;<\/strong><\/span><\/p>\n<p>Fabriqu\u00e9 avec un m\u00e9lange de poudre de Kayu et de plus de trente herbes naturelles et aromates locaux \u00e0 partir d&rsquo;une recette transmise et raffin\u00e9e au fil des g\u00e9n\u00e9rations.&nbsp;<\/p>\n<p>Chaque lot d&rsquo;encens est pr\u00e9par\u00e9 et m\u00e9lang\u00e9 seulement apr\u00e8s avoir fait le c\u00e9r\u00e9monial. offrandes aux Dieux.&nbsp;<\/p>\n<p><strong><span style=\"color: rgb(141, 186, 216);\">Commandez maintenant. pour embrassez la tranquillit\u00e9 et \u00e9levez vos pratiques de bien-\u00eatre holistiques avec nos poudres d&rsquo;encens curatives.<\/span><\/strong><\/p>\n","protected":false},"excerpt":{"rendered":"<p>Vente en gros de poudres d&rsquo;encens curative.&nbsp; Ar\u00f4me exquis de noix de muscade dans une poudre d&rsquo;encens parfum\u00e9e. Parfaits pour apaiser les sens et cr\u00e9er une ambiance paisible, des m\u00e9langes soigneusement s\u00e9lectionn\u00e9s d&rsquo;ingr\u00e9dients aromatiques favorisent le bien-\u00eatre et l&rsquo;\u00e9quilibre.&nbsp; Pr\u00e9parez un br\u00fbleur d&rsquo;encens r\u00e9sistant \u00e0 la chaleur ou un support d\u00e9sign\u00e9, remplissez le moule de [&hellip;]<\/p>\n","protected":false},"featured_media":401399,"comment_status":"closed","ping_status":"open","template":"","meta":{"_angie_page":false},"product_brand":[],"product_cat":[15147,16023,26888,26301,25842],"product_tag":[],"class_list":{"0":"post-222676","1":"product","2":"type-product","3":"status-publish","4":"has-post-thumbnail","6":"product_cat-encens-et-porte-encens","7":"product_cat-encens-en-poudre","8":"product_cat-epice","9":"product_cat-noix-de-muscade","10":"product_cat-senteurs-aromes","11":"pa_collection-healing-incense-powder-fr","12":"pa_made-in-indonesie","13":"pa_size-100g","15":"first","16":"instock","17":"purchasable","18":"product-type-simple"},"supplier_id":null,"supplier_sku":"HIP-07","barcode":null,"atum_controlled":true,"out_stock_date":null,"out_stock_threshold":null,"inheritable":false,"inbound_stock":null,"stock_on_hold":0,"sold_today":0,"sales_last_days":0,"reserved_stock":null,"customer_returns":null,"warehouse_damage":null,"lost_in_post":null,"other_logs":null,"out_stock_days":0,"lost_sales":0,"has_location":null,"update_date":"2026-04-29T13:02:36","atum_locations":[],"atum_stock_status":"instock","restock_status":false,"low_stock_amount":"","sales_update_date":"2025-09-03T00:19:43","calc_backorders":null,"_links":{"self":[{"href":"https:\/\/aromasentia.com\/fr\/wp-json\/wp\/v2\/product\/222676","targetHints":{"allow":["GET"]}}],"collection":[{"href":"https:\/\/aromasentia.com\/fr\/wp-json\/wp\/v2\/product"}],"about":[{"href":"https:\/\/aromasentia.com\/fr\/wp-json\/wp\/v2\/types\/product"}],"replies":[{"embeddable":true,"href":"https:\/\/aromasentia.com\/fr\/wp-json\/wp\/v2\/comments?post=222676"}],"version-history":[{"count":0,"href":"https:\/\/aromasentia.com\/fr\/wp-json\/wp\/v2\/product\/222676\/revisions"}],"wp:featuredmedia":[{"embeddable":true,"href":"https:\/\/aromasentia.com\/fr\/wp-json\/wp\/v2\/media\/401399"}],"wp:attachment":[{"href":"https:\/\/aromasentia.com\/fr\/wp-json\/wp\/v2\/media?parent=222676"}],"wp:term":[{"taxonomy":"product_brand","embeddable":true,"href":"https:\/\/aromasentia.com\/fr\/wp-json\/wp\/v2\/product_brand?post=222676"},{"taxonomy":"product_cat","embeddable":true,"href":"https:\/\/aromasentia.com\/fr\/wp-json\/wp\/v2\/product_cat?post=222676"},{"taxonomy":"product_tag","embeddable":true,"href":"https:\/\/aromasentia.com\/fr\/wp-json\/wp\/v2\/product_tag?post=222676"}],"curies":[{"name":"wp","href":"https:\/\/api.w.org\/{rel}","templated":true}]}}