{"id":222492,"date":"2025-03-23T10:30:27","date_gmt":"2025-03-23T10:30:27","guid":{"rendered":"https:\/\/aromasentia.com\/product\/satya-incense-sticks-15g-himalayan-jasmine\/"},"modified":"2025-12-30T19:05:13","modified_gmt":"2025-12-30T19:05:13","slug":"batonnets-dencens-satya-15g-jasmin-de-lhimalaya","status":"publish","type":"product","link":"https:\/\/aromasentia.com\/fr\/batonnets-dencens-satya-15g-jasmin-de-lhimalaya\/","title":{"rendered":"B\u00e2tonnets d&rsquo;encens Satya 15g &#8211; Jasmin de l&rsquo;Himalaya"},"content":{"rendered":"<p>Allumez simplement un<strong><span style=\"color: rgb(75, 80, 88);\">&nbsp;b\u00e2ton d&rsquo;encens Satya Jasmin de l&rsquo;Himalaya<\/span><\/strong> et attendez que votre maison se transforme avec ces ar\u00f4mes lumineux et \u00e9nergisants. Ces b\u00e2tons d&rsquo;encens Satya en gros sont roul\u00e9s \u00e0 la main en Inde \u00e0 l&rsquo;aide d&rsquo;extraits purs et des meilleures huiles parfum\u00e9es.&nbsp;<\/p>\n<p>Laissez cet ar\u00f4me remplir votre maison ou votre magasin et cr\u00e9er une atmosph\u00e8re merveilleuse. L&rsquo;utilisation de b\u00e2tons d&rsquo;encens est facile, il suffit d&rsquo;allumer l&rsquo;extr\u00e9mit\u00e9 et d&rsquo;attendre qu&rsquo;elle brille et \u00e9teigne la flamme. Ensuite, placez-le dans un porte-encens et profitez du merveilleux parfum produit.&nbsp;<\/p>\n<p>B\u00e2tons d&rsquo;encens Satya &nbsp;&#8211; Contient 15g d&rsquo;encens (environ 15 b\u00e2tons) &nbsp;&#8211; Emballage recyclable &nbsp;&#8211; Utiliser avec un porte-encens pour de meilleurs r\u00e9sultats &nbsp;&#8211; Temps de combustion du stick : Environ 30 min Marque tr\u00e8s populaire&#8230; avec de nouveaux parfums r\u00e9guli\u00e8rement introduits<\/p>\n","protected":false},"excerpt":{"rendered":"<p>Allumez simplement un&nbsp;b\u00e2ton d&rsquo;encens Satya Jasmin de l&rsquo;Himalaya et attendez que votre maison se transforme avec ces ar\u00f4mes lumineux et \u00e9nergisants. Ces b\u00e2tons d&rsquo;encens Satya en gros sont roul\u00e9s \u00e0 la main en Inde \u00e0 l&rsquo;aide d&rsquo;extraits purs et des meilleures huiles parfum\u00e9es.&nbsp; Laissez cet ar\u00f4me remplir votre maison ou votre magasin et cr\u00e9er une [&hellip;]<\/p>\n","protected":false},"featured_media":402901,"comment_status":"closed","ping_status":"open","template":"","meta":{"_angie_page":false},"product_brand":[27137],"product_cat":[15193,15147,26832,26225,25842],"product_tag":[],"class_list":{"0":"post-222492","1":"product","2":"type-product","3":"status-publish","4":"has-post-thumbnail","6":"product_brand-satya","7":"product_cat-batonnets-d-encens","8":"product_cat-encens-et-porte-encens","9":"product_cat-floral","10":"product_cat-jasmin","11":"product_cat-senteurs-aromes","12":"pa_collection-satya-incense-sticks-fr","13":"pa_made-in-inde","15":"first","16":"instock","17":"purchasable","18":"product-type-simple"},"supplier_id":null,"supplier_sku":"iSatya-37","barcode":null,"atum_controlled":true,"out_stock_date":null,"out_stock_threshold":null,"inheritable":false,"inbound_stock":null,"stock_on_hold":0,"sold_today":0,"sales_last_days":0,"reserved_stock":null,"customer_returns":null,"warehouse_damage":null,"lost_in_post":null,"other_logs":null,"out_stock_days":0,"lost_sales":0,"has_location":null,"update_date":"2026-05-08T05:11:56","atum_locations":[],"atum_stock_status":"instock","restock_status":false,"low_stock_amount":"","sales_update_date":"2025-09-03T00:19:33","calc_backorders":null,"_links":{"self":[{"href":"https:\/\/aromasentia.com\/fr\/wp-json\/wp\/v2\/product\/222492","targetHints":{"allow":["GET"]}}],"collection":[{"href":"https:\/\/aromasentia.com\/fr\/wp-json\/wp\/v2\/product"}],"about":[{"href":"https:\/\/aromasentia.com\/fr\/wp-json\/wp\/v2\/types\/product"}],"replies":[{"embeddable":true,"href":"https:\/\/aromasentia.com\/fr\/wp-json\/wp\/v2\/comments?post=222492"}],"version-history":[{"count":0,"href":"https:\/\/aromasentia.com\/fr\/wp-json\/wp\/v2\/product\/222492\/revisions"}],"wp:featuredmedia":[{"embeddable":true,"href":"https:\/\/aromasentia.com\/fr\/wp-json\/wp\/v2\/media\/402901"}],"wp:attachment":[{"href":"https:\/\/aromasentia.com\/fr\/wp-json\/wp\/v2\/media?parent=222492"}],"wp:term":[{"taxonomy":"product_brand","embeddable":true,"href":"https:\/\/aromasentia.com\/fr\/wp-json\/wp\/v2\/product_brand?post=222492"},{"taxonomy":"product_cat","embeddable":true,"href":"https:\/\/aromasentia.com\/fr\/wp-json\/wp\/v2\/product_cat?post=222492"},{"taxonomy":"product_tag","embeddable":true,"href":"https:\/\/aromasentia.com\/fr\/wp-json\/wp\/v2\/product_tag?post=222492"}],"curies":[{"name":"wp","href":"https:\/\/api.w.org\/{rel}","templated":true}]}}