{"id":222392,"date":"2025-03-23T10:30:36","date_gmt":"2025-03-23T10:30:36","guid":{"rendered":"https:\/\/aromasentia.com\/product\/42g-jumbo-golden-nag-lavender-back-flow-incense-cones\/"},"modified":"2025-12-30T19:04:58","modified_gmt":"2025-12-30T19:04:58","slug":"cones-dencens-a-refoulement-jumbo-golden-nag-42g-lavande","status":"publish","type":"product","link":"https:\/\/aromasentia.com\/fr\/cones-dencens-a-refoulement-jumbo-golden-nag-42g-lavande\/","title":{"rendered":"C\u00f4nes d&rsquo;Encens \u00e0 Refoulement  Jumbo Golden Nag 42g &#8211; Lavande"},"content":{"rendered":"<p>Plongez dans un havre de tranquillit\u00e9 avec nos <strong><span style=\"color: rgb(75, 80, 88);\">12 c\u00f4nes d&rsquo;encens \u00e0 refoulement Jumbo Golden Nag infus\u00e9s de lavande<\/span><\/strong>. Chaque c\u00f4ne lib\u00e8re un parfum envo\u00fbtant et relaxant qui embaume votre espace de m\u00e9ditation d&rsquo;une douceur exquise.&nbsp;<\/p>\n<p>La lavande, reconnue pour ses vertus apaisantes, s&rsquo;unit \u00e0 la qualit\u00e9 exceptionnelle des c\u00f4nes Jumbo Golden Nag pour cr\u00e9er une ambiance propice \u00e0 la relaxation et \u00e0 la s\u00e9r\u00e9nit\u00e9.&nbsp;<\/p>\n<p>Laissez-vous transporter par la douce fum\u00e9e de ces c\u00f4nes d&rsquo;encens et plongez dans un \u00e9tat de calme absolu.&nbsp;<\/p>\n<p><strong><span style=\"color: rgb(141, 186, 216);\">Red\u00e9couvrez la magie de la m\u00e9ditation avec ces c\u00f4nes d&rsquo;encens exceptionnels, con&ccedil;us pour vous offrir une exp\u00e9rience sensorielle unique et apaisante, \u00e0 chaque instant de votre pratique<\/span><\/strong> <\/p>\n","protected":false},"excerpt":{"rendered":"<p>Plongez dans un havre de tranquillit\u00e9 avec nos 12 c\u00f4nes d&rsquo;encens \u00e0 refoulement Jumbo Golden Nag infus\u00e9s de lavande. Chaque c\u00f4ne lib\u00e8re un parfum envo\u00fbtant et relaxant qui embaume votre espace de m\u00e9ditation d&rsquo;une douceur exquise.&nbsp; La lavande, reconnue pour ses vertus apaisantes, s&rsquo;unit \u00e0 la qualit\u00e9 exceptionnelle des c\u00f4nes Jumbo Golden Nag pour cr\u00e9er [&hellip;]<\/p>\n","protected":false},"featured_media":405424,"comment_status":"closed","ping_status":"open","template":"","meta":{"_angie_page":false},"product_brand":[],"product_cat":[15328,15147,26832,26233,25842],"product_tag":[],"class_list":{"0":"post-222392","1":"product","2":"type-product","3":"status-publish","4":"has-post-thumbnail","6":"product_cat-cones-d-encens","7":"product_cat-encens-et-porte-encens","8":"product_cat-floral","9":"product_cat-lavande","10":"product_cat-senteurs-aromes","11":"pa_collection-jumbo-golden-nag-backflow-incense-cones-fr","12":"pa_made-in-inde","14":"first","15":"instock","16":"purchasable","17":"product-type-simple"},"supplier_id":null,"supplier_sku":"JBackF-09","barcode":null,"atum_controlled":true,"out_stock_date":null,"out_stock_threshold":null,"inheritable":false,"inbound_stock":null,"stock_on_hold":0,"sold_today":0,"sales_last_days":0,"reserved_stock":null,"customer_returns":null,"warehouse_damage":null,"lost_in_post":null,"other_logs":null,"out_stock_days":0,"lost_sales":0,"has_location":null,"update_date":"2026-04-27T07:09:49","atum_locations":[],"atum_stock_status":"instock","restock_status":false,"low_stock_amount":"","sales_update_date":"2026-01-30T01:24:28","calc_backorders":null,"_links":{"self":[{"href":"https:\/\/aromasentia.com\/fr\/wp-json\/wp\/v2\/product\/222392","targetHints":{"allow":["GET"]}}],"collection":[{"href":"https:\/\/aromasentia.com\/fr\/wp-json\/wp\/v2\/product"}],"about":[{"href":"https:\/\/aromasentia.com\/fr\/wp-json\/wp\/v2\/types\/product"}],"replies":[{"embeddable":true,"href":"https:\/\/aromasentia.com\/fr\/wp-json\/wp\/v2\/comments?post=222392"}],"version-history":[{"count":0,"href":"https:\/\/aromasentia.com\/fr\/wp-json\/wp\/v2\/product\/222392\/revisions"}],"wp:featuredmedia":[{"embeddable":true,"href":"https:\/\/aromasentia.com\/fr\/wp-json\/wp\/v2\/media\/405424"}],"wp:attachment":[{"href":"https:\/\/aromasentia.com\/fr\/wp-json\/wp\/v2\/media?parent=222392"}],"wp:term":[{"taxonomy":"product_brand","embeddable":true,"href":"https:\/\/aromasentia.com\/fr\/wp-json\/wp\/v2\/product_brand?post=222392"},{"taxonomy":"product_cat","embeddable":true,"href":"https:\/\/aromasentia.com\/fr\/wp-json\/wp\/v2\/product_cat?post=222392"},{"taxonomy":"product_tag","embeddable":true,"href":"https:\/\/aromasentia.com\/fr\/wp-json\/wp\/v2\/product_tag?post=222392"}],"curies":[{"name":"wp","href":"https:\/\/api.w.org\/{rel}","templated":true}]}}