{"id":222388,"date":"2025-03-23T10:30:36","date_gmt":"2025-03-23T10:30:36","guid":{"rendered":"https:\/\/aromasentia.com\/product\/42g-jumbo-golden-nag-seven-chakra-back-flow-incense-cones\/"},"modified":"2025-12-30T19:04:58","modified_gmt":"2025-12-30T19:04:58","slug":"cones-dencens-a-refoulement-jumbo-golden-nag-42g-sept-chakra","status":"publish","type":"product","link":"https:\/\/aromasentia.com\/fr\/cones-dencens-a-refoulement-jumbo-golden-nag-42g-sept-chakra\/","title":{"rendered":"C\u00f4nes d&rsquo;Encens \u00e0 Refoulement  Jumbo Golden Nag 42g- Sept Chakra"},"content":{"rendered":"<p>Explorez l&rsquo;harmonie int\u00e9rieure avec nos<strong><span style=\"color: rgb(75, 80, 88);\">&nbsp;12 c\u00f4nes d&rsquo;encens \u00e0 refoulement Jumbo Golden Nag<\/span><\/strong>, impr\u00e9gn\u00e9s des \u00e9nergies des Sept Chakras. Chaque c\u00f4ne lib\u00e8re des ar\u00f4mes apaisants qui \u00e9quilibrent et harmonisent vos centres d&rsquo;\u00e9nergie.&nbsp;<\/p>\n<p>Les Sept Chakras, symboles de vitalit\u00e9 et d&rsquo;\u00e9quilibre, s&rsquo;associent \u00e0 la qualit\u00e9 exceptionnelle des c\u00f4nes Jumbo Golden Nag pour cr\u00e9er une ambiance propice \u00e0 l&rsquo;alignement spirituel et \u00e0 la m\u00e9ditation.&nbsp;<\/p>\n<p>Laissez-vous envo\u00fbter par la douce fum\u00e9e de ces c\u00f4nes d&rsquo;encens et laissez les \u00e9nergies des Chakras vous guider vers un \u00e9tat de clart\u00e9 mentale et de paix int\u00e9rieure.&nbsp;<\/p>\n<p><strong><span style=\"color: rgb(141, 186, 216);\">Red\u00e9couvrez la puissance de l&rsquo;\u00e9quilibre avec ces c\u00f4nes d&rsquo;encens uniques, con&ccedil;us pour vous reconnecter \u00e0 votre moi int\u00e9rieur et \u00e9lever votre pratique m\u00e9ditative<\/span><\/strong> <\/p>\n","protected":false},"excerpt":{"rendered":"<p>Explorez l&rsquo;harmonie int\u00e9rieure avec nos&nbsp;12 c\u00f4nes d&rsquo;encens \u00e0 refoulement Jumbo Golden Nag, impr\u00e9gn\u00e9s des \u00e9nergies des Sept Chakras. Chaque c\u00f4ne lib\u00e8re des ar\u00f4mes apaisants qui \u00e9quilibrent et harmonisent vos centres d&rsquo;\u00e9nergie.&nbsp; Les Sept Chakras, symboles de vitalit\u00e9 et d&rsquo;\u00e9quilibre, s&rsquo;associent \u00e0 la qualit\u00e9 exceptionnelle des c\u00f4nes Jumbo Golden Nag pour cr\u00e9er une ambiance propice \u00e0 [&hellip;]<\/p>\n","protected":false},"featured_media":405391,"comment_status":"closed","ping_status":"open","template":"","meta":{"_angie_page":false},"product_brand":[],"product_cat":[15328,15147],"product_tag":[],"class_list":{"0":"post-222388","1":"product","2":"type-product","3":"status-publish","4":"has-post-thumbnail","6":"product_cat-cones-d-encens","7":"product_cat-encens-et-porte-encens","8":"pa_collection-jumbo-golden-nag-backflow-incense-cones-fr","9":"pa_made-in-inde","11":"first","12":"instock","13":"purchasable","14":"product-type-simple"},"supplier_id":null,"supplier_sku":"JBackF-08","barcode":null,"atum_controlled":true,"out_stock_date":null,"out_stock_threshold":null,"inheritable":false,"inbound_stock":null,"stock_on_hold":0,"sold_today":0,"sales_last_days":0,"reserved_stock":null,"customer_returns":null,"warehouse_damage":null,"lost_in_post":null,"other_logs":null,"out_stock_days":0,"lost_sales":0,"has_location":null,"update_date":"2026-04-27T07:09:49","atum_locations":[],"atum_stock_status":"instock","restock_status":false,"low_stock_amount":"","sales_update_date":"2026-02-06T00:02:48","calc_backorders":null,"_links":{"self":[{"href":"https:\/\/aromasentia.com\/fr\/wp-json\/wp\/v2\/product\/222388","targetHints":{"allow":["GET"]}}],"collection":[{"href":"https:\/\/aromasentia.com\/fr\/wp-json\/wp\/v2\/product"}],"about":[{"href":"https:\/\/aromasentia.com\/fr\/wp-json\/wp\/v2\/types\/product"}],"replies":[{"embeddable":true,"href":"https:\/\/aromasentia.com\/fr\/wp-json\/wp\/v2\/comments?post=222388"}],"version-history":[{"count":0,"href":"https:\/\/aromasentia.com\/fr\/wp-json\/wp\/v2\/product\/222388\/revisions"}],"wp:featuredmedia":[{"embeddable":true,"href":"https:\/\/aromasentia.com\/fr\/wp-json\/wp\/v2\/media\/405391"}],"wp:attachment":[{"href":"https:\/\/aromasentia.com\/fr\/wp-json\/wp\/v2\/media?parent=222388"}],"wp:term":[{"taxonomy":"product_brand","embeddable":true,"href":"https:\/\/aromasentia.com\/fr\/wp-json\/wp\/v2\/product_brand?post=222388"},{"taxonomy":"product_cat","embeddable":true,"href":"https:\/\/aromasentia.com\/fr\/wp-json\/wp\/v2\/product_cat?post=222388"},{"taxonomy":"product_tag","embeddable":true,"href":"https:\/\/aromasentia.com\/fr\/wp-json\/wp\/v2\/product_tag?post=222388"}],"curies":[{"name":"wp","href":"https:\/\/api.w.org\/{rel}","templated":true}]}}