{"id":222384,"date":"2025-03-23T10:30:36","date_gmt":"2025-03-23T10:30:36","guid":{"rendered":"https:\/\/aromasentia.com\/product\/42g-jumbo-golden-nag-mantra-back-flow-incense-cones\/"},"modified":"2025-12-30T19:04:58","modified_gmt":"2025-12-30T19:04:58","slug":"cones-dencens-a-refoulement-jumbo-golden-nag-42g-mantra","status":"publish","type":"product","link":"https:\/\/aromasentia.com\/fr\/cones-dencens-a-refoulement-jumbo-golden-nag-42g-mantra\/","title":{"rendered":"C\u00f4nes d&rsquo;Encens \u00e0 Refoulement  Jumbo Golden Nag 42g &#8211; Mantra"},"content":{"rendered":"<p>Explorez la puissance des vibrations positives avec nos <strong><span style=\"color: rgb(75, 80, 88);\">12 c\u00f4nes d&rsquo;encens \u00e0 refoulement Jumbo Golden Nag<\/span><\/strong>, impr\u00e9gn\u00e9s de la spiritualit\u00e9 du Mantra. Chaque c\u00f4ne lib\u00e8re des ar\u00f4mes envo\u00fbtants qui vous transportent vers un \u00e9tat m\u00e9ditatif profond.&nbsp;<\/p>\n<p>Le Mantra, r\u00e9put\u00e9 pour ses effets apaisants sur l&rsquo;esprit, se marie \u00e0 la qualit\u00e9 exceptionnelle des c\u00f4nes Jumbo Golden Nag pour cr\u00e9er une ambiance propice \u00e0 la concentration et \u00e0 la relaxation.&nbsp;<\/p>\n<p>Laissez-vous envelopper par la douce fum\u00e9e de ces c\u00f4nes d&rsquo;encens et laissez les vibrations du Mantra vous guider vers un \u00e9tat de calme int\u00e9rieur.&nbsp;<\/p>\n<p><strong><span style=\"color: rgb(141, 186, 216);\">Red\u00e9couvrez le pouvoir de la m\u00e9ditation avec ces c\u00f4nes d&rsquo;encens exceptionnels, con&ccedil;us pour \u00e9lever votre pratique vers des sommets spirituels.<\/span><\/strong> <\/p>\n","protected":false},"excerpt":{"rendered":"<p>Explorez la puissance des vibrations positives avec nos 12 c\u00f4nes d&rsquo;encens \u00e0 refoulement Jumbo Golden Nag, impr\u00e9gn\u00e9s de la spiritualit\u00e9 du Mantra. Chaque c\u00f4ne lib\u00e8re des ar\u00f4mes envo\u00fbtants qui vous transportent vers un \u00e9tat m\u00e9ditatif profond.&nbsp; Le Mantra, r\u00e9put\u00e9 pour ses effets apaisants sur l&rsquo;esprit, se marie \u00e0 la qualit\u00e9 exceptionnelle des c\u00f4nes Jumbo Golden [&hellip;]<\/p>\n","protected":false},"featured_media":405358,"comment_status":"closed","ping_status":"open","template":"","meta":{"_angie_page":false},"product_brand":[],"product_cat":[15328,15147],"product_tag":[],"class_list":{"0":"post-222384","1":"product","2":"type-product","3":"status-publish","4":"has-post-thumbnail","6":"product_cat-cones-d-encens","7":"product_cat-encens-et-porte-encens","8":"pa_collection-jumbo-golden-nag-backflow-incense-cones-fr","9":"pa_made-in-inde","11":"first","12":"instock","13":"purchasable","14":"product-type-simple"},"supplier_id":null,"supplier_sku":"JBackF-07","barcode":null,"atum_controlled":true,"out_stock_date":null,"out_stock_threshold":null,"inheritable":false,"inbound_stock":null,"stock_on_hold":0,"sold_today":0,"sales_last_days":0,"reserved_stock":null,"customer_returns":null,"warehouse_damage":null,"lost_in_post":null,"other_logs":null,"out_stock_days":0,"lost_sales":0,"has_location":null,"update_date":"2026-04-27T19:09:48","atum_locations":[],"atum_stock_status":"instock","restock_status":false,"low_stock_amount":"","sales_update_date":"2026-02-06T00:02:21","calc_backorders":null,"_links":{"self":[{"href":"https:\/\/aromasentia.com\/fr\/wp-json\/wp\/v2\/product\/222384","targetHints":{"allow":["GET"]}}],"collection":[{"href":"https:\/\/aromasentia.com\/fr\/wp-json\/wp\/v2\/product"}],"about":[{"href":"https:\/\/aromasentia.com\/fr\/wp-json\/wp\/v2\/types\/product"}],"replies":[{"embeddable":true,"href":"https:\/\/aromasentia.com\/fr\/wp-json\/wp\/v2\/comments?post=222384"}],"version-history":[{"count":0,"href":"https:\/\/aromasentia.com\/fr\/wp-json\/wp\/v2\/product\/222384\/revisions"}],"wp:featuredmedia":[{"embeddable":true,"href":"https:\/\/aromasentia.com\/fr\/wp-json\/wp\/v2\/media\/405358"}],"wp:attachment":[{"href":"https:\/\/aromasentia.com\/fr\/wp-json\/wp\/v2\/media?parent=222384"}],"wp:term":[{"taxonomy":"product_brand","embeddable":true,"href":"https:\/\/aromasentia.com\/fr\/wp-json\/wp\/v2\/product_brand?post=222384"},{"taxonomy":"product_cat","embeddable":true,"href":"https:\/\/aromasentia.com\/fr\/wp-json\/wp\/v2\/product_cat?post=222384"},{"taxonomy":"product_tag","embeddable":true,"href":"https:\/\/aromasentia.com\/fr\/wp-json\/wp\/v2\/product_tag?post=222384"}],"curies":[{"name":"wp","href":"https:\/\/api.w.org\/{rel}","templated":true}]}}