{"id":222380,"date":"2025-03-23T10:30:36","date_gmt":"2025-03-23T10:30:36","guid":{"rendered":"https:\/\/aromasentia.com\/product\/42g-jumbo-golden-nag-white-sage-back-flow-incense-cones\/"},"modified":"2025-12-30T19:04:58","modified_gmt":"2025-12-30T19:04:58","slug":"cones-dencens-a-refoulement-jumbo-golden-nag-42g-sauge-blanche","status":"publish","type":"product","link":"https:\/\/aromasentia.com\/fr\/cones-dencens-a-refoulement-jumbo-golden-nag-42g-sauge-blanche\/","title":{"rendered":"C\u00f4nes d&rsquo;Encens \u00e0 Refoulement  Jumbo Golden Nag 42g-  Sauge Blanche"},"content":{"rendered":"<p>Explorez la puret\u00e9 de l&rsquo;esprit et de l&rsquo;\u00e2me avec nos <strong><span style=\"color: rgb(75, 80, 88);\">12 c\u00f4nes d&rsquo;encens \u00e0 refoulement Jumbo Golden Nag infus\u00e9s de Sauge Blanche<\/span><\/strong>. Plongez dans une exp\u00e9rience de m\u00e9ditation profonde et de purification gr\u00e2ce \u00e0 ces c\u00f4nes d&rsquo;encens uniques.&nbsp;<\/p>\n<p>La Sauge Blanche est reconnue pour ses propri\u00e9t\u00e9s de nettoyage \u00e9nerg\u00e9tique et de purification des espaces. Associ\u00e9e \u00e0 la qualit\u00e9 exceptionnelle des c\u00f4nes Jumbo Golden Nag, elle cr\u00e9e une ambiance propice \u00e0 la m\u00e9ditation et \u00e0 la concentration.&nbsp;<\/p>\n<p>Laissez-vous transporter par la douce fum\u00e9e apaisante de la Sauge Blanche et lib\u00e9rez votre esprit de toute n\u00e9gativit\u00e9.&nbsp;<\/p>\n<p><strong><span style=\"color: rgb(141, 186, 216);\">\u00e9levez votre pratique de m\u00e9ditation avec ces c\u00f4nes d&rsquo;encens et plongez dans un voyage int\u00e9rieur empreint de clart\u00e9 et d&rsquo;harmonie.<\/span><\/strong> <\/p>\n","protected":false},"excerpt":{"rendered":"<p>Explorez la puret\u00e9 de l&rsquo;esprit et de l&rsquo;\u00e2me avec nos 12 c\u00f4nes d&rsquo;encens \u00e0 refoulement Jumbo Golden Nag infus\u00e9s de Sauge Blanche. Plongez dans une exp\u00e9rience de m\u00e9ditation profonde et de purification gr\u00e2ce \u00e0 ces c\u00f4nes d&rsquo;encens uniques.&nbsp; La Sauge Blanche est reconnue pour ses propri\u00e9t\u00e9s de nettoyage \u00e9nerg\u00e9tique et de purification des espaces. Associ\u00e9e [&hellip;]<\/p>\n","protected":false},"featured_media":405301,"comment_status":"closed","ping_status":"open","template":"","meta":[],"product_brand":[],"product_cat":[15328,15147,26860,26485,25842],"product_tag":[],"class_list":{"0":"post-222380","1":"product","2":"type-product","3":"status-publish","4":"has-post-thumbnail","6":"product_cat-cones-d-encens","7":"product_cat-encens-et-porte-encens","8":"product_cat-herbes-aromatiques","9":"product_cat-sauge-blanche","10":"product_cat-senteurs-aromes","11":"pa_collection-jumbo-golden-nag-backflow-incense-cones-fr","12":"pa_made-in-inde","14":"first","15":"instock","16":"purchasable","17":"product-type-simple"},"supplier_id":null,"supplier_sku":"JBackF-06","barcode":null,"atum_controlled":true,"out_stock_date":null,"out_stock_threshold":null,"inheritable":false,"inbound_stock":null,"stock_on_hold":0,"sold_today":0,"sales_last_days":0,"reserved_stock":null,"customer_returns":null,"warehouse_damage":null,"lost_in_post":null,"other_logs":null,"out_stock_days":0,"lost_sales":0,"has_location":null,"update_date":"2026-01-30T01:26:01","atum_locations":[],"atum_stock_status":"instock","restock_status":false,"low_stock_amount":"","sales_update_date":"2026-01-30T01:26:01","calc_backorders":null,"_links":{"self":[{"href":"https:\/\/aromasentia.com\/fr\/wp-json\/wp\/v2\/product\/222380","targetHints":{"allow":["GET"]}}],"collection":[{"href":"https:\/\/aromasentia.com\/fr\/wp-json\/wp\/v2\/product"}],"about":[{"href":"https:\/\/aromasentia.com\/fr\/wp-json\/wp\/v2\/types\/product"}],"replies":[{"embeddable":true,"href":"https:\/\/aromasentia.com\/fr\/wp-json\/wp\/v2\/comments?post=222380"}],"version-history":[{"count":0,"href":"https:\/\/aromasentia.com\/fr\/wp-json\/wp\/v2\/product\/222380\/revisions"}],"wp:featuredmedia":[{"embeddable":true,"href":"https:\/\/aromasentia.com\/fr\/wp-json\/wp\/v2\/media\/405301"}],"wp:attachment":[{"href":"https:\/\/aromasentia.com\/fr\/wp-json\/wp\/v2\/media?parent=222380"}],"wp:term":[{"taxonomy":"product_brand","embeddable":true,"href":"https:\/\/aromasentia.com\/fr\/wp-json\/wp\/v2\/product_brand?post=222380"},{"taxonomy":"product_cat","embeddable":true,"href":"https:\/\/aromasentia.com\/fr\/wp-json\/wp\/v2\/product_cat?post=222380"},{"taxonomy":"product_tag","embeddable":true,"href":"https:\/\/aromasentia.com\/fr\/wp-json\/wp\/v2\/product_tag?post=222380"}],"curies":[{"name":"wp","href":"https:\/\/api.w.org\/{rel}","templated":true}]}}