{"id":222360,"date":"2025-03-23T10:30:36","date_gmt":"2025-03-23T10:30:36","guid":{"rendered":"https:\/\/aromasentia.com\/product\/42g-jumbo-golden-nag-champa-back-flow-incense-cones\/"},"modified":"2025-12-30T19:04:51","modified_gmt":"2025-12-30T19:04:51","slug":"cones-dencens-a-refoulement-jumbo-golden-nag-42g-champa","status":"publish","type":"product","link":"https:\/\/aromasentia.com\/fr\/cones-dencens-a-refoulement-jumbo-golden-nag-42g-champa\/","title":{"rendered":"C\u00f4nes d&rsquo;Encens \u00e0 Refoulement  Jumbo Golden Nag 42g &#8211; Champa"},"content":{"rendered":"<p>D\u00e9couvrez une exp\u00e9rience olfactive majestueuse avec les <strong>C\u00f4nes d&rsquo;Encens \u00e0 Refoulement Jumbo Golden Nag au parfum Champa <\/strong>!&nbsp;<\/p>\n<p>Plongez dans un monde de s\u00e9r\u00e9nit\u00e9 et de spiritualit\u00e9 gr\u00e2ce \u00e0 ces c\u00f4nes d&rsquo;encens Jumbo Golden Nag. Le parfum envo\u00fbtant du Champa vous transporte vers des \u00e9tats m\u00e9ditatifs profonds et cr\u00e9e une atmosph\u00e8re mystique dans votre espace.<\/p>\n<p>Fragrance Champa : Laissez-vous enivrer par la douceur florale et la profondeur des ar\u00f4mes de Champa, offrant une exp\u00e9rience sensorielle apaisante et spirituelle.<\/p>\n<p>Effet de reflux spectaculaire : Vivez le spectacle visuel captivant du reflux de fum\u00e9e descendant en cascade, cr\u00e9ant une ambiance magique et enchanteresse qui \u00e9veille les sens et calme l&rsquo;esprit.<\/p>\n<p>Qualit\u00e9 sup\u00e9rieure : Ces c\u00f4nes d&rsquo;encens Jumbo Golden Nag sont fabriqu\u00e9s avec des ingr\u00e9dients naturels de la plus haute qualit\u00e9, assurant une combustion lente et une lib\u00e9ration prolong\u00e9e de ces parfums captivants.<\/p>\n<p>Utilisations multiples : Id\u00e9aux pour la m\u00e9ditation, la relaxation ou tout simplement pour ajouter une touche de tranquillit\u00e9 \u00e0 votre espace de vie, ces c\u00f4nes d&rsquo;encens Champa transforment chaque instant en une exp\u00e9rience sensorielle enrichissante.<\/p>\n<p>Offrez \u00e0 vos clients un voyage vers la paix int\u00e9rieure et la s\u00e9r\u00e9nit\u00e9 avec les C\u00f4nes d&rsquo;Encens \u00e0 Refoulement Jumbo Golden Nag au parfum Champa.&nbsp;<\/p>\n<p><strong><span style=\"color: rgb(141, 186, 216);\">Une invitation \u00e0 l&rsquo;\u00e9quilibre et \u00e0 l&rsquo;harmonie dans votre quotidien<\/span><\/strong>.&nbsp;<\/p>\n","protected":false},"excerpt":{"rendered":"<p>D\u00e9couvrez une exp\u00e9rience olfactive majestueuse avec les C\u00f4nes d&rsquo;Encens \u00e0 Refoulement Jumbo Golden Nag au parfum Champa !&nbsp; Plongez dans un monde de s\u00e9r\u00e9nit\u00e9 et de spiritualit\u00e9 gr\u00e2ce \u00e0 ces c\u00f4nes d&rsquo;encens Jumbo Golden Nag. Le parfum envo\u00fbtant du Champa vous transporte vers des \u00e9tats m\u00e9ditatifs profonds et cr\u00e9e une atmosph\u00e8re mystique dans votre espace. [&hellip;]<\/p>\n","protected":false},"featured_media":405120,"comment_status":"closed","ping_status":"open","template":"","meta":{"_angie_page":false},"product_brand":[],"product_cat":[15328,15147],"product_tag":[],"class_list":{"0":"post-222360","1":"product","2":"type-product","3":"status-publish","4":"has-post-thumbnail","6":"product_cat-cones-d-encens","7":"product_cat-encens-et-porte-encens","8":"pa_collection-jumbo-golden-nag-backflow-incense-cones-fr","9":"pa_made-in-inde","11":"first","12":"instock","13":"purchasable","14":"product-type-simple"},"supplier_id":null,"supplier_sku":"JBackF-01","barcode":null,"atum_controlled":true,"out_stock_date":null,"out_stock_threshold":null,"inheritable":false,"inbound_stock":null,"stock_on_hold":0,"sold_today":0,"sales_last_days":0,"reserved_stock":null,"customer_returns":null,"warehouse_damage":null,"lost_in_post":null,"other_logs":null,"out_stock_days":0,"lost_sales":0,"has_location":null,"update_date":"2026-04-30T17:59:10","atum_locations":[],"atum_stock_status":"instock","restock_status":false,"low_stock_amount":"","sales_update_date":"2026-02-06T00:02:02","calc_backorders":null,"_links":{"self":[{"href":"https:\/\/aromasentia.com\/fr\/wp-json\/wp\/v2\/product\/222360","targetHints":{"allow":["GET"]}}],"collection":[{"href":"https:\/\/aromasentia.com\/fr\/wp-json\/wp\/v2\/product"}],"about":[{"href":"https:\/\/aromasentia.com\/fr\/wp-json\/wp\/v2\/types\/product"}],"replies":[{"embeddable":true,"href":"https:\/\/aromasentia.com\/fr\/wp-json\/wp\/v2\/comments?post=222360"}],"version-history":[{"count":0,"href":"https:\/\/aromasentia.com\/fr\/wp-json\/wp\/v2\/product\/222360\/revisions"}],"wp:featuredmedia":[{"embeddable":true,"href":"https:\/\/aromasentia.com\/fr\/wp-json\/wp\/v2\/media\/405120"}],"wp:attachment":[{"href":"https:\/\/aromasentia.com\/fr\/wp-json\/wp\/v2\/media?parent=222360"}],"wp:term":[{"taxonomy":"product_brand","embeddable":true,"href":"https:\/\/aromasentia.com\/fr\/wp-json\/wp\/v2\/product_brand?post=222360"},{"taxonomy":"product_cat","embeddable":true,"href":"https:\/\/aromasentia.com\/fr\/wp-json\/wp\/v2\/product_cat?post=222360"},{"taxonomy":"product_tag","embeddable":true,"href":"https:\/\/aromasentia.com\/fr\/wp-json\/wp\/v2\/product_tag?post=222360"}],"curies":[{"name":"wp","href":"https:\/\/api.w.org\/{rel}","templated":true}]}}