{"id":222332,"date":"2025-03-23T10:30:36","date_gmt":"2025-03-23T10:30:36","guid":{"rendered":"https:\/\/aromasentia.com\/product\/lrg-ritual-bowl-incense-cone-holder-11x10-cm-om\/"},"modified":"2025-12-30T19:04:51","modified_gmt":"2025-12-30T19:04:51","slug":"porte-cone-dencens-bol-rituel-grand-11x9cm-om","status":"publish","type":"product","link":"https:\/\/aromasentia.com\/fr\/porte-cone-dencens-bol-rituel-grand-11x9cm-om\/","title":{"rendered":"Porte-C\u00f4ne D&rsquo;Encens Bol Rituel Grand 11x9cm &#8211; Om"},"content":{"rendered":"<p>Ajoutez une touche de spiritualit\u00e9 et de raffinement \u00e0 votre offre avec le <strong>grand porte-encens bol rituel<\/strong>, magnifiquement orn\u00e9 du <strong>symbole sacr\u00e9 Om<\/strong>.&nbsp;<\/p>\n<p><strong>Mesurant environ 11 x 9 cm<\/strong> et fabriqu\u00e9 \u00e0 la main en bois de manguier durable, ce porte-encens est l\u2019accessoire id\u00e9al pour les magasins souhaitant proposer des produits alliant praticit\u00e9, signification spirituelle et artisanat respectueux de l&rsquo;environnement.&nbsp;<\/p>\n<p><strong>Le symbole Om<\/strong> est l\u2019une des ic\u00f4nes spirituelles les plus reconnues, repr\u00e9sentant l\u2019harmonie, la paix et la conscience. En tant que son de l&rsquo;univers, il trouve un \u00e9cho particulier dans les communaut\u00e9s du bien-\u00eatre, du yoga et de la pleine conscience, attirant ainsi une client\u00e8le vari\u00e9e.&nbsp;<\/p>\n<p>Con&ccedil;u pour accueillir \u00e0 la fois des b\u00e2tonnets et des c\u00f4nes d\u2019encens, ce bol offre une flexibilit\u00e9 pratique pour satisfaire les pr\u00e9f\u00e9rences vari\u00e9es des utilisateurs. Il est parfait pour instaurer une ambiance apaisante dans n\u2019importe quel espace, que ce soit dans des salles de m\u00e9ditation ou des salons.&nbsp;<\/p>\n<p>Son design \u00e9l\u00e9gant fusionne symbolisme sacr\u00e9 et fonctionnalit\u00e9, ce qui en fait un objet id\u00e9al pour les pratiques spirituelles tout en \u00e9tant une pi\u00e8ce d\u00e9corative attrayante.&nbsp;<\/p>\n<p>Ce bol est un excellent ajout pour les boutiques de cadeaux spirituels, les studios de bien-\u00eatre ou de yoga, ainsi que pour les magasins de d\u00e9coration int\u00e9rieure et divers march\u00e9s en ligne.&nbsp;<\/p>\n<p><strong>Ajoutez le porte-encens bol rituel Om &nbsp;\u00e0 votre inventaire et r\u00e9pondez \u00e0 la demande croissante des passionn\u00e9s de bien-\u00eatre et de spiritualit\u00e9, tout en offrant des produits significatifs et de qualit\u00e9 qui enrichissent leur d\u00e9coration !<\/strong><\/p>\n","protected":false},"excerpt":{"rendered":"<p>Ajoutez une touche de spiritualit\u00e9 et de raffinement \u00e0 votre offre avec le grand porte-encens bol rituel, magnifiquement orn\u00e9 du symbole sacr\u00e9 Om.&nbsp; Mesurant environ 11 x 9 cm et fabriqu\u00e9 \u00e0 la main en bois de manguier durable, ce porte-encens est l\u2019accessoire id\u00e9al pour les magasins souhaitant proposer des produits alliant praticit\u00e9, signification spirituelle [&hellip;]<\/p>\n","protected":false},"featured_media":404897,"comment_status":"closed","ping_status":"open","template":"","meta":[],"product_brand":[],"product_cat":[15147,15148,15164],"product_tag":[],"class_list":{"0":"post-222332","1":"product","2":"type-product","3":"status-publish","4":"has-post-thumbnail","6":"product_cat-encens-et-porte-encens","7":"product_cat-porte-encens-et-encensoirs","8":"product_cat-porte-encens-pour-cones","9":"pa_collection-wooden-incense-holders-fr","10":"pa_made-in-inde","12":"first","13":"instock","14":"purchasable","15":"product-type-simple"},"supplier_id":null,"supplier_sku":"ISH-246","barcode":null,"atum_controlled":true,"out_stock_date":null,"out_stock_threshold":null,"inheritable":false,"inbound_stock":null,"stock_on_hold":0,"sold_today":0,"sales_last_days":0,"reserved_stock":null,"customer_returns":null,"warehouse_damage":null,"lost_in_post":null,"other_logs":null,"out_stock_days":0,"lost_sales":0,"has_location":null,"update_date":"2026-02-10T02:20:35","atum_locations":[],"atum_stock_status":"instock","restock_status":false,"low_stock_amount":"","sales_update_date":"2026-02-06T00:02:33","calc_backorders":null,"_links":{"self":[{"href":"https:\/\/aromasentia.com\/fr\/wp-json\/wp\/v2\/product\/222332","targetHints":{"allow":["GET"]}}],"collection":[{"href":"https:\/\/aromasentia.com\/fr\/wp-json\/wp\/v2\/product"}],"about":[{"href":"https:\/\/aromasentia.com\/fr\/wp-json\/wp\/v2\/types\/product"}],"replies":[{"embeddable":true,"href":"https:\/\/aromasentia.com\/fr\/wp-json\/wp\/v2\/comments?post=222332"}],"version-history":[{"count":0,"href":"https:\/\/aromasentia.com\/fr\/wp-json\/wp\/v2\/product\/222332\/revisions"}],"wp:featuredmedia":[{"embeddable":true,"href":"https:\/\/aromasentia.com\/fr\/wp-json\/wp\/v2\/media\/404897"}],"wp:attachment":[{"href":"https:\/\/aromasentia.com\/fr\/wp-json\/wp\/v2\/media?parent=222332"}],"wp:term":[{"taxonomy":"product_brand","embeddable":true,"href":"https:\/\/aromasentia.com\/fr\/wp-json\/wp\/v2\/product_brand?post=222332"},{"taxonomy":"product_cat","embeddable":true,"href":"https:\/\/aromasentia.com\/fr\/wp-json\/wp\/v2\/product_cat?post=222332"},{"taxonomy":"product_tag","embeddable":true,"href":"https:\/\/aromasentia.com\/fr\/wp-json\/wp\/v2\/product_tag?post=222332"}],"curies":[{"name":"wp","href":"https:\/\/api.w.org\/{rel}","templated":true}]}}