{"id":222292,"date":"2025-03-23T10:30:36","date_gmt":"2025-03-23T10:30:36","guid":{"rendered":"https:\/\/aromasentia.com\/product\/engraved-and-brass-zodiac-sign-incense-burners-sun\/"},"modified":"2025-12-30T19:04:44","modified_gmt":"2025-12-30T19:04:44","slug":"set-de-bruleurs-dencens-graves-et-en-laiton-sun","status":"publish","type":"product","link":"https:\/\/aromasentia.com\/fr\/set-de-bruleurs-dencens-graves-et-en-laiton-sun\/","title":{"rendered":"Set de Br\u00fbleurs d&rsquo;Encens Grav\u00e9s et en Laiton &#8211; Sun"},"content":{"rendered":"<p><strong><span style=\"color: rgb(75, 80, 88);\">Nous vous pr\u00e9sentons notre captivant lot de 12 br\u00fbleurs d&rsquo;encens en laiton grav\u00e9 &#8211; Soleil,<\/span><\/strong> une collection distinctive qui allie harmonieusement l&rsquo;artisanat d&rsquo;art et l&rsquo;attrait du symbolisme astrologique.&nbsp;<\/p>\n<p>Chaque br\u00fbleur est habilement fa&ccedil;onn\u00e9 comme un soleil radieux, avec des signes du zodiaque finement d\u00e9taill\u00e9s et orn\u00e9s d&rsquo;une couche de laiton lustr\u00e9.&nbsp;<\/p>\n<p>Cet ensemble unique est con&ccedil;u pour les amateurs d&rsquo;astrologie, leur offrant un moyen tangible et visuellement frappant de se connecter \u00e0 leurs signes du zodiaque. Le design en forme de soleil conf\u00e8re une touche d&rsquo;\u00e9l\u00e9gance c\u00e9leste, symbolisant l&rsquo;\u00e9nergie rayonnante associ\u00e9e au zodiaque, tandis que les gravures m\u00e9ticuleuses soulignent notre attachement \u00e0 la qualit\u00e9 et \u00e0 la pr\u00e9cision.&nbsp;<\/p>\n<p>Forg\u00e9s \u00e0 partir de mat\u00e9riaux de premi\u00e8re qualit\u00e9, ces br\u00fbleurs sont non seulement des pi\u00e8ces fonctionnelles, mais aussi des \u0153uvres d&rsquo;art exquises. L&rsquo;ornementation en laiton apporte une touche de sophistication, cr\u00e9ant un jeu harmonieux entre la base en forme de soleil et le signe du zodiaque grav\u00e9 de mani\u00e8re complexe.&nbsp;<\/p>\n<p>Le set de 12 br\u00fbleurs d&rsquo;encens grav\u00e9s et en laiton &#8211; Soleil offre \u00e0 vos clients un choix unique et personnalis\u00e9 pour les passionn\u00e9s d&rsquo;astrologie.&nbsp;<\/p>\n<p><strong><span style=\"color: rgb(141, 186, 216);\">Cet ensemble est parfait pour ceux qui recherchent des objets d\u00e9coratifs et significatifs qui r\u00e9sonnent avec leur identit\u00e9 astrologique.<\/span><\/strong><\/p>\n<p><strong><span style=\"color: rgb(75, 80, 88);\">Vendu par unit\u00e9 de douze.<\/span><\/strong><\/p>\n","protected":false},"excerpt":{"rendered":"<p>Nous vous pr\u00e9sentons notre captivant lot de 12 br\u00fbleurs d&rsquo;encens en laiton grav\u00e9 &#8211; Soleil, une collection distinctive qui allie harmonieusement l&rsquo;artisanat d&rsquo;art et l&rsquo;attrait du symbolisme astrologique.&nbsp; Chaque br\u00fbleur est habilement fa&ccedil;onn\u00e9 comme un soleil radieux, avec des signes du zodiaque finement d\u00e9taill\u00e9s et orn\u00e9s d&rsquo;une couche de laiton lustr\u00e9.&nbsp; Cet ensemble unique est [&hellip;]<\/p>\n","protected":false},"featured_media":404351,"comment_status":"closed","ping_status":"open","template":"","meta":{"_angie_page":false},"product_brand":[],"product_cat":[15147,15148,15164],"product_tag":[],"class_list":{"0":"post-222292","1":"product","2":"type-product","3":"status-publish","4":"has-post-thumbnail","6":"product_cat-encens-et-porte-encens","7":"product_cat-porte-encens-et-encensoirs","8":"product_cat-porte-encens-pour-cones","9":"pa_collection-wooden-incense-holders-fr","10":"pa_made-in-inde","12":"first","13":"instock","14":"purchasable","15":"product-type-simple"},"supplier_id":null,"supplier_sku":"ISH-236M","barcode":null,"atum_controlled":true,"out_stock_date":null,"out_stock_threshold":null,"inheritable":false,"inbound_stock":null,"stock_on_hold":0,"sold_today":0,"sales_last_days":0,"reserved_stock":null,"customer_returns":null,"warehouse_damage":null,"lost_in_post":null,"other_logs":null,"out_stock_days":0,"lost_sales":0,"has_location":null,"update_date":"2026-05-08T05:11:57","atum_locations":[],"atum_stock_status":"instock","restock_status":false,"low_stock_amount":"","sales_update_date":"2026-01-30T01:26:26","calc_backorders":null,"_links":{"self":[{"href":"https:\/\/aromasentia.com\/fr\/wp-json\/wp\/v2\/product\/222292","targetHints":{"allow":["GET"]}}],"collection":[{"href":"https:\/\/aromasentia.com\/fr\/wp-json\/wp\/v2\/product"}],"about":[{"href":"https:\/\/aromasentia.com\/fr\/wp-json\/wp\/v2\/types\/product"}],"replies":[{"embeddable":true,"href":"https:\/\/aromasentia.com\/fr\/wp-json\/wp\/v2\/comments?post=222292"}],"version-history":[{"count":0,"href":"https:\/\/aromasentia.com\/fr\/wp-json\/wp\/v2\/product\/222292\/revisions"}],"wp:featuredmedia":[{"embeddable":true,"href":"https:\/\/aromasentia.com\/fr\/wp-json\/wp\/v2\/media\/404351"}],"wp:attachment":[{"href":"https:\/\/aromasentia.com\/fr\/wp-json\/wp\/v2\/media?parent=222292"}],"wp:term":[{"taxonomy":"product_brand","embeddable":true,"href":"https:\/\/aromasentia.com\/fr\/wp-json\/wp\/v2\/product_brand?post=222292"},{"taxonomy":"product_cat","embeddable":true,"href":"https:\/\/aromasentia.com\/fr\/wp-json\/wp\/v2\/product_cat?post=222292"},{"taxonomy":"product_tag","embeddable":true,"href":"https:\/\/aromasentia.com\/fr\/wp-json\/wp\/v2\/product_tag?post=222292"}],"curies":[{"name":"wp","href":"https:\/\/api.w.org\/{rel}","templated":true}]}}