{"id":222260,"date":"2025-03-23T10:30:36","date_gmt":"2025-03-23T10:30:36","guid":{"rendered":"https:\/\/aromasentia.com\/product\/chakra-ashcatchers-7-designs\/"},"modified":"2025-06-23T18:27:40","modified_gmt":"2025-06-23T18:27:40","slug":"porte-encens-chakra-lot-de-7-motifs","status":"publish","type":"product","link":"https:\/\/aromasentia.com\/fr\/porte-encens-chakra-lot-de-7-motifs\/","title":{"rendered":"Porte-Encens Chakra &#8211; Lot de 7 motifs"},"content":{"rendered":"<p>Tous nos <strong>Porte-encens en bois<\/strong> sont import\u00e9s d&rsquo;Inde.&nbsp;<\/p>\n<p>Nous traitons avec un certain nombre d&rsquo;entreprises qui produisent toutes des articles en bois dans la ville de Saharanpur, dans le nord de l&rsquo;Inde. Cette r\u00e9gion de l&rsquo;Inde est toujours confront\u00e9e \u00e0 d&rsquo;importants probl\u00e8mes d&rsquo;infrastructure, l&rsquo;\u00e9lectricit\u00e9 est intermittente, les transports et les routes sont en mauvais \u00e9tat. Par cons\u00e9quent, les approvisionnements sont particuli\u00e8rement irr\u00e9guliers. Nous sommes fiers de soutenir cette industrie en important plusieurs conteneurs par an d&rsquo;objets en bois en gros, dont l&rsquo;un des favoris est le porte-encens, qui se d\u00e9cline sous de nombreuses formes.&nbsp;<\/p>\n<p>Plongez dans le monde mystique des chakras avec cet ensemble de Porte-Encens.&nbsp;<\/p>\n<p><strong><span style=\"color: rgb(141, 186, 216);\">Sept motifs uniques s&rsquo;harmonisent avec les sept chakras, invitant \u00e0 l&rsquo;\u00e9quilibre et \u00e0 la positivit\u00e9.<\/span><\/strong><\/p>\n","protected":false},"excerpt":{"rendered":"<p>Tous nos Porte-encens en bois sont import\u00e9s d&rsquo;Inde.&nbsp; Nous traitons avec un certain nombre d&rsquo;entreprises qui produisent toutes des articles en bois dans la ville de Saharanpur, dans le nord de l&rsquo;Inde. Cette r\u00e9gion de l&rsquo;Inde est toujours confront\u00e9e \u00e0 d&rsquo;importants probl\u00e8mes d&rsquo;infrastructure, l&rsquo;\u00e9lectricit\u00e9 est intermittente, les transports et les routes sont en mauvais \u00e9tat. [&hellip;]<\/p>\n","protected":false},"featured_media":403895,"comment_status":"closed","ping_status":"open","template":"","meta":{"_angie_page":false},"product_brand":[],"product_cat":[15147,15148,15164],"product_tag":[],"class_list":{"0":"post-222260","1":"product","2":"type-product","3":"status-publish","4":"has-post-thumbnail","6":"product_cat-encens-et-porte-encens","7":"product_cat-porte-encens-et-encensoirs","8":"product_cat-porte-encens-pour-cones","9":"pa_collection-wooden-incense-holders-fr","10":"pa_made-in-inde","12":"first","13":"instock","14":"purchasable","15":"product-type-simple"},"supplier_id":null,"supplier_sku":"ISH-218M","barcode":null,"atum_controlled":true,"out_stock_date":null,"out_stock_threshold":null,"inheritable":false,"inbound_stock":null,"stock_on_hold":0,"sold_today":0,"sales_last_days":0,"reserved_stock":null,"customer_returns":null,"warehouse_damage":null,"lost_in_post":null,"other_logs":null,"out_stock_days":0,"lost_sales":0,"has_location":null,"update_date":"2026-04-27T07:09:33","atum_locations":[],"atum_stock_status":"instock","restock_status":false,"low_stock_amount":"","sales_update_date":"2025-09-03T00:19:21","calc_backorders":null,"_links":{"self":[{"href":"https:\/\/aromasentia.com\/fr\/wp-json\/wp\/v2\/product\/222260","targetHints":{"allow":["GET"]}}],"collection":[{"href":"https:\/\/aromasentia.com\/fr\/wp-json\/wp\/v2\/product"}],"about":[{"href":"https:\/\/aromasentia.com\/fr\/wp-json\/wp\/v2\/types\/product"}],"replies":[{"embeddable":true,"href":"https:\/\/aromasentia.com\/fr\/wp-json\/wp\/v2\/comments?post=222260"}],"version-history":[{"count":0,"href":"https:\/\/aromasentia.com\/fr\/wp-json\/wp\/v2\/product\/222260\/revisions"}],"wp:featuredmedia":[{"embeddable":true,"href":"https:\/\/aromasentia.com\/fr\/wp-json\/wp\/v2\/media\/403895"}],"wp:attachment":[{"href":"https:\/\/aromasentia.com\/fr\/wp-json\/wp\/v2\/media?parent=222260"}],"wp:term":[{"taxonomy":"product_brand","embeddable":true,"href":"https:\/\/aromasentia.com\/fr\/wp-json\/wp\/v2\/product_brand?post=222260"},{"taxonomy":"product_cat","embeddable":true,"href":"https:\/\/aromasentia.com\/fr\/wp-json\/wp\/v2\/product_cat?post=222260"},{"taxonomy":"product_tag","embeddable":true,"href":"https:\/\/aromasentia.com\/fr\/wp-json\/wp\/v2\/product_tag?post=222260"}],"curies":[{"name":"wp","href":"https:\/\/api.w.org\/{rel}","templated":true}]}}