{"id":222248,"date":"2025-03-23T10:30:36","date_gmt":"2025-03-23T10:30:36","guid":{"rendered":"https:\/\/aromasentia.com\/product\/7-chakra-colour-smoke-box\/"},"modified":"2025-12-30T19:04:36","modified_gmt":"2025-12-30T19:04:36","slug":"support-chakra-pour-batons-et-cones-dencens","status":"publish","type":"product","link":"https:\/\/aromasentia.com\/fr\/support-chakra-pour-batons-et-cones-dencens\/","title":{"rendered":"Support Chakra pour B\u00e2tons et C\u00f4nes d&rsquo;encens"},"content":{"rendered":"<p>Toute notre gamme de <strong><span style=\"color: rgb(75, 80, 88);\">Porte-encens en bois<\/span><\/strong> provient directement d&rsquo;Inde. Nous collaborons avec de nombreuses entreprises bas\u00e9es \u00e0 Saharanpur, une ville du nord de l&rsquo;Inde r\u00e9put\u00e9e pour son artisanat dans le domaine du bois.&nbsp;<\/p>\n<p>Envelopp\u00e9s dans une charmante bo\u00eete en bois, quand vous allumerez un b\u00e2tonnet d&rsquo;encens il diffusera l&rsquo;\u00e9nergie curative des sept chakras tout en produisant une fum\u00e9e envo\u00fbtante. Merci d&rsquo;avoir fait de nous votre fournisseur de porte-encens en gros.&nbsp;<\/p>\n<p>Bo\u00eete vendue vide sans encens.<\/p>\n<p><strong><span style=\"color: rgb(141, 186, 216);\">Un excellent rapport qualit\u00e9-prix, de nombreux mod\u00e8les \u00e0 l&rsquo;imagerie orientale \u00e0 choisir. Commandez d\u00e8s aujourd&rsquo;hui.<\/span><\/strong><\/p>\n","protected":false},"excerpt":{"rendered":"<p>Toute notre gamme de Porte-encens en bois provient directement d&rsquo;Inde. Nous collaborons avec de nombreuses entreprises bas\u00e9es \u00e0 Saharanpur, une ville du nord de l&rsquo;Inde r\u00e9put\u00e9e pour son artisanat dans le domaine du bois.&nbsp; Envelopp\u00e9s dans une charmante bo\u00eete en bois, quand vous allumerez un b\u00e2tonnet d&rsquo;encens il diffusera l&rsquo;\u00e9nergie curative des sept chakras tout [&hellip;]<\/p>\n","protected":false},"featured_media":403860,"comment_status":"closed","ping_status":"open","template":"","meta":{"_angie_page":false},"product_brand":[],"product_cat":[15147,15148,15164],"product_tag":[],"class_list":{"0":"post-222248","1":"product","2":"type-product","3":"status-publish","4":"has-post-thumbnail","6":"product_cat-encens-et-porte-encens","7":"product_cat-porte-encens-et-encensoirs","8":"product_cat-porte-encens-pour-cones","9":"pa_collection-wooden-incense-holders-fr","10":"pa_made-in-inde","12":"first","13":"instock","14":"purchasable","15":"product-type-simple"},"supplier_id":null,"supplier_sku":"ISH-221M","barcode":null,"atum_controlled":true,"out_stock_date":null,"out_stock_threshold":null,"inheritable":false,"inbound_stock":null,"stock_on_hold":0,"sold_today":0,"sales_last_days":0,"reserved_stock":null,"customer_returns":null,"warehouse_damage":null,"lost_in_post":null,"other_logs":null,"out_stock_days":0,"lost_sales":0,"has_location":null,"update_date":"2026-04-27T07:09:33","atum_locations":[],"atum_stock_status":"instock","restock_status":false,"low_stock_amount":"","sales_update_date":"2026-01-30T01:24:22","calc_backorders":null,"_links":{"self":[{"href":"https:\/\/aromasentia.com\/fr\/wp-json\/wp\/v2\/product\/222248","targetHints":{"allow":["GET"]}}],"collection":[{"href":"https:\/\/aromasentia.com\/fr\/wp-json\/wp\/v2\/product"}],"about":[{"href":"https:\/\/aromasentia.com\/fr\/wp-json\/wp\/v2\/types\/product"}],"replies":[{"embeddable":true,"href":"https:\/\/aromasentia.com\/fr\/wp-json\/wp\/v2\/comments?post=222248"}],"version-history":[{"count":0,"href":"https:\/\/aromasentia.com\/fr\/wp-json\/wp\/v2\/product\/222248\/revisions"}],"wp:featuredmedia":[{"embeddable":true,"href":"https:\/\/aromasentia.com\/fr\/wp-json\/wp\/v2\/media\/403860"}],"wp:attachment":[{"href":"https:\/\/aromasentia.com\/fr\/wp-json\/wp\/v2\/media?parent=222248"}],"wp:term":[{"taxonomy":"product_brand","embeddable":true,"href":"https:\/\/aromasentia.com\/fr\/wp-json\/wp\/v2\/product_brand?post=222248"},{"taxonomy":"product_cat","embeddable":true,"href":"https:\/\/aromasentia.com\/fr\/wp-json\/wp\/v2\/product_cat?post=222248"},{"taxonomy":"product_tag","embeddable":true,"href":"https:\/\/aromasentia.com\/fr\/wp-json\/wp\/v2\/product_tag?post=222248"}],"curies":[{"name":"wp","href":"https:\/\/api.w.org\/{rel}","templated":true}]}}