{"id":222244,"date":"2025-03-23T10:30:36","date_gmt":"2025-03-23T10:30:36","guid":{"rendered":"https:\/\/aromasentia.com\/product\/7-chakra-colour-ashcatcher\/"},"modified":"2025-12-30T19:04:36","modified_gmt":"2025-12-30T19:04:36","slug":"porte-encens-chakra-pour-batons-dencens","status":"publish","type":"product","link":"https:\/\/aromasentia.com\/fr\/porte-encens-chakra-pour-batons-dencens\/","title":{"rendered":"Porte-Encens Chakra pour B\u00e2tons d&rsquo;Encens"},"content":{"rendered":"<p>Pr\u00e9sentation du <strong><span style=\"color: rgb(75, 80, 88);\">Porte-Encens &#8211; 7 Chakra &nbsp;<\/span><\/strong>&#8211; une pi\u00e8ce belle et fonctionnelle con&ccedil;ue pour \u00e9lever n&rsquo;importe quel espace. Ce porte-encens est parfait pour &nbsp;les boutiques de cadeaux ou tous ceux qui cherchent \u00e0 ajouter une touche de spiritualit\u00e9 \u00e0 leurs offres de produits.&nbsp;<\/p>\n<p>Le Porte-encens 7 Chakra &nbsp;est fabriqu\u00e9 \u00e0 partir de mat\u00e9riaux de haute qualit\u00e9 et pr\u00e9sente un superbe design inspir\u00e9 des chakras. Les sept symboles de chakra color\u00e9s repr\u00e9sentent diff\u00e9rents centres d&rsquo;\u00e9nergie dans le corps et sont cens\u00e9s aider \u00e0 \u00e9quilibrer et \u00e0 aligner l&rsquo;esprit, le corps et l&rsquo;esprit.&nbsp;<\/p>\n<p>Facile \u00e0 utiliser et \u00e0 nettoyer, ce qui en fait un ajout sans tracas \u00e0 toute collection d&rsquo;encens.&nbsp;<\/p>\n<p>Il offre un moyen visuellement attrayant et pratique de br\u00fbler de l&rsquo;encens, tout en favorisant l&rsquo;\u00e9quilibre et l&rsquo;harmonie de l&rsquo;esprit et du corps. &nbsp;<\/p>\n<p><strong><span style=\"color: rgb(141, 186, 216);\">Son beau design, sa fonctionnalit\u00e9 et sa facilit\u00e9 d&rsquo;utilisation en font un incontournable pour tout d\u00e9taillant cherchant \u00e0 offrir quelque chose de sp\u00e9cial \u00e0 ses clients.<\/span><\/strong><\/p>\n","protected":false},"excerpt":{"rendered":"<p>Pr\u00e9sentation du Porte-Encens &#8211; 7 Chakra &nbsp;&#8211; une pi\u00e8ce belle et fonctionnelle con&ccedil;ue pour \u00e9lever n&rsquo;importe quel espace. Ce porte-encens est parfait pour &nbsp;les boutiques de cadeaux ou tous ceux qui cherchent \u00e0 ajouter une touche de spiritualit\u00e9 \u00e0 leurs offres de produits.&nbsp; Le Porte-encens 7 Chakra &nbsp;est fabriqu\u00e9 \u00e0 partir de mat\u00e9riaux de haute [&hellip;]<\/p>\n","protected":false},"featured_media":403843,"comment_status":"closed","ping_status":"open","template":"","meta":{"_angie_page":false},"product_brand":[],"product_cat":[15147,15148,15164],"product_tag":[],"class_list":{"0":"post-222244","1":"product","2":"type-product","3":"status-publish","4":"has-post-thumbnail","6":"product_cat-encens-et-porte-encens","7":"product_cat-porte-encens-et-encensoirs","8":"product_cat-porte-encens-pour-cones","9":"pa_collection-wooden-incense-holders-fr","10":"pa_made-in-inde","12":"first","13":"instock","14":"purchasable","15":"product-type-simple"},"supplier_id":null,"supplier_sku":"ISH-220M","barcode":null,"atum_controlled":true,"out_stock_date":null,"out_stock_threshold":null,"inheritable":false,"inbound_stock":null,"stock_on_hold":0,"sold_today":0,"sales_last_days":0,"reserved_stock":null,"customer_returns":null,"warehouse_damage":null,"lost_in_post":null,"other_logs":null,"out_stock_days":0,"lost_sales":0,"has_location":null,"update_date":"2026-04-27T07:09:33","atum_locations":[],"atum_stock_status":"instock","restock_status":false,"low_stock_amount":"","sales_update_date":"2026-01-30T01:24:43","calc_backorders":null,"_links":{"self":[{"href":"https:\/\/aromasentia.com\/fr\/wp-json\/wp\/v2\/product\/222244","targetHints":{"allow":["GET"]}}],"collection":[{"href":"https:\/\/aromasentia.com\/fr\/wp-json\/wp\/v2\/product"}],"about":[{"href":"https:\/\/aromasentia.com\/fr\/wp-json\/wp\/v2\/types\/product"}],"replies":[{"embeddable":true,"href":"https:\/\/aromasentia.com\/fr\/wp-json\/wp\/v2\/comments?post=222244"}],"version-history":[{"count":0,"href":"https:\/\/aromasentia.com\/fr\/wp-json\/wp\/v2\/product\/222244\/revisions"}],"wp:featuredmedia":[{"embeddable":true,"href":"https:\/\/aromasentia.com\/fr\/wp-json\/wp\/v2\/media\/403843"}],"wp:attachment":[{"href":"https:\/\/aromasentia.com\/fr\/wp-json\/wp\/v2\/media?parent=222244"}],"wp:term":[{"taxonomy":"product_brand","embeddable":true,"href":"https:\/\/aromasentia.com\/fr\/wp-json\/wp\/v2\/product_brand?post=222244"},{"taxonomy":"product_cat","embeddable":true,"href":"https:\/\/aromasentia.com\/fr\/wp-json\/wp\/v2\/product_cat?post=222244"},{"taxonomy":"product_tag","embeddable":true,"href":"https:\/\/aromasentia.com\/fr\/wp-json\/wp\/v2\/product_tag?post=222244"}],"curies":[{"name":"wp","href":"https:\/\/api.w.org\/{rel}","templated":true}]}}