{"id":222236,"date":"2025-03-23T10:30:45","date_gmt":"2025-03-23T10:30:45","guid":{"rendered":"https:\/\/aromasentia.com\/product\/smudge-stick-white-sage-and-pirul-seed\/"},"modified":"2025-12-30T19:04:36","modified_gmt":"2025-12-30T19:04:36","slug":"baton-de-maculage-sauge-blanche-graine-de-pirul","status":"publish","type":"product","link":"https:\/\/aromasentia.com\/fr\/baton-de-maculage-sauge-blanche-graine-de-pirul\/","title":{"rendered":"B\u00e2ton de Maculage &#8211; Sauge Blanche &#038; Graine de Pirul"},"content":{"rendered":"<p>Notre <strong>b\u00e2ton de maculage<\/strong> en gros, compos\u00e9 de sauge blanche et de graines de pirul, est l&rsquo;outil id\u00e9al pour le nettoyage et la purification spirituels. Ce b\u00e2ton de purification mesure environ 10 cm de long.&nbsp;<\/p>\n<p>Il s&rsquo;agit d&rsquo;un outil naturel de haute qualit\u00e9 pour les pratiques spirituelles. La sauge blanche est utilis\u00e9e depuis des si\u00e8cles par les peuples indig\u00e8nes pour ses propri\u00e9t\u00e9s spirituelles et m\u00e9dicinales.&nbsp;<\/p>\n<p>Son ar\u00f4me distinct et agr\u00e9able est consid\u00e9r\u00e9 comme ayant de puissantes propri\u00e9t\u00e9s de nettoyage et de purification qui peuvent \u00e9liminer l&rsquo;\u00e9nergie n\u00e9gative et promouvoir l&rsquo;\u00e9nergie positive.&nbsp;<\/p>\n<p><strong>La graine de pirul<\/strong>, \u00e9galement connue sous le nom de Schinus molle, est une plante sacr\u00e9e originaire d&rsquo;Am\u00e9rique du Sud qui est utilis\u00e9e \u00e0 des fins spirituelles et m\u00e9dicinales depuis des si\u00e8cles.&nbsp;<\/p>\n<p>On attribue \u00e0 sa fum\u00e9e parfum\u00e9e des propri\u00e9t\u00e9s purificatrices qui peuvent nettoyer l&rsquo;\u00e9nergie d&rsquo;un espace et favoriser la conscience spirituelle. La sauge blanche et la graine de pirul forment une combinaison puissante qui convient parfaitement aux praticiens spirituels, aux gu\u00e9risseurs et \u00e0 toute personne int\u00e9ress\u00e9e par l&rsquo;utilisation de rem\u00e8des naturels pour le nettoyage et la purification spirituels.&nbsp;<\/p>\n<p>Utilisez-le pour vous purifier, pour purifier votre maison ou pour tout autre espace qui a besoin d&rsquo;un peu plus de purification et de protection.<\/p>\n","protected":false},"excerpt":{"rendered":"<p>Notre b\u00e2ton de maculage en gros, compos\u00e9 de sauge blanche et de graines de pirul, est l&rsquo;outil id\u00e9al pour le nettoyage et la purification spirituels. Ce b\u00e2ton de purification mesure environ 10 cm de long.&nbsp; Il s&rsquo;agit d&rsquo;un outil naturel de haute qualit\u00e9 pour les pratiques spirituelles. La sauge blanche est utilis\u00e9e depuis des si\u00e8cles [&hellip;]<\/p>\n","protected":false},"featured_media":406197,"comment_status":"closed","ping_status":"open","template":"","meta":{"_angie_page":false},"product_brand":[],"product_cat":[15147,26860,26485,25842,25817],"product_tag":[],"class_list":{"0":"post-222236","1":"product","2":"type-product","3":"status-publish","4":"has-post-thumbnail","6":"product_cat-encens-et-porte-encens","7":"product_cat-herbes-aromatiques","8":"product_cat-sauge-blanche","9":"product_cat-senteurs-aromes","10":"product_cat-smudge-sticks","11":"pa_collection-wrapped-smudge-sticks-fr","12":"pa_made-in-mexique","14":"first","15":"instock","16":"purchasable","17":"product-type-simple"},"supplier_id":null,"supplier_sku":"MSage-59","barcode":null,"atum_controlled":true,"out_stock_date":null,"out_stock_threshold":null,"inheritable":false,"inbound_stock":null,"stock_on_hold":0,"sold_today":0,"sales_last_days":0,"reserved_stock":null,"customer_returns":null,"warehouse_damage":null,"lost_in_post":null,"other_logs":null,"out_stock_days":0,"lost_sales":0,"has_location":null,"update_date":"2026-04-27T07:13:52","atum_locations":[],"atum_stock_status":"instock","restock_status":false,"low_stock_amount":"","sales_update_date":"2026-01-30T01:24:54","calc_backorders":null,"_links":{"self":[{"href":"https:\/\/aromasentia.com\/fr\/wp-json\/wp\/v2\/product\/222236","targetHints":{"allow":["GET"]}}],"collection":[{"href":"https:\/\/aromasentia.com\/fr\/wp-json\/wp\/v2\/product"}],"about":[{"href":"https:\/\/aromasentia.com\/fr\/wp-json\/wp\/v2\/types\/product"}],"replies":[{"embeddable":true,"href":"https:\/\/aromasentia.com\/fr\/wp-json\/wp\/v2\/comments?post=222236"}],"version-history":[{"count":0,"href":"https:\/\/aromasentia.com\/fr\/wp-json\/wp\/v2\/product\/222236\/revisions"}],"wp:featuredmedia":[{"embeddable":true,"href":"https:\/\/aromasentia.com\/fr\/wp-json\/wp\/v2\/media\/406197"}],"wp:attachment":[{"href":"https:\/\/aromasentia.com\/fr\/wp-json\/wp\/v2\/media?parent=222236"}],"wp:term":[{"taxonomy":"product_brand","embeddable":true,"href":"https:\/\/aromasentia.com\/fr\/wp-json\/wp\/v2\/product_brand?post=222236"},{"taxonomy":"product_cat","embeddable":true,"href":"https:\/\/aromasentia.com\/fr\/wp-json\/wp\/v2\/product_cat?post=222236"},{"taxonomy":"product_tag","embeddable":true,"href":"https:\/\/aromasentia.com\/fr\/wp-json\/wp\/v2\/product_tag?post=222236"}],"curies":[{"name":"wp","href":"https:\/\/api.w.org\/{rel}","templated":true}]}}