{"id":222204,"date":"2025-03-23T10:30:45","date_gmt":"2025-03-23T10:30:45","guid":{"rendered":"https:\/\/aromasentia.com\/product\/smudge-stick-white-sage-and-7-corn-leaves\/"},"modified":"2025-12-30T19:04:29","modified_gmt":"2025-12-30T19:04:29","slug":"baton-de-maculage-sauge-blanche-7-feuilles-de-mais","status":"publish","type":"product","link":"https:\/\/aromasentia.com\/fr\/baton-de-maculage-sauge-blanche-7-feuilles-de-mais\/","title":{"rendered":"B\u00e2ton de Maculage- Sauge Blanche &#038; 7 Feuilles de Ma\u00efs"},"content":{"rendered":"<p>Nous vous pr\u00e9sentons notre <strong>b\u00e2ton de maculage<\/strong> en gros, compos\u00e9 d&rsquo;un m\u00e9lange de <strong>sauge blanche et de 7 feuilles de ma&iuml;s<\/strong>, une combinaison puissante qui est parfaite pour le nettoyage spirituel et la purification. Ce b\u00e2ton de purification mesure environ 10 cm de long. La sauge blanche est utilis\u00e9e depuis des si\u00e8cles par les peuples indig\u00e8nes pour ses propri\u00e9t\u00e9s spirituelles et m\u00e9dicinales.&nbsp;<\/p>\n<p>Son ar\u00f4me distinct et agr\u00e9able est consid\u00e9r\u00e9 comme ayant de puissantes propri\u00e9t\u00e9s de nettoyage et de purification qui peuvent \u00e9liminer l&rsquo;\u00e9nergie n\u00e9gative et promouvoir l&rsquo;\u00e9nergie positive.&nbsp;<\/p>\n<p><strong>Les 7 feuilles de ma&iuml;s<\/strong>, \u00e9galement connues sous le nom de \u00ab\u00a0plante sacr\u00e9e des sept directions\u00a0\u00bb, sont traditionnellement utilis\u00e9es par les peuples indig\u00e8nes d&rsquo;Am\u00e9rique du Nord pour leur signification spirituelle et leur capacit\u00e9 \u00e0 promouvoir l&rsquo;\u00e9quilibre et l&rsquo;harmonie.&nbsp;<\/p>\n<p><strong>Notre b\u00e2ton de purification \u00e0 la sauge blanche et aux 7 feuilles de ma&iuml;s<\/strong> est parfait pour les praticiens spirituels, les gu\u00e9risseurs et toute personne int\u00e9ress\u00e9e par l&rsquo;utilisation de rem\u00e8des naturels pour le nettoyage et la purification spirituels.&nbsp;<\/p>\n<p>Utilisez-le pour vous purifier, purifier votre maison ou tout autre espace qui a besoin d&rsquo;un peu plus de purification et d&rsquo;\u00e9quilibre. Dans l&rsquo;ensemble, notre b\u00e2ton de boue en gros \u00e0 base de sauge blanche et de 7 feuilles de ma&iuml;s est un outil naturel de haute qualit\u00e9 qui peut vous aider \u00e0 promouvoir le bien-\u00eatre et l&rsquo;\u00e9quilibre spirituel.&nbsp;<\/p>\n<p>Son ar\u00f4me unique et ses propri\u00e9t\u00e9s puissantes en font un excellent choix pour quiconque cherche \u00e0 incorporer des rem\u00e8des naturels dans sa pratique spirituelle.&nbsp;<\/p>\n<p>En l&rsquo;utilisant r\u00e9guli\u00e8rement, vous pourrez ressentir un lien plus profond avec votre spiritualit\u00e9.<\/p>\n","protected":false},"excerpt":{"rendered":"<p>Nous vous pr\u00e9sentons notre b\u00e2ton de maculage en gros, compos\u00e9 d&rsquo;un m\u00e9lange de sauge blanche et de 7 feuilles de ma&iuml;s, une combinaison puissante qui est parfaite pour le nettoyage spirituel et la purification. Ce b\u00e2ton de purification mesure environ 10 cm de long. La sauge blanche est utilis\u00e9e depuis des si\u00e8cles par les peuples [&hellip;]<\/p>\n","protected":false},"featured_media":406061,"comment_status":"closed","ping_status":"open","template":"","meta":{"_angie_page":false},"product_brand":[],"product_cat":[15147,26860,26485,25842,25817],"product_tag":[],"class_list":{"0":"post-222204","1":"product","2":"type-product","3":"status-publish","4":"has-post-thumbnail","6":"product_cat-encens-et-porte-encens","7":"product_cat-herbes-aromatiques","8":"product_cat-sauge-blanche","9":"product_cat-senteurs-aromes","10":"product_cat-smudge-sticks","11":"pa_collection-wrapped-smudge-sticks-fr","12":"pa_made-in-mexique","14":"first","15":"instock","16":"purchasable","17":"product-type-simple"},"supplier_id":null,"supplier_sku":"MSage-51","barcode":null,"atum_controlled":true,"out_stock_date":null,"out_stock_threshold":null,"inheritable":false,"inbound_stock":null,"stock_on_hold":0,"sold_today":0,"sales_last_days":0,"reserved_stock":null,"customer_returns":null,"warehouse_damage":null,"lost_in_post":null,"other_logs":null,"out_stock_days":0,"lost_sales":0,"has_location":null,"update_date":"2026-04-27T07:13:52","atum_locations":[],"atum_stock_status":"instock","restock_status":false,"low_stock_amount":"","sales_update_date":"2026-01-30T01:24:47","calc_backorders":null,"_links":{"self":[{"href":"https:\/\/aromasentia.com\/fr\/wp-json\/wp\/v2\/product\/222204","targetHints":{"allow":["GET"]}}],"collection":[{"href":"https:\/\/aromasentia.com\/fr\/wp-json\/wp\/v2\/product"}],"about":[{"href":"https:\/\/aromasentia.com\/fr\/wp-json\/wp\/v2\/types\/product"}],"replies":[{"embeddable":true,"href":"https:\/\/aromasentia.com\/fr\/wp-json\/wp\/v2\/comments?post=222204"}],"version-history":[{"count":0,"href":"https:\/\/aromasentia.com\/fr\/wp-json\/wp\/v2\/product\/222204\/revisions"}],"wp:featuredmedia":[{"embeddable":true,"href":"https:\/\/aromasentia.com\/fr\/wp-json\/wp\/v2\/media\/406061"}],"wp:attachment":[{"href":"https:\/\/aromasentia.com\/fr\/wp-json\/wp\/v2\/media?parent=222204"}],"wp:term":[{"taxonomy":"product_brand","embeddable":true,"href":"https:\/\/aromasentia.com\/fr\/wp-json\/wp\/v2\/product_brand?post=222204"},{"taxonomy":"product_cat","embeddable":true,"href":"https:\/\/aromasentia.com\/fr\/wp-json\/wp\/v2\/product_cat?post=222204"},{"taxonomy":"product_tag","embeddable":true,"href":"https:\/\/aromasentia.com\/fr\/wp-json\/wp\/v2\/product_tag?post=222204"}],"curies":[{"name":"wp","href":"https:\/\/api.w.org\/{rel}","templated":true}]}}