{"id":222200,"date":"2025-03-23T10:30:45","date_gmt":"2025-03-23T10:30:45","guid":{"rendered":"https:\/\/aromasentia.com\/product\/smudge-stick-white-sage-clove-10cm\/"},"modified":"2025-12-30T19:04:29","modified_gmt":"2025-12-30T19:04:29","slug":"baton-de-maculage-sauge-blanche-clou-de-girofle-10cm","status":"publish","type":"product","link":"https:\/\/aromasentia.com\/fr\/baton-de-maculage-sauge-blanche-clou-de-girofle-10cm\/","title":{"rendered":"B\u00e2ton de Maculage &#8211; Sauge Blanche &#038; Clou de Girofle 10cm"},"content":{"rendered":"<p>Nous vous pr\u00e9sentons notre <strong>b\u00e2ton de maculage&nbsp;<\/strong>en gros, compos\u00e9 d&rsquo;un m\u00e9lange de <strong>sauge blanche et de clou de girofle<\/strong>, une combinaison puissante qui est parfaite pour la purification et la protection spirituelles. Ce b\u00e2ton de purification mesure environ 10 cm de long. La sauge blanche est utilis\u00e9e depuis des si\u00e8cles par les peuples indig\u00e8nes pour ses propri\u00e9t\u00e9s spirituelles et m\u00e9dicinales.&nbsp;<\/p>\n<p>Son ar\u00f4me distinct et agr\u00e9able est consid\u00e9r\u00e9 comme ayant de puissantes propri\u00e9t\u00e9s de nettoyage et de purification qui peuvent \u00e9liminer l&rsquo;\u00e9nergie n\u00e9gative et promouvoir l&rsquo;\u00e9nergie positive.&nbsp;<\/p>\n<p>Le clou de girofle, quant \u00e0 lui, est connu pour ses propri\u00e9t\u00e9s protectrices et sa capacit\u00e9 \u00e0 purifier l&rsquo;air. Ses propri\u00e9t\u00e9s uniques en font un excellent choix pour ceux qui cherchent \u00e0 incorporer des rem\u00e8des naturels dans leur pratique spirituelle.&nbsp;<\/p>\n<p>Notre b\u00e2ton de boue \u00e0 la sauge blanche et au clou de girofle est parfait pour les praticiens spirituels, les gu\u00e9risseurs et toute personne int\u00e9ress\u00e9e par l&rsquo;utilisation de rem\u00e8des naturels pour le nettoyage et la purification spirituels.&nbsp;<\/p>\n<p>Utilisez-le pour vous purifier, purifier votre maison ou tout autre espace qui a besoin d&rsquo;un peu plus de purification et de protection. Dans l&rsquo;ensemble, notre b\u00e2ton de boue en gros \u00e0 base de sauge blanche et de clou de girofle est un outil naturel de haute qualit\u00e9 qui peut vous aider \u00e0 promouvoir le bien-\u00eatre spirituel et la protection. Son ar\u00f4me unique et ses propri\u00e9t\u00e9s puissantes en font un excellent choix pour quiconque cherche \u00e0 incorporer des rem\u00e8des naturels dans sa pratique spirituelle.&nbsp;<\/p>\n<p>En l&rsquo;utilisant r\u00e9guli\u00e8rement, vous pourrez ressentir un lien plus profond avec votre spiritualit\u00e9 et un plus grand sentiment de paix int\u00e9rieure et de protection.<\/p>\n","protected":false},"excerpt":{"rendered":"<p>Nous vous pr\u00e9sentons notre b\u00e2ton de maculage&nbsp;en gros, compos\u00e9 d&rsquo;un m\u00e9lange de sauge blanche et de clou de girofle, une combinaison puissante qui est parfaite pour la purification et la protection spirituelles. Ce b\u00e2ton de purification mesure environ 10 cm de long. La sauge blanche est utilis\u00e9e depuis des si\u00e8cles par les peuples indig\u00e8nes pour [&hellip;]<\/p>\n","protected":false},"featured_media":406044,"comment_status":"closed","ping_status":"open","template":"","meta":{"_angie_page":false},"product_brand":[],"product_cat":[26479,15147,26888,26860,26485,25842,25817],"product_tag":[],"class_list":{"0":"post-222200","1":"product","2":"type-product","3":"status-publish","4":"has-post-thumbnail","6":"product_cat-clou-de-girofle","7":"product_cat-encens-et-porte-encens","8":"product_cat-epice","9":"product_cat-herbes-aromatiques","10":"product_cat-sauge-blanche","11":"product_cat-senteurs-aromes","12":"product_cat-smudge-sticks","13":"pa_collection-wrapped-smudge-sticks-fr","14":"pa_made-in-mexique","16":"first","17":"instock","18":"purchasable","19":"product-type-simple"},"supplier_id":null,"supplier_sku":"MSage-50","barcode":null,"atum_controlled":true,"out_stock_date":null,"out_stock_threshold":null,"inheritable":false,"inbound_stock":null,"stock_on_hold":0,"sold_today":0,"sales_last_days":0,"reserved_stock":null,"customer_returns":null,"warehouse_damage":null,"lost_in_post":null,"other_logs":null,"out_stock_days":0,"lost_sales":0,"has_location":null,"update_date":"2026-04-27T07:13:52","atum_locations":[],"atum_stock_status":"instock","restock_status":false,"low_stock_amount":"","sales_update_date":"2025-09-03T00:19:17","calc_backorders":null,"_links":{"self":[{"href":"https:\/\/aromasentia.com\/fr\/wp-json\/wp\/v2\/product\/222200","targetHints":{"allow":["GET"]}}],"collection":[{"href":"https:\/\/aromasentia.com\/fr\/wp-json\/wp\/v2\/product"}],"about":[{"href":"https:\/\/aromasentia.com\/fr\/wp-json\/wp\/v2\/types\/product"}],"replies":[{"embeddable":true,"href":"https:\/\/aromasentia.com\/fr\/wp-json\/wp\/v2\/comments?post=222200"}],"version-history":[{"count":0,"href":"https:\/\/aromasentia.com\/fr\/wp-json\/wp\/v2\/product\/222200\/revisions"}],"wp:featuredmedia":[{"embeddable":true,"href":"https:\/\/aromasentia.com\/fr\/wp-json\/wp\/v2\/media\/406044"}],"wp:attachment":[{"href":"https:\/\/aromasentia.com\/fr\/wp-json\/wp\/v2\/media?parent=222200"}],"wp:term":[{"taxonomy":"product_brand","embeddable":true,"href":"https:\/\/aromasentia.com\/fr\/wp-json\/wp\/v2\/product_brand?post=222200"},{"taxonomy":"product_cat","embeddable":true,"href":"https:\/\/aromasentia.com\/fr\/wp-json\/wp\/v2\/product_cat?post=222200"},{"taxonomy":"product_tag","embeddable":true,"href":"https:\/\/aromasentia.com\/fr\/wp-json\/wp\/v2\/product_tag?post=222200"}],"curies":[{"name":"wp","href":"https:\/\/api.w.org\/{rel}","templated":true}]}}