{"id":222072,"date":"2025-03-23T10:30:45","date_gmt":"2025-03-23T10:30:45","guid":{"rendered":"https:\/\/aromasentia.com\/product\/smudge-stick-white-sage-black-sage-10cm\/"},"modified":"2025-12-30T19:04:07","modified_gmt":"2025-12-30T19:04:07","slug":"baton-de-maculage-sauge-blanche-genevrier-10cm","status":"publish","type":"product","link":"https:\/\/aromasentia.com\/fr\/baton-de-maculage-sauge-blanche-genevrier-10cm\/","title":{"rendered":"B\u00e2ton de maculage- Sauge Blanche &#038; Gen\u00e9vrier 10cm"},"content":{"rendered":"<p><strong><span style=\"color: rgb(75, 80, 88);\">B\u00e2ton de Maculage &#8211; Sauge Blanche &amp; Gen\u00e9vrier <\/span><\/strong>est import\u00e9 directement du Mexique. Individuellement roul\u00e9 \u00e0 la main et emball\u00e9 \u00e0 la main dans du papier kraft.&nbsp;<\/p>\n<p>Les B\u00e2tons de Maculage peuvent \u00eatre utilis\u00e9s pour le nettoyage de l&rsquo;aura, par exemple avant la m\u00e9ditation ou la pri\u00e8re, ou ils sont assez souvent utilis\u00e9s par les travailleurs du corps et les th\u00e9rapeutes avant les traitements. La purification a longtemps \u00e9t\u00e9 utilis\u00e9e pour se connecter au domaine spirituel ou pour am\u00e9liorer l&rsquo;intuition.&nbsp;<\/p>\n<p>Br\u00fbler de la sauge peut am\u00e9liorer l&rsquo;humeur, il pourrait \u00e9galement \u00eatre un excellent alli\u00e9 contre le stress. La pratique de la combustion est assez simple, un coquillage ou un bol de c\u00e9ramique, des plats en argile ou du verre pour contenir de la sauge en feu ou capturer des cendres, vous pouvez \u00e9ventuellement utiliser une plume ou un ventilateur pour attiser la fum\u00e9e. Vendu emball\u00e9 dans du papier, \u00e9tiquet\u00e9 et muni d&rsquo;un code-barres.<\/p>\n<p><strong><span style=\"color: rgb(141, 186, 216);\">Commandez maintenant et offrez \u00e0 vos clients la meilleure s\u00e9lection de B\u00e2ton de Maculage.<\/span><\/strong><\/p>\n","protected":false},"excerpt":{"rendered":"<p>B\u00e2ton de Maculage &#8211; Sauge Blanche &amp; Gen\u00e9vrier est import\u00e9 directement du Mexique. Individuellement roul\u00e9 \u00e0 la main et emball\u00e9 \u00e0 la main dans du papier kraft.&nbsp; Les B\u00e2tons de Maculage peuvent \u00eatre utilis\u00e9s pour le nettoyage de l&rsquo;aura, par exemple avant la m\u00e9ditation ou la pri\u00e8re, ou ils sont assez souvent utilis\u00e9s par les [&hellip;]<\/p>\n","protected":false},"featured_media":405748,"comment_status":"closed","ping_status":"open","template":"","meta":[],"product_brand":[],"product_cat":[15147,26860,26485,26478,25842,25817],"product_tag":[],"class_list":{"0":"post-222072","1":"product","2":"type-product","3":"status-publish","4":"has-post-thumbnail","6":"product_cat-encens-et-porte-encens","7":"product_cat-herbes-aromatiques","8":"product_cat-sauge-blanche","9":"product_cat-sauge-noire","10":"product_cat-senteurs-aromes","11":"product_cat-smudge-sticks","12":"pa_collection-wrapped-smudge-sticks-fr","13":"pa_made-in-mexique","15":"first","16":"instock","17":"purchasable","18":"product-type-simple"},"supplier_id":null,"supplier_sku":"MSage-17","barcode":null,"atum_controlled":true,"out_stock_date":null,"out_stock_threshold":null,"inheritable":false,"inbound_stock":null,"stock_on_hold":0,"sold_today":0,"sales_last_days":0,"reserved_stock":null,"customer_returns":null,"warehouse_damage":null,"lost_in_post":null,"other_logs":null,"out_stock_days":0,"lost_sales":0,"has_location":null,"update_date":"2026-01-30T14:38:50","atum_locations":[],"atum_stock_status":"instock","restock_status":false,"low_stock_amount":"","sales_update_date":"2025-09-03T00:19:11","calc_backorders":null,"_links":{"self":[{"href":"https:\/\/aromasentia.com\/fr\/wp-json\/wp\/v2\/product\/222072","targetHints":{"allow":["GET"]}}],"collection":[{"href":"https:\/\/aromasentia.com\/fr\/wp-json\/wp\/v2\/product"}],"about":[{"href":"https:\/\/aromasentia.com\/fr\/wp-json\/wp\/v2\/types\/product"}],"replies":[{"embeddable":true,"href":"https:\/\/aromasentia.com\/fr\/wp-json\/wp\/v2\/comments?post=222072"}],"version-history":[{"count":0,"href":"https:\/\/aromasentia.com\/fr\/wp-json\/wp\/v2\/product\/222072\/revisions"}],"wp:featuredmedia":[{"embeddable":true,"href":"https:\/\/aromasentia.com\/fr\/wp-json\/wp\/v2\/media\/405748"}],"wp:attachment":[{"href":"https:\/\/aromasentia.com\/fr\/wp-json\/wp\/v2\/media?parent=222072"}],"wp:term":[{"taxonomy":"product_brand","embeddable":true,"href":"https:\/\/aromasentia.com\/fr\/wp-json\/wp\/v2\/product_brand?post=222072"},{"taxonomy":"product_cat","embeddable":true,"href":"https:\/\/aromasentia.com\/fr\/wp-json\/wp\/v2\/product_cat?post=222072"},{"taxonomy":"product_tag","embeddable":true,"href":"https:\/\/aromasentia.com\/fr\/wp-json\/wp\/v2\/product_tag?post=222072"}],"curies":[{"name":"wp","href":"https:\/\/api.w.org\/{rel}","templated":true}]}}