{"id":222036,"date":"2025-03-23T10:30:55","date_gmt":"2025-03-23T10:30:55","guid":{"rendered":"https:\/\/aromasentia.com\/product\/palo-santo-large-incense-sticks-eucalyptus\/"},"modified":"2025-12-30T19:03:59","modified_gmt":"2025-12-30T19:03:59","slug":"large-batons-dencens-palo-santo-eucalyptus","status":"publish","type":"product","link":"https:\/\/aromasentia.com\/fr\/large-batons-dencens-palo-santo-eucalyptus\/","title":{"rendered":"Large b\u00e2tons d&rsquo;encens Palo Santo &#8211; Eucalyptus"},"content":{"rendered":"<p>Une odeur capable de nous transporter dans le temps \u00e0 un moment de notre pass\u00e9 dont nous ne nous souvenons plus.&nbsp;<\/p>\n<p>Ces grands b\u00e2tons d&rsquo;encens <strong><span style=\"color: rgb(75, 80, 88);\">Palo Santo AW Artisan Wholesale &#8211; Eucalyptus<\/span><\/strong> sont joliment emball\u00e9s avec une enveloppe kraft qui attirera l&rsquo;attention de vos clients.&nbsp;<\/p>\n<p>Purifiez votre maison avec la fum\u00e9e de cet encens. C&rsquo;est aussi tr\u00e8s bien si vous avez besoin d&rsquo;\u00e9liminer les mauvaises odeurs. Palo Santo signifie litt\u00e9ralement bois sacr\u00e9. Il est connu sous le nom de nettoyant pour aura et on dit qu&rsquo;il gu\u00e9rit les influences n\u00e9gatives.&nbsp;<\/p>\n<p>Il est utilis\u00e9 pour la m\u00e9ditation, les pri\u00e8res et \u00e0 des fins de gu\u00e9rison. * 1 pack contient 4 b\u00e2tons d&rsquo;encens *&nbsp;<\/p>\n<p><strong><span style=\"color: rgb(141, 186, 216);\">Commandez maintenant et apportez du bois sacr\u00e9 \u00e0 la maison de vos clients.<\/span><\/strong><\/p>\n","protected":false},"excerpt":{"rendered":"<p>Une odeur capable de nous transporter dans le temps \u00e0 un moment de notre pass\u00e9 dont nous ne nous souvenons plus.&nbsp; Ces grands b\u00e2tons d&rsquo;encens Palo Santo AW Artisan Wholesale &#8211; Eucalyptus sont joliment emball\u00e9s avec une enveloppe kraft qui attirera l&rsquo;attention de vos clients.&nbsp; Purifiez votre maison avec la fum\u00e9e de cet encens. C&rsquo;est [&hellip;]<\/p>\n","protected":false},"featured_media":642696,"comment_status":"closed","ping_status":"open","template":"","meta":{"_angie_page":false},"product_brand":[],"product_cat":[15193,26895,15147,26180,26867,26322,25842],"product_tag":[],"class_list":{"0":"post-222036","1":"product","2":"type-product","3":"status-publish","4":"has-post-thumbnail","6":"product_cat-batonnets-d-encens","7":"product_cat-boise","8":"product_cat-encens-et-porte-encens","9":"product_cat-eucalyptus","10":"product_cat-medicinal-camphre","11":"product_cat-palo-santo-scents-aromas","12":"product_cat-senteurs-aromes","13":"pa_collection-palo-santo-large-incense-sticks-fr","14":"pa_made-in-perou","16":"first","17":"instock","18":"purchasable","19":"product-type-simple"},"supplier_id":null,"supplier_sku":"MSantoI-14","barcode":null,"atum_controlled":true,"out_stock_date":null,"out_stock_threshold":null,"inheritable":false,"inbound_stock":null,"stock_on_hold":0,"sold_today":0,"sales_last_days":0,"reserved_stock":null,"customer_returns":null,"warehouse_damage":null,"lost_in_post":null,"other_logs":null,"out_stock_days":0,"lost_sales":0,"has_location":null,"update_date":"2026-04-27T07:14:01","atum_locations":[],"atum_stock_status":"instock","restock_status":false,"low_stock_amount":"","sales_update_date":"2026-02-06T00:02:34","calc_backorders":null,"_links":{"self":[{"href":"https:\/\/aromasentia.com\/fr\/wp-json\/wp\/v2\/product\/222036","targetHints":{"allow":["GET"]}}],"collection":[{"href":"https:\/\/aromasentia.com\/fr\/wp-json\/wp\/v2\/product"}],"about":[{"href":"https:\/\/aromasentia.com\/fr\/wp-json\/wp\/v2\/types\/product"}],"replies":[{"embeddable":true,"href":"https:\/\/aromasentia.com\/fr\/wp-json\/wp\/v2\/comments?post=222036"}],"version-history":[{"count":0,"href":"https:\/\/aromasentia.com\/fr\/wp-json\/wp\/v2\/product\/222036\/revisions"}],"wp:featuredmedia":[{"embeddable":true,"href":"https:\/\/aromasentia.com\/fr\/wp-json\/wp\/v2\/media\/642696"}],"wp:attachment":[{"href":"https:\/\/aromasentia.com\/fr\/wp-json\/wp\/v2\/media?parent=222036"}],"wp:term":[{"taxonomy":"product_brand","embeddable":true,"href":"https:\/\/aromasentia.com\/fr\/wp-json\/wp\/v2\/product_brand?post=222036"},{"taxonomy":"product_cat","embeddable":true,"href":"https:\/\/aromasentia.com\/fr\/wp-json\/wp\/v2\/product_cat?post=222036"},{"taxonomy":"product_tag","embeddable":true,"href":"https:\/\/aromasentia.com\/fr\/wp-json\/wp\/v2\/product_tag?post=222036"}],"curies":[{"name":"wp","href":"https:\/\/api.w.org\/{rel}","templated":true}]}}