{"id":222004,"date":"2025-03-23T10:30:55","date_gmt":"2025-03-23T10:30:55","guid":{"rendered":"https:\/\/aromasentia.com\/product\/smudge-stick-white-sage-ginger-and-cedar\/"},"modified":"2025-12-30T19:03:59","modified_gmt":"2025-12-30T19:03:59","slug":"baton-de-maculage-sauge-blanche-gingembre-cedre","status":"publish","type":"product","link":"https:\/\/aromasentia.com\/fr\/baton-de-maculage-sauge-blanche-gingembre-cedre\/","title":{"rendered":"B\u00e2ton de Maculage &#8211; Sauge blanche, Gingembre &#038; C\u00e8dre"},"content":{"rendered":"<p>Nous vous pr\u00e9sentons notre <strong><span style=\"color: rgb(75, 80, 88);\">b\u00e2ton de maculage&nbsp;<\/span><\/strong>en gros, qui contient une puissante combinaison de sauge blanche, de gingembre et de c\u00e8dre. Ce b\u00e2ton est parfait pour ceux qui cherchent \u00e0 purifier leur maison ou leur espace, \u00e0 am\u00e9liorer leurs pratiques de m\u00e9ditation, ou simplement \u00e0 appr\u00e9cier l&rsquo;ar\u00f4me calmant et apaisant de la <strong>sauge blanche, du gingembre et du c\u00e8dre. <\/strong><\/p>\n<p>La sauge blanche est utilis\u00e9e depuis des si\u00e8cles par les communaut\u00e9s indig\u00e8nes d&rsquo;Am\u00e9rique du Nord \u00e0 des fins spirituelles et m\u00e9dicinales.<\/p>\n<p>On lui pr\u00eate des propri\u00e9t\u00e9s purificatrices qui peuvent aider \u00e0 \u00e9liminer les \u00e9nergies n\u00e9gatives, \u00e0 purifier l&rsquo;air et \u00e0 promouvoir le bien-\u00eatre g\u00e9n\u00e9ral. Le gingembre est une \u00e9pice populaire utilis\u00e9e depuis des milliers d&rsquo;ann\u00e9es pour ses propri\u00e9t\u00e9s anti-inflammatoires et antioxydantes, ainsi que pour sa capacit\u00e9 \u00e0 calmer l&rsquo;esprit et le corps.&nbsp;<\/p>\n<p>Le c\u00e8dre est un arbre sacr\u00e9 utilis\u00e9 par de nombreuses cultures indig\u00e8nes pour ses propri\u00e9t\u00e9s de purification et d&rsquo;ancrage. Notre b\u00e2ton de purification \u00e0 la sauge blanche, au gingembre et au c\u00e8dre est parfait pour tous ceux qui recherchent un b\u00e2ton de purification unique et puissant \u00e0 incorporer dans leur pratique spirituelle.&nbsp;<\/p>\n<p>En l&rsquo;utilisant r\u00e9guli\u00e8rement, vous pourrez ressentir un lien plus profond avec votre spiritualit\u00e9 et un plus grand sentiment de protection et de bien-\u00eatre.&nbsp;<\/p>\n<p>Que vous soyez un praticien spirituel, un adepte du bien-\u00eatre ou simplement \u00e0 la recherche d&rsquo;un moyen naturel de rafra\u00eechir votre espace, notre b\u00e2ton de boue en gros est le choix id\u00e9al.<\/p>\n","protected":false},"excerpt":{"rendered":"<p>Nous vous pr\u00e9sentons notre b\u00e2ton de maculage&nbsp;en gros, qui contient une puissante combinaison de sauge blanche, de gingembre et de c\u00e8dre. Ce b\u00e2ton est parfait pour ceux qui cherchent \u00e0 purifier leur maison ou leur espace, \u00e0 am\u00e9liorer leurs pratiques de m\u00e9ditation, ou simplement \u00e0 appr\u00e9cier l&rsquo;ar\u00f4me calmant et apaisant de la sauge blanche, du [&hellip;]<\/p>\n","protected":false},"featured_media":406214,"comment_status":"closed","ping_status":"open","template":"","meta":{"_angie_page":false},"product_brand":[],"product_cat":[15147,26888,26191,26860,26485,25842,25817],"product_tag":[],"class_list":{"0":"post-222004","1":"product","2":"type-product","3":"status-publish","4":"has-post-thumbnail","6":"product_cat-encens-et-porte-encens","7":"product_cat-epice","8":"product_cat-gingembre-senteurs-aromes","9":"product_cat-herbes-aromatiques","10":"product_cat-sauge-blanche","11":"product_cat-senteurs-aromes","12":"product_cat-smudge-sticks","13":"pa_collection-wrapped-smudge-sticks-fr","14":"pa_made-in-mexique","16":"first","17":"instock","18":"purchasable","19":"product-type-simple"},"supplier_id":null,"supplier_sku":"MSage-60","barcode":null,"atum_controlled":true,"out_stock_date":null,"out_stock_threshold":null,"inheritable":false,"inbound_stock":null,"stock_on_hold":0,"sold_today":0,"sales_last_days":0,"reserved_stock":null,"customer_returns":null,"warehouse_damage":null,"lost_in_post":null,"other_logs":null,"out_stock_days":0,"lost_sales":0,"has_location":null,"update_date":"2026-04-27T07:14:01","atum_locations":[],"atum_stock_status":"instock","restock_status":false,"low_stock_amount":"","sales_update_date":"2025-09-03T00:19:07","calc_backorders":null,"_links":{"self":[{"href":"https:\/\/aromasentia.com\/fr\/wp-json\/wp\/v2\/product\/222004","targetHints":{"allow":["GET"]}}],"collection":[{"href":"https:\/\/aromasentia.com\/fr\/wp-json\/wp\/v2\/product"}],"about":[{"href":"https:\/\/aromasentia.com\/fr\/wp-json\/wp\/v2\/types\/product"}],"replies":[{"embeddable":true,"href":"https:\/\/aromasentia.com\/fr\/wp-json\/wp\/v2\/comments?post=222004"}],"version-history":[{"count":0,"href":"https:\/\/aromasentia.com\/fr\/wp-json\/wp\/v2\/product\/222004\/revisions"}],"wp:featuredmedia":[{"embeddable":true,"href":"https:\/\/aromasentia.com\/fr\/wp-json\/wp\/v2\/media\/406214"}],"wp:attachment":[{"href":"https:\/\/aromasentia.com\/fr\/wp-json\/wp\/v2\/media?parent=222004"}],"wp:term":[{"taxonomy":"product_brand","embeddable":true,"href":"https:\/\/aromasentia.com\/fr\/wp-json\/wp\/v2\/product_brand?post=222004"},{"taxonomy":"product_cat","embeddable":true,"href":"https:\/\/aromasentia.com\/fr\/wp-json\/wp\/v2\/product_cat?post=222004"},{"taxonomy":"product_tag","embeddable":true,"href":"https:\/\/aromasentia.com\/fr\/wp-json\/wp\/v2\/product_tag?post=222004"}],"curies":[{"name":"wp","href":"https:\/\/api.w.org\/{rel}","templated":true}]}}