{"id":221716,"date":"2025-03-23T10:31:03","date_gmt":"2025-03-23T10:31:03","guid":{"rendered":"https:\/\/aromasentia.com\/product\/7-chakra-tower-buddha-incense-holder-16x6x7cm\/"},"modified":"2025-06-23T18:26:23","modified_gmt":"2025-06-23T18:26:23","slug":"porte-encens-bouddha-tour-7-chakras-16x6x7cm","status":"publish","type":"product","link":"https:\/\/aromasentia.com\/fr\/porte-encens-bouddha-tour-7-chakras-16x6x7cm\/","title":{"rendered":"Porte-encens Bouddha Tour 7 Chakras 16x6x7cm"},"content":{"rendered":"<p>Ajoutez une dimension spirituelle \u00e0 votre gamme de produits avec le <strong>Porte-Encens Bouddha en Tour des 7 Chakras.<\/strong>&nbsp;<\/p>\n<p>Mesurant 16x6x7 cm, cet objet remarquable est sp\u00e9cialement con&ccedil;u pour accueillir des b\u00e2tonnets d&rsquo;encens standard, alliant praticit\u00e9 et esth\u00e9tique.&nbsp;<\/p>\n<p>Dot\u00e9 d\u2019un design en forme de tour de Bouddha, orn\u00e9 de repr\u00e9sentations color\u00e9es des sept chakras, ce porte-encens \u00e9voque l&rsquo;\u00e9quilibre, la pleine conscience et l&rsquo;illumination.&nbsp;<\/p>\n<p>Sa structure en forme de tour cr\u00e9e un visuel unique et captivant, id\u00e9al en tant qu&rsquo;\u00e9l\u00e9ment central dans des salles de m\u00e9ditation, des studios de yoga ou des retraites spirituelles.&nbsp;<\/p>\n<p><strong>Alliant beaut\u00e9 et fonctionnalit\u00e9, cet accessoire est un incontournable pour les entreprises qui s&rsquo;adressent \u00e0 une client\u00e8le ax\u00e9e sur le bien-\u00eatre et la pleine conscience.<\/strong><\/p>\n","protected":false},"excerpt":{"rendered":"<p>Ajoutez une dimension spirituelle \u00e0 votre gamme de produits avec le Porte-Encens Bouddha en Tour des 7 Chakras.&nbsp; Mesurant 16x6x7 cm, cet objet remarquable est sp\u00e9cialement con&ccedil;u pour accueillir des b\u00e2tonnets d&rsquo;encens standard, alliant praticit\u00e9 et esth\u00e9tique.&nbsp; Dot\u00e9 d\u2019un design en forme de tour de Bouddha, orn\u00e9 de repr\u00e9sentations color\u00e9es des sept chakras, ce porte-encens [&hellip;]<\/p>\n","protected":false},"featured_media":407776,"comment_status":"closed","ping_status":"open","template":"","meta":[],"product_brand":[],"product_cat":[15147,15148,15164],"product_tag":[],"class_list":{"0":"post-221716","1":"product","2":"type-product","3":"status-publish","4":"has-post-thumbnail","6":"product_cat-encens-et-porte-encens","7":"product_cat-porte-encens-et-encensoirs","8":"product_cat-porte-encens-pour-cones","9":"pa_collection-polished-aluminium-incense-holders-fr","10":"pa_made-in-inde","12":"first","13":"instock","14":"purchasable","15":"product-type-simple"},"supplier_id":null,"supplier_sku":"PAIH-25","barcode":null,"atum_controlled":true,"out_stock_date":null,"out_stock_threshold":null,"inheritable":false,"inbound_stock":null,"stock_on_hold":0,"sold_today":0,"sales_last_days":0,"reserved_stock":null,"customer_returns":null,"warehouse_damage":null,"lost_in_post":null,"other_logs":null,"out_stock_days":0,"lost_sales":0,"has_location":null,"update_date":"2026-02-11T09:32:40","atum_locations":[],"atum_stock_status":"instock","restock_status":false,"low_stock_amount":"","sales_update_date":"2025-09-03T00:18:48","calc_backorders":null,"_links":{"self":[{"href":"https:\/\/aromasentia.com\/fr\/wp-json\/wp\/v2\/product\/221716","targetHints":{"allow":["GET"]}}],"collection":[{"href":"https:\/\/aromasentia.com\/fr\/wp-json\/wp\/v2\/product"}],"about":[{"href":"https:\/\/aromasentia.com\/fr\/wp-json\/wp\/v2\/types\/product"}],"replies":[{"embeddable":true,"href":"https:\/\/aromasentia.com\/fr\/wp-json\/wp\/v2\/comments?post=221716"}],"version-history":[{"count":0,"href":"https:\/\/aromasentia.com\/fr\/wp-json\/wp\/v2\/product\/221716\/revisions"}],"wp:featuredmedia":[{"embeddable":true,"href":"https:\/\/aromasentia.com\/fr\/wp-json\/wp\/v2\/media\/407776"}],"wp:attachment":[{"href":"https:\/\/aromasentia.com\/fr\/wp-json\/wp\/v2\/media?parent=221716"}],"wp:term":[{"taxonomy":"product_brand","embeddable":true,"href":"https:\/\/aromasentia.com\/fr\/wp-json\/wp\/v2\/product_brand?post=221716"},{"taxonomy":"product_cat","embeddable":true,"href":"https:\/\/aromasentia.com\/fr\/wp-json\/wp\/v2\/product_cat?post=221716"},{"taxonomy":"product_tag","embeddable":true,"href":"https:\/\/aromasentia.com\/fr\/wp-json\/wp\/v2\/product_tag?post=221716"}],"curies":[{"name":"wp","href":"https:\/\/api.w.org\/{rel}","templated":true}]}}