{"id":221616,"date":"2025-03-23T10:31:10","date_gmt":"2025-03-23T10:31:10","guid":{"rendered":"https:\/\/aromasentia.com\/product\/buddah-fengshui-incense-cream\/"},"modified":"2025-12-30T19:03:30","modified_gmt":"2025-12-30T19:03:30","slug":"bruleur-dencens-bouddhiste-fengshui-creme","status":"publish","type":"product","link":"https:\/\/aromasentia.com\/fr\/bruleur-dencens-bouddhiste-fengshui-creme\/","title":{"rendered":"Br\u00fbleur d&rsquo;Encens Bouddhiste Fengshui (cr\u00e8me)"},"content":{"rendered":"<p>Jetez un coup d&rsquo;\u0153il \u00e0 ces <strong><span style=\"color: rgb(75, 80, 88);\">Br\u00fbleurs d&rsquo;encens en pierre &#8211; Fengshui &#8211; Cr\u00e8me<\/span><\/strong> uniques et magnifiques fabriqu\u00e9s par des artisans indon\u00e9siens.&nbsp;<\/p>\n<p>Combinez ces br\u00fbleurs avec des c\u00f4nes d&rsquo;encens pr\u00e9f\u00e9r\u00e9s et vendez-les comme un joli cadeau. Allumez simplement la pointe de votre c\u00f4ne d&rsquo;encens et attendez qu&rsquo;il brille.&nbsp;<\/p>\n<p>Soufflez ensuite la flamme et placez-la dans un porte-encens pour un beau parfum dans toute la maison de votre client.&nbsp;<\/p>\n<p>C&rsquo;est un produit essentiel et rentable pour toute boutique de cadeaux vendant de l&rsquo;encens.&nbsp;<\/p>\n<p><strong><span style=\"color: rgb(141, 186, 216);\">Commandez maintenant et profitez de quelques ventes suppl\u00e9mentaires<\/span><\/strong>.<\/p>\n","protected":false},"excerpt":{"rendered":"<p>Jetez un coup d&rsquo;\u0153il \u00e0 ces Br\u00fbleurs d&rsquo;encens en pierre &#8211; Fengshui &#8211; Cr\u00e8me uniques et magnifiques fabriqu\u00e9s par des artisans indon\u00e9siens.&nbsp; Combinez ces br\u00fbleurs avec des c\u00f4nes d&rsquo;encens pr\u00e9f\u00e9r\u00e9s et vendez-les comme un joli cadeau. Allumez simplement la pointe de votre c\u00f4ne d&rsquo;encens et attendez qu&rsquo;il brille.&nbsp; Soufflez ensuite la flamme et placez-la dans [&hellip;]<\/p>\n","protected":false},"featured_media":409632,"comment_status":"closed","ping_status":"open","template":"","meta":{"_angie_page":false},"product_brand":[],"product_cat":[15147,15148],"product_tag":[],"class_list":{"0":"post-221616","1":"product","2":"type-product","3":"status-publish","4":"has-post-thumbnail","6":"product_cat-encens-et-porte-encens","7":"product_cat-porte-encens-et-encensoirs","8":"pa_collection-stone-incense-burners-fr","9":"pa_made-in-indonesie","11":"first","12":"instock","13":"purchasable","14":"product-type-simple"},"supplier_id":null,"supplier_sku":"SCV-07","barcode":null,"atum_controlled":true,"out_stock_date":null,"out_stock_threshold":null,"inheritable":false,"inbound_stock":null,"stock_on_hold":0,"sold_today":0,"sales_last_days":0,"reserved_stock":null,"customer_returns":null,"warehouse_damage":null,"lost_in_post":null,"other_logs":null,"out_stock_days":0,"lost_sales":0,"has_location":null,"update_date":"2026-04-27T07:20:42","atum_locations":[],"atum_stock_status":"instock","restock_status":false,"low_stock_amount":"","sales_update_date":"2026-01-20T05:13:53","calc_backorders":null,"_links":{"self":[{"href":"https:\/\/aromasentia.com\/fr\/wp-json\/wp\/v2\/product\/221616","targetHints":{"allow":["GET"]}}],"collection":[{"href":"https:\/\/aromasentia.com\/fr\/wp-json\/wp\/v2\/product"}],"about":[{"href":"https:\/\/aromasentia.com\/fr\/wp-json\/wp\/v2\/types\/product"}],"replies":[{"embeddable":true,"href":"https:\/\/aromasentia.com\/fr\/wp-json\/wp\/v2\/comments?post=221616"}],"version-history":[{"count":0,"href":"https:\/\/aromasentia.com\/fr\/wp-json\/wp\/v2\/product\/221616\/revisions"}],"wp:featuredmedia":[{"embeddable":true,"href":"https:\/\/aromasentia.com\/fr\/wp-json\/wp\/v2\/media\/409632"}],"wp:attachment":[{"href":"https:\/\/aromasentia.com\/fr\/wp-json\/wp\/v2\/media?parent=221616"}],"wp:term":[{"taxonomy":"product_brand","embeddable":true,"href":"https:\/\/aromasentia.com\/fr\/wp-json\/wp\/v2\/product_brand?post=221616"},{"taxonomy":"product_cat","embeddable":true,"href":"https:\/\/aromasentia.com\/fr\/wp-json\/wp\/v2\/product_cat?post=221616"},{"taxonomy":"product_tag","embeddable":true,"href":"https:\/\/aromasentia.com\/fr\/wp-json\/wp\/v2\/product_tag?post=221616"}],"curies":[{"name":"wp","href":"https:\/\/api.w.org\/{rel}","templated":true}]}}