{"id":221552,"date":"2025-03-23T10:31:10","date_gmt":"2025-03-23T10:31:10","guid":{"rendered":"https:\/\/aromasentia.com\/product\/pure-herbs-rope-incense-lemongrass\/"},"modified":"2025-06-23T18:26:00","modified_gmt":"2025-06-23T18:26:00","slug":"encens-corde-herbes-pures-citronnelle","status":"publish","type":"product","link":"https:\/\/aromasentia.com\/fr\/encens-corde-herbes-pures-citronnelle\/","title":{"rendered":"Encens Corde Herbes Pures &#8211; Citronnelle"},"content":{"rendered":"<p><strong><span style=\"color: rgb(75, 80, 88);\">L&rsquo;encens Corde \u00e0 la Citronnelle est un ar\u00f4me zest\u00e9 et stimulant qui refl\u00e8te le parfum frais des tiges de citronnelle. Il contient des notes d&rsquo;agrumes, d&rsquo;herbes et de terre. <\/span><\/strong><\/p>\n<p>Ce parfum est le pr\u00e9f\u00e9r\u00e9 de ceux qui pr\u00e9f\u00e8rent une atmosph\u00e8re lumineuse et \u00e9nergisante. Il conf\u00e8re un sentiment de vitalit\u00e9 et de positivit\u00e9, ce qui le rend id\u00e9al pour les espaces de travail et les zones o\u00f9une aura revigorante est souhait\u00e9e.&nbsp;<\/p>\n<p><strong><span style=\"color: rgb(75, 80, 88);\">Les cordes d&rsquo;encens sont vendues par 6 paquets contenant chacun 50 cordes d&rsquo;encens de 11 cm de long. <\/span><\/strong><\/p>\n<p>La dur\u00e9e de combustion d&rsquo;une corde est d&rsquo;environ 15 minutes.&nbsp;<\/p>\n<p>Le poids de la corde d&rsquo;encens est d&rsquo;environ 11g.<\/p>\n","protected":false},"excerpt":{"rendered":"<p>L&rsquo;encens Corde \u00e0 la Citronnelle est un ar\u00f4me zest\u00e9 et stimulant qui refl\u00e8te le parfum frais des tiges de citronnelle. Il contient des notes d&rsquo;agrumes, d&rsquo;herbes et de terre. Ce parfum est le pr\u00e9f\u00e9r\u00e9 de ceux qui pr\u00e9f\u00e8rent une atmosph\u00e8re lumineuse et \u00e9nergisante. Il conf\u00e8re un sentiment de vitalit\u00e9 et de positivit\u00e9, ce qui le [&hellip;]<\/p>\n","protected":false},"featured_media":409136,"comment_status":"closed","ping_status":"open","template":"","meta":{"_angie_page":false},"product_brand":[],"product_cat":[15147,26818,26252,25842],"product_tag":[],"class_list":{"0":"post-221552","1":"product","2":"type-product","3":"status-publish","4":"has-post-thumbnail","6":"product_cat-encens-et-porte-encens","7":"product_cat-hesperide-agrumes","8":"product_cat-lemongrass-citronnelle","9":"product_cat-senteurs-aromes","10":"pa_collection-pure-herbs-incense-ropes-fr","11":"pa_made-in-nepal","13":"first","14":"instock","15":"purchasable","16":"product-type-simple"},"supplier_id":null,"supplier_sku":"RopeI-05","barcode":null,"atum_controlled":true,"out_stock_date":null,"out_stock_threshold":null,"inheritable":false,"inbound_stock":null,"stock_on_hold":0,"sold_today":0,"sales_last_days":0,"reserved_stock":null,"customer_returns":null,"warehouse_damage":null,"lost_in_post":null,"other_logs":null,"out_stock_days":0,"lost_sales":0,"has_location":null,"update_date":"2026-04-27T07:19:47","atum_locations":[],"atum_stock_status":"instock","restock_status":false,"low_stock_amount":"","sales_update_date":"2026-01-30T01:24:26","calc_backorders":null,"_links":{"self":[{"href":"https:\/\/aromasentia.com\/fr\/wp-json\/wp\/v2\/product\/221552","targetHints":{"allow":["GET"]}}],"collection":[{"href":"https:\/\/aromasentia.com\/fr\/wp-json\/wp\/v2\/product"}],"about":[{"href":"https:\/\/aromasentia.com\/fr\/wp-json\/wp\/v2\/types\/product"}],"replies":[{"embeddable":true,"href":"https:\/\/aromasentia.com\/fr\/wp-json\/wp\/v2\/comments?post=221552"}],"version-history":[{"count":0,"href":"https:\/\/aromasentia.com\/fr\/wp-json\/wp\/v2\/product\/221552\/revisions"}],"wp:featuredmedia":[{"embeddable":true,"href":"https:\/\/aromasentia.com\/fr\/wp-json\/wp\/v2\/media\/409136"}],"wp:attachment":[{"href":"https:\/\/aromasentia.com\/fr\/wp-json\/wp\/v2\/media?parent=221552"}],"wp:term":[{"taxonomy":"product_brand","embeddable":true,"href":"https:\/\/aromasentia.com\/fr\/wp-json\/wp\/v2\/product_brand?post=221552"},{"taxonomy":"product_cat","embeddable":true,"href":"https:\/\/aromasentia.com\/fr\/wp-json\/wp\/v2\/product_cat?post=221552"},{"taxonomy":"product_tag","embeddable":true,"href":"https:\/\/aromasentia.com\/fr\/wp-json\/wp\/v2\/product_tag?post=221552"}],"curies":[{"name":"wp","href":"https:\/\/api.w.org\/{rel}","templated":true}]}}