{"id":221524,"date":"2025-03-23T10:31:10","date_gmt":"2025-03-23T10:31:10","guid":{"rendered":"https:\/\/aromasentia.com\/product\/ritual-resin-on-stick-lemon-grass\/"},"modified":"2025-12-30T19:03:22","modified_gmt":"2025-12-30T19:03:22","slug":"resine-rituelle-sur-baton-citronnelle","status":"publish","type":"product","link":"https:\/\/aromasentia.com\/fr\/resine-rituelle-sur-baton-citronnelle\/","title":{"rendered":"R\u00e9sine Rituelle sur B\u00e2ton &#8211; Citronnelle"},"content":{"rendered":"<p>Pr\u00e9sentation de notre exquise <strong><span style=\"color: rgb(75, 80, 88);\">collection de r\u00e9sines rituelles sur b\u00e2ton<\/span><\/strong>, fabriqu\u00e9es \u00e0 la main au c\u0153ur de l\u2019Inde.&nbsp;<\/p>\n<p>Plongez-vous dans la riche tradition de la spiritualit\u00e9 indienne et \u00e9levez vos pratiques spirituelles avec ces r\u00e9sines de qualit\u00e9 sup\u00e9rieure.&nbsp;<\/p>\n<p><strong><span style=\"color: rgb(75, 80, 88);\">Le produit est disponible dans une bo\u00eete contenant 8 paquets, chaque paquet contient 8 b\u00e2tons d&rsquo;encens. <\/span><\/strong><\/p>\n<p>Rafra\u00eechissez vos sens avec le parfum exaltant de citronnelle dans nos r\u00e9sines rituelles sur b\u00e2ton.&nbsp;<\/p>\n<p><strong><span style=\"color: rgb(75, 80, 88);\">Ce parfum tonifie l&rsquo;esprit et apporte une touche de luminosit\u00e9 \u00e0 votre espace de m\u00e9ditation ou de relaxation. <\/span><\/strong><\/p>\n<p><strong><span style=\"color: rgb(141, 186, 216);\">Allumez ce b\u00e2ton pour une exp\u00e9rience rajeunissante.<\/span><\/strong><\/p>\n","protected":false},"excerpt":{"rendered":"<p>Pr\u00e9sentation de notre exquise collection de r\u00e9sines rituelles sur b\u00e2ton, fabriqu\u00e9es \u00e0 la main au c\u0153ur de l\u2019Inde.&nbsp; Plongez-vous dans la riche tradition de la spiritualit\u00e9 indienne et \u00e9levez vos pratiques spirituelles avec ces r\u00e9sines de qualit\u00e9 sup\u00e9rieure.&nbsp; Le produit est disponible dans une bo\u00eete contenant 8 paquets, chaque paquet contient 8 b\u00e2tons d&rsquo;encens. Rafra\u00eechissez [&hellip;]<\/p>\n","protected":false},"featured_media":408841,"comment_status":"closed","ping_status":"open","template":"","meta":{"_angie_page":false},"product_brand":[27105],"product_cat":[15147,26818,26252,15228,25842],"product_tag":[],"class_list":{"0":"post-221524","1":"product","2":"type-product","3":"status-publish","4":"has-post-thumbnail","6":"product_brand-banjara","7":"product_cat-encens-et-porte-encens","8":"product_cat-hesperide-agrumes","9":"product_cat-lemongrass-citronnelle","10":"product_cat-resine-d-encens","11":"product_cat-senteurs-aromes","12":"pa_collection-ritual-resins-on-stick-fr","13":"pa_made-in-inde","15":"first","16":"instock","17":"purchasable","18":"product-type-simple"},"supplier_id":null,"supplier_sku":"RitRinc-12","barcode":null,"atum_controlled":true,"out_stock_date":null,"out_stock_threshold":null,"inheritable":false,"inbound_stock":null,"stock_on_hold":0,"sold_today":0,"sales_last_days":0,"reserved_stock":null,"customer_returns":null,"warehouse_damage":null,"lost_in_post":null,"other_logs":null,"out_stock_days":0,"lost_sales":0,"has_location":null,"update_date":"2026-04-27T07:19:47","atum_locations":[],"atum_stock_status":"instock","restock_status":false,"low_stock_amount":"","sales_update_date":"2025-09-03T00:18:39","calc_backorders":null,"_links":{"self":[{"href":"https:\/\/aromasentia.com\/fr\/wp-json\/wp\/v2\/product\/221524","targetHints":{"allow":["GET"]}}],"collection":[{"href":"https:\/\/aromasentia.com\/fr\/wp-json\/wp\/v2\/product"}],"about":[{"href":"https:\/\/aromasentia.com\/fr\/wp-json\/wp\/v2\/types\/product"}],"replies":[{"embeddable":true,"href":"https:\/\/aromasentia.com\/fr\/wp-json\/wp\/v2\/comments?post=221524"}],"version-history":[{"count":0,"href":"https:\/\/aromasentia.com\/fr\/wp-json\/wp\/v2\/product\/221524\/revisions"}],"wp:featuredmedia":[{"embeddable":true,"href":"https:\/\/aromasentia.com\/fr\/wp-json\/wp\/v2\/media\/408841"}],"wp:attachment":[{"href":"https:\/\/aromasentia.com\/fr\/wp-json\/wp\/v2\/media?parent=221524"}],"wp:term":[{"taxonomy":"product_brand","embeddable":true,"href":"https:\/\/aromasentia.com\/fr\/wp-json\/wp\/v2\/product_brand?post=221524"},{"taxonomy":"product_cat","embeddable":true,"href":"https:\/\/aromasentia.com\/fr\/wp-json\/wp\/v2\/product_cat?post=221524"},{"taxonomy":"product_tag","embeddable":true,"href":"https:\/\/aromasentia.com\/fr\/wp-json\/wp\/v2\/product_tag?post=221524"}],"curies":[{"name":"wp","href":"https:\/\/api.w.org\/{rel}","templated":true}]}}