{"id":221508,"date":"2025-03-23T10:31:10","date_gmt":"2025-03-23T10:31:10","guid":{"rendered":"https:\/\/aromasentia.com\/product\/ritual-resin-on-stick-dragon-blood\/"},"modified":"2025-12-30T19:03:15","modified_gmt":"2025-12-30T19:03:15","slug":"resine-rituelle-sur-baton-sang-de-dragon","status":"publish","type":"product","link":"https:\/\/aromasentia.com\/fr\/resine-rituelle-sur-baton-sang-de-dragon\/","title":{"rendered":"R\u00e9sine Rituelle sur B\u00e2ton &#8211; Sang de Dragon"},"content":{"rendered":"<p>Pr\u00e9sentation de notre exquise<strong><span style=\"color: rgb(75, 80, 88);\">&nbsp;collection de r\u00e9sines rituelles sur b\u00e2ton<\/span><\/strong>, fabriqu\u00e9es \u00e0 la main au c\u0153ur de l\u2019Inde.&nbsp;<\/p>\n<p>Plongez-vous dans la riche tradition de la spiritualit\u00e9 indienne et \u00e9levez vos pratiques spirituelles avec ces r\u00e9sines de qualit\u00e9 sup\u00e9rieure.&nbsp;<\/p>\n<p><strong><span style=\"color: rgb(75, 80, 88);\">Le produit est disponible dans une bo\u00eete contenant 8 paquets, chaque paquet contient 8 b\u00e2tons d&rsquo;encens. <\/span><\/strong><\/p>\n<p>R\u00e9veillez votre force int\u00e9rieure et votre courage avec nos R\u00e9sines Rituelles Sang du Dragon sur b\u00e2ton.<\/p>\n<p><strong><span style=\"color: rgb(75, 80, 88);\">Ce parfum mystique combine la r\u00e9sine de diverses plantes pour cr\u00e9er un ar\u00f4me captivant et stimulant.<\/span><\/strong>&nbsp;<\/p>\n<p><strong><span style=\"color: rgb(141, 186, 216);\">Id\u00e9al pour am\u00e9liorer votre m\u00e9ditation et vos pratiques spirituelles.<\/span><\/strong><\/p>\n","protected":false},"excerpt":{"rendered":"<p>Pr\u00e9sentation de notre exquise&nbsp;collection de r\u00e9sines rituelles sur b\u00e2ton, fabriqu\u00e9es \u00e0 la main au c\u0153ur de l\u2019Inde.&nbsp; Plongez-vous dans la riche tradition de la spiritualit\u00e9 indienne et \u00e9levez vos pratiques spirituelles avec ces r\u00e9sines de qualit\u00e9 sup\u00e9rieure.&nbsp; Le produit est disponible dans une bo\u00eete contenant 8 paquets, chaque paquet contient 8 b\u00e2tons d&rsquo;encens. R\u00e9veillez votre [&hellip;]<\/p>\n","protected":false},"featured_media":408805,"comment_status":"closed","ping_status":"open","template":"","meta":{"_angie_page":false},"product_brand":[27105],"product_cat":[15147,15228],"product_tag":[],"class_list":{"0":"post-221508","1":"product","2":"type-product","3":"status-publish","4":"has-post-thumbnail","6":"product_brand-banjara","7":"product_cat-encens-et-porte-encens","8":"product_cat-resine-d-encens","9":"pa_collection-ritual-resins-on-stick-fr","10":"pa_made-in-inde","12":"first","13":"instock","14":"purchasable","15":"product-type-simple"},"supplier_id":null,"supplier_sku":"RitRinc-08","barcode":null,"atum_controlled":true,"out_stock_date":null,"out_stock_threshold":null,"inheritable":false,"inbound_stock":null,"stock_on_hold":0,"sold_today":0,"sales_last_days":0,"reserved_stock":null,"customer_returns":null,"warehouse_damage":null,"lost_in_post":null,"other_logs":null,"out_stock_days":0,"lost_sales":0,"has_location":null,"update_date":"2026-05-04T00:04:58","atum_locations":[],"atum_stock_status":"instock","restock_status":false,"low_stock_amount":"","sales_update_date":"2025-09-03T00:18:38","calc_backorders":null,"_links":{"self":[{"href":"https:\/\/aromasentia.com\/fr\/wp-json\/wp\/v2\/product\/221508","targetHints":{"allow":["GET"]}}],"collection":[{"href":"https:\/\/aromasentia.com\/fr\/wp-json\/wp\/v2\/product"}],"about":[{"href":"https:\/\/aromasentia.com\/fr\/wp-json\/wp\/v2\/types\/product"}],"replies":[{"embeddable":true,"href":"https:\/\/aromasentia.com\/fr\/wp-json\/wp\/v2\/comments?post=221508"}],"version-history":[{"count":0,"href":"https:\/\/aromasentia.com\/fr\/wp-json\/wp\/v2\/product\/221508\/revisions"}],"wp:featuredmedia":[{"embeddable":true,"href":"https:\/\/aromasentia.com\/fr\/wp-json\/wp\/v2\/media\/408805"}],"wp:attachment":[{"href":"https:\/\/aromasentia.com\/fr\/wp-json\/wp\/v2\/media?parent=221508"}],"wp:term":[{"taxonomy":"product_brand","embeddable":true,"href":"https:\/\/aromasentia.com\/fr\/wp-json\/wp\/v2\/product_brand?post=221508"},{"taxonomy":"product_cat","embeddable":true,"href":"https:\/\/aromasentia.com\/fr\/wp-json\/wp\/v2\/product_cat?post=221508"},{"taxonomy":"product_tag","embeddable":true,"href":"https:\/\/aromasentia.com\/fr\/wp-json\/wp\/v2\/product_tag?post=221508"}],"curies":[{"name":"wp","href":"https:\/\/api.w.org\/{rel}","templated":true}]}}