{"id":221504,"date":"2025-03-23T10:31:10","date_gmt":"2025-03-23T10:31:10","guid":{"rendered":"https:\/\/aromasentia.com\/product\/ritual-resin-on-stick-copal\/"},"modified":"2025-12-30T19:03:15","modified_gmt":"2025-12-30T19:03:15","slug":"resine-rituelle-sur-baton-copal","status":"publish","type":"product","link":"https:\/\/aromasentia.com\/fr\/resine-rituelle-sur-baton-copal\/","title":{"rendered":"R\u00e9sine Rituelle sur B\u00e2ton &#8211; Copal"},"content":{"rendered":"<p>Nous vous pr\u00e9sentons notre <strong><span style=\"color: rgb(75, 80, 88);\">collection exquise de r\u00e9sines rituelles sur b\u00e2ton<\/span><\/strong>, fabriqu\u00e9es \u00e0 la main au c\u0153ur de l&rsquo;Inde.&nbsp;<\/p>\n<p>Plongez dans la riche tradition de la spiritualit\u00e9 indienne et \u00e9levez vos pratiques spirituelles gr\u00e2ce \u00e0 ces r\u00e9sines de premi\u00e8re qualit\u00e9.&nbsp;<\/p>\n<p><strong><span style=\"color: rgb(75, 80, 88);\">Le produit est disponible dans une bo\u00eete contenant 8 paquets, chaque paquet contenant 8 b\u00e2tons d&rsquo;encens. <\/span><\/strong><\/p>\n<p>Plongez dans les anciennes traditions de l&rsquo;Am\u00e9rique centrale avec nos r\u00e9sines rituelles sur b\u00e2tonnet infus\u00e9es de Copal.&nbsp;<\/p>\n<p><strong><span style=\"color: rgb(75, 80, 88);\">La r\u00e9sine de copal est v\u00e9n\u00e9r\u00e9e pour sa capacit\u00e9 \u00e0 purifier et \u00e0 prot\u00e9ger.<\/span><\/strong>&nbsp;<\/p>\n<p><strong><span style=\"color: rgb(141, 186, 216);\">Allumez ce b\u00e2tonnet pour cr\u00e9er une atmosph\u00e8re sacr\u00e9e pour les rituels et la m\u00e9ditation, en \u00e9voquant l&rsquo;essence des anciennes civilisations.<\/span><\/strong><\/p>\n","protected":false},"excerpt":{"rendered":"<p>Nous vous pr\u00e9sentons notre collection exquise de r\u00e9sines rituelles sur b\u00e2ton, fabriqu\u00e9es \u00e0 la main au c\u0153ur de l&rsquo;Inde.&nbsp; Plongez dans la riche tradition de la spiritualit\u00e9 indienne et \u00e9levez vos pratiques spirituelles gr\u00e2ce \u00e0 ces r\u00e9sines de premi\u00e8re qualit\u00e9.&nbsp; Le produit est disponible dans une bo\u00eete contenant 8 paquets, chaque paquet contenant 8 b\u00e2tons [&hellip;]<\/p>\n","protected":false},"featured_media":408796,"comment_status":"closed","ping_status":"open","template":"","meta":{"_angie_page":false},"product_brand":[27105],"product_cat":[15147,15228],"product_tag":[],"class_list":{"0":"post-221504","1":"product","2":"type-product","3":"status-publish","4":"has-post-thumbnail","6":"product_brand-banjara","7":"product_cat-encens-et-porte-encens","8":"product_cat-resine-d-encens","9":"pa_collection-ritual-resins-on-stick-fr","10":"pa_made-in-inde","12":"first","13":"instock","14":"purchasable","15":"product-type-simple"},"supplier_id":null,"supplier_sku":"RitRinc-07","barcode":null,"atum_controlled":true,"out_stock_date":null,"out_stock_threshold":null,"inheritable":false,"inbound_stock":null,"stock_on_hold":0,"sold_today":0,"sales_last_days":0,"reserved_stock":null,"customer_returns":null,"warehouse_damage":null,"lost_in_post":null,"other_logs":null,"out_stock_days":0,"lost_sales":0,"has_location":null,"update_date":"2026-04-28T06:42:57","atum_locations":[],"atum_stock_status":"instock","restock_status":false,"low_stock_amount":"","sales_update_date":"2026-02-06T00:02:30","calc_backorders":null,"_links":{"self":[{"href":"https:\/\/aromasentia.com\/fr\/wp-json\/wp\/v2\/product\/221504","targetHints":{"allow":["GET"]}}],"collection":[{"href":"https:\/\/aromasentia.com\/fr\/wp-json\/wp\/v2\/product"}],"about":[{"href":"https:\/\/aromasentia.com\/fr\/wp-json\/wp\/v2\/types\/product"}],"replies":[{"embeddable":true,"href":"https:\/\/aromasentia.com\/fr\/wp-json\/wp\/v2\/comments?post=221504"}],"version-history":[{"count":0,"href":"https:\/\/aromasentia.com\/fr\/wp-json\/wp\/v2\/product\/221504\/revisions"}],"wp:featuredmedia":[{"embeddable":true,"href":"https:\/\/aromasentia.com\/fr\/wp-json\/wp\/v2\/media\/408796"}],"wp:attachment":[{"href":"https:\/\/aromasentia.com\/fr\/wp-json\/wp\/v2\/media?parent=221504"}],"wp:term":[{"taxonomy":"product_brand","embeddable":true,"href":"https:\/\/aromasentia.com\/fr\/wp-json\/wp\/v2\/product_brand?post=221504"},{"taxonomy":"product_cat","embeddable":true,"href":"https:\/\/aromasentia.com\/fr\/wp-json\/wp\/v2\/product_cat?post=221504"},{"taxonomy":"product_tag","embeddable":true,"href":"https:\/\/aromasentia.com\/fr\/wp-json\/wp\/v2\/product_tag?post=221504"}],"curies":[{"name":"wp","href":"https:\/\/api.w.org\/{rel}","templated":true}]}}