{"id":221268,"date":"2025-03-23T10:31:17","date_gmt":"2025-03-23T10:31:17","guid":{"rendered":"https:\/\/aromasentia.com\/product\/earth-inspired-smudge-incense-lemon-grass\/"},"modified":"2025-12-30T19:02:37","modified_gmt":"2025-12-30T19:02:37","slug":"encens-inspire-de-la-terre-citronnelle","status":"publish","type":"product","link":"https:\/\/aromasentia.com\/fr\/encens-inspire-de-la-terre-citronnelle\/","title":{"rendered":"Encens Inspir\u00e9 de la Terre &#8211; Citronnelle"},"content":{"rendered":"<p>Pr\u00e9sentation de nos <strong><span style=\"color: rgb(75, 80, 88);\">b\u00e2tons d&rsquo;encens inspir\u00e9s de la Terre<\/span><\/strong>, une fusion captivante des meilleurs \u00e9l\u00e9ments de la nature, fabriqu\u00e9s \u00e0 la main pour \u00e9lever l&rsquo;exp\u00e9rience spirituelle et sensorielle. Ils sont fabriqu\u00e9s \u00e0 la main en utilisant uniquement les ingr\u00e9dients naturels les plus purs.&nbsp;<\/p>\n<p>Nous avons m\u00e9lang\u00e9 des herbes parfum\u00e9es, comme le romarin ou la citronnelle, avec des huiles essentielles pour cr\u00e9er une symphonie de senteurs qui transporte vos clients au c\u0153ur de paysages intacts et immacul\u00e9s.&nbsp;<\/p>\n<p>Ces b\u00e2tons d&rsquo;encens sont biologiques et n&rsquo;ont pas \u00e9t\u00e9 test\u00e9s sur les animaux. Dynamisez vos sens avec l\u2019\u00e9nergie terrestre vibrante de l\u2019encens Smudge inspir\u00e9 de la citronnelle.&nbsp;<\/p>\n<p><strong><span style=\"color: rgb(26, 188, 156);\">Le parfum piquant et citronn\u00e9 de la citronnelle r\u00e9veille votre esprit, apportant un \u00e9clat de vitalit\u00e9 rafra\u00eechissant. <\/span><\/strong><\/p>\n<p>Pendant que vous br\u00fblez cet encens, sentez les qualit\u00e9s revigorantes de la citronnelle impr\u00e9gner votre environnement, favorisant la clart\u00e9, la concentration et une connexion renouvel\u00e9e au dynamisme de la Terre.&nbsp;<\/p>\n<p>Chaque paquet contient env. 9 b\u00e2tons d&rsquo;encens.&nbsp;<\/p>\n<p><strong><span style=\"color: rgb(75, 80, 88);\">\u00e9levez votre voyage spirituel et d\u00e9couvrez la magie des \u00e9l\u00e9ments de la Terre.<\/span><\/strong><\/p>\n","protected":false},"excerpt":{"rendered":"<p>Pr\u00e9sentation de nos b\u00e2tons d&rsquo;encens inspir\u00e9s de la Terre, une fusion captivante des meilleurs \u00e9l\u00e9ments de la nature, fabriqu\u00e9s \u00e0 la main pour \u00e9lever l&rsquo;exp\u00e9rience spirituelle et sensorielle. Ils sont fabriqu\u00e9s \u00e0 la main en utilisant uniquement les ingr\u00e9dients naturels les plus purs.&nbsp; Nous avons m\u00e9lang\u00e9 des herbes parfum\u00e9es, comme le romarin ou la citronnelle, [&hellip;]<\/p>\n","protected":false},"featured_media":410035,"comment_status":"closed","ping_status":"open","template":"","meta":{"_angie_page":false},"product_brand":[27119],"product_cat":[15193,15147,26818,26252,25842,25817],"product_tag":[],"class_list":{"0":"post-221268","1":"product","2":"type-product","3":"status-publish","4":"has-post-thumbnail","6":"product_brand-namaste-india-incense","7":"product_cat-batonnets-d-encens","8":"product_cat-encens-et-porte-encens","9":"product_cat-hesperide-agrumes","10":"product_cat-lemongrass-citronnelle","11":"product_cat-senteurs-aromes","12":"product_cat-smudge-sticks","13":"pa_collection-earth-inspired-smudge-incense-sticks-fr","14":"pa_made-in-inde","16":"first","17":"instock","18":"purchasable","19":"product-type-simple"},"supplier_id":null,"supplier_sku":"SMI-03","barcode":null,"atum_controlled":true,"out_stock_date":null,"out_stock_threshold":null,"inheritable":false,"inbound_stock":null,"stock_on_hold":0,"sold_today":0,"sales_last_days":0,"reserved_stock":null,"customer_returns":null,"warehouse_damage":null,"lost_in_post":null,"other_logs":null,"out_stock_days":0,"lost_sales":0,"has_location":null,"update_date":"2026-04-27T07:21:33","atum_locations":[],"atum_stock_status":"instock","restock_status":false,"low_stock_amount":"","sales_update_date":"2025-09-03T00:18:25","calc_backorders":null,"_links":{"self":[{"href":"https:\/\/aromasentia.com\/fr\/wp-json\/wp\/v2\/product\/221268","targetHints":{"allow":["GET"]}}],"collection":[{"href":"https:\/\/aromasentia.com\/fr\/wp-json\/wp\/v2\/product"}],"about":[{"href":"https:\/\/aromasentia.com\/fr\/wp-json\/wp\/v2\/types\/product"}],"replies":[{"embeddable":true,"href":"https:\/\/aromasentia.com\/fr\/wp-json\/wp\/v2\/comments?post=221268"}],"version-history":[{"count":0,"href":"https:\/\/aromasentia.com\/fr\/wp-json\/wp\/v2\/product\/221268\/revisions"}],"wp:featuredmedia":[{"embeddable":true,"href":"https:\/\/aromasentia.com\/fr\/wp-json\/wp\/v2\/media\/410035"}],"wp:attachment":[{"href":"https:\/\/aromasentia.com\/fr\/wp-json\/wp\/v2\/media?parent=221268"}],"wp:term":[{"taxonomy":"product_brand","embeddable":true,"href":"https:\/\/aromasentia.com\/fr\/wp-json\/wp\/v2\/product_brand?post=221268"},{"taxonomy":"product_cat","embeddable":true,"href":"https:\/\/aromasentia.com\/fr\/wp-json\/wp\/v2\/product_cat?post=221268"},{"taxonomy":"product_tag","embeddable":true,"href":"https:\/\/aromasentia.com\/fr\/wp-json\/wp\/v2\/product_tag?post=221268"}],"curies":[{"name":"wp","href":"https:\/\/api.w.org\/{rel}","templated":true}]}}