{"id":221212,"date":"2025-03-23T10:31:25","date_gmt":"2025-03-23T10:31:25","guid":{"rendered":"https:\/\/aromasentia.com\/product\/plant-based-incense-sticks-lush-lavender\/"},"modified":"2025-12-30T19:02:30","modified_gmt":"2025-12-30T19:02:30","slug":"encens-vegetal-lavande-luxuriante","status":"publish","type":"product","link":"https:\/\/aromasentia.com\/fr\/encens-vegetal-lavande-luxuriante\/","title":{"rendered":"Encens V\u00e9g\u00e9tal &#8211; Lavande luxuriante"},"content":{"rendered":"<p><strong><span style=\"color: rgb(75, 80, 88);\">Encens \u00e0 base de plantes Stamford Premium Lavande Luxuriante&nbsp;<\/span><\/strong>en gros avec un pourcentage de parfum plus \u00e9lev\u00e9 donnant un ar\u00f4me plus intense et durable lors de l&rsquo;utilisation. &#8211; encens de qualit\u00e9 sup\u00e9rieure roul\u00e9 \u00e0 la main &#8211; temps de combustion approximatif : 30 Minutes &#8211; sans cruaut\u00e9, v\u00e9g\u00e9talien&nbsp;<\/p>\n<p>Mati\u00e8re : r\u00e9sines et mati\u00e8re v\u00e9g\u00e9tale Allumez simplement une pointe du b\u00e2ton et attendez qu&rsquo;il brille. Soufflez ensuite la flamme et placez-la dans un porte-encens.&nbsp;<\/p>\n<p>Le parfum magnifique vous permettra de cr\u00e9er l&rsquo;ambiance parfaite pour la d\u00e9tente, le divertissement et une maison vraiment \u00e9l\u00e9gante. Un article essentiel pour votre magasin de cadeaux au d\u00e9tail. Avec un parfum de bonne qualit\u00e9 dans chaque design, vous aurez quelque chose de sp\u00e9cial pour chaque client.&nbsp;<\/p>\n<p><strong><span style=\"color: rgb(141, 186, 216);\">Commandez aujourd&rsquo;hui et laissez couler cet agr\u00e9able ar\u00f4me&#8230;<\/span><\/strong><\/p>\n","protected":false},"excerpt":{"rendered":"<p>Encens \u00e0 base de plantes Stamford Premium Lavande Luxuriante&nbsp;en gros avec un pourcentage de parfum plus \u00e9lev\u00e9 donnant un ar\u00f4me plus intense et durable lors de l&rsquo;utilisation. &#8211; encens de qualit\u00e9 sup\u00e9rieure roul\u00e9 \u00e0 la main &#8211; temps de combustion approximatif : 30 Minutes &#8211; sans cruaut\u00e9, v\u00e9g\u00e9talien&nbsp; Mati\u00e8re : r\u00e9sines et mati\u00e8re v\u00e9g\u00e9tale Allumez [&hellip;]<\/p>\n","protected":false},"featured_media":411783,"comment_status":"closed","ping_status":"open","template":"","meta":[],"product_brand":[27143],"product_cat":[15193,15147,26832,26233,25842],"product_tag":[],"class_list":{"0":"post-221212","1":"product","2":"type-product","3":"status-publish","4":"has-post-thumbnail","6":"product_brand-stamford","7":"product_cat-batonnets-d-encens","8":"product_cat-encens-et-porte-encens","9":"product_cat-floral","10":"product_cat-lavande","11":"product_cat-senteurs-aromes","12":"pa_collection-stamford-plant-based-incense-sticks-fr","13":"pa_made-in-inde","15":"first","16":"outofstock","17":"purchasable","18":"product-type-simple"},"supplier_id":null,"supplier_sku":"SPBi-03","barcode":null,"atum_controlled":true,"out_stock_date":"2025-12-15 11:03:46","out_stock_threshold":null,"inheritable":false,"inbound_stock":null,"stock_on_hold":0,"sold_today":0,"sales_last_days":0,"reserved_stock":null,"customer_returns":null,"warehouse_damage":null,"lost_in_post":null,"other_logs":null,"out_stock_days":45,"lost_sales":0,"has_location":null,"update_date":"2026-01-30T01:26:26","atum_locations":[],"atum_stock_status":"outofstock","restock_status":false,"low_stock_amount":"","sales_update_date":"2026-01-30T01:26:26","calc_backorders":null,"_links":{"self":[{"href":"https:\/\/aromasentia.com\/fr\/wp-json\/wp\/v2\/product\/221212","targetHints":{"allow":["GET"]}}],"collection":[{"href":"https:\/\/aromasentia.com\/fr\/wp-json\/wp\/v2\/product"}],"about":[{"href":"https:\/\/aromasentia.com\/fr\/wp-json\/wp\/v2\/types\/product"}],"replies":[{"embeddable":true,"href":"https:\/\/aromasentia.com\/fr\/wp-json\/wp\/v2\/comments?post=221212"}],"version-history":[{"count":0,"href":"https:\/\/aromasentia.com\/fr\/wp-json\/wp\/v2\/product\/221212\/revisions"}],"wp:featuredmedia":[{"embeddable":true,"href":"https:\/\/aromasentia.com\/fr\/wp-json\/wp\/v2\/media\/411783"}],"wp:attachment":[{"href":"https:\/\/aromasentia.com\/fr\/wp-json\/wp\/v2\/media?parent=221212"}],"wp:term":[{"taxonomy":"product_brand","embeddable":true,"href":"https:\/\/aromasentia.com\/fr\/wp-json\/wp\/v2\/product_brand?post=221212"},{"taxonomy":"product_cat","embeddable":true,"href":"https:\/\/aromasentia.com\/fr\/wp-json\/wp\/v2\/product_cat?post=221212"},{"taxonomy":"product_tag","embeddable":true,"href":"https:\/\/aromasentia.com\/fr\/wp-json\/wp\/v2\/product_tag?post=221212"}],"curies":[{"name":"wp","href":"https:\/\/api.w.org\/{rel}","templated":true}]}}