{"id":221160,"date":"2025-03-23T10:31:25","date_gmt":"2025-03-23T10:31:25","guid":{"rendered":"https:\/\/aromasentia.com\/product\/plant-based-backflow-incense-cones-apple-cinnamon\/"},"modified":"2025-12-30T19:02:22","modified_gmt":"2025-12-30T19:02:22","slug":"cones-dencens-a-base-de-plantes-pomme-et-cannelle","status":"publish","type":"product","link":"https:\/\/aromasentia.com\/fr\/cones-dencens-a-base-de-plantes-pomme-et-cannelle\/","title":{"rendered":"C\u00f4nes d&rsquo;encens \u00e0 base de plantes &#8211; Pomme et cannelle"},"content":{"rendered":"<p><strong><span style=\"color: rgb(75, 80, 88);\">Vente en gros de c\u00f4nes d&rsquo;encens Pomme &amp; Cannelle&nbsp;<\/span><\/strong>\u00e0 refoulement \u00e0 base de plantes Stamford Premium avec un pourcentage de parfum plus \u00e9lev\u00e9 donnant un ar\u00f4me plus intense et durable lors de l&rsquo;utilisation. &#8211; encens de qualit\u00e9 sup\u00e9rieure roul\u00e9 \u00e0 la main &#8211; temps de combustion approximatif : 30 Minutes &#8211; sans cruaut\u00e9, v\u00e9g\u00e9talien&nbsp;<\/p>\n<p>Mati\u00e8re : r\u00e9sines et mati\u00e8re v\u00e9g\u00e9tale Lorsque leur pointe est allum\u00e9e, la fum\u00e9e coule dans le br\u00fbleur d&rsquo;encens comme une cascade, cr\u00e9ant un effet inhabituel et magnifique.&nbsp;<\/p>\n<p>Veuillez noter que ces c\u00f4nes sont uniquement destin\u00e9s \u00e0 \u00eatre utilis\u00e9s avec des br\u00fbleurs d&rsquo;encens \u00e0 contre-courant.&nbsp;<\/p>\n<p><strong><span style=\"color: rgb(141, 186, 216);\">Commandez aujourd&rsquo;hui et laissez couler cet agr\u00e9able ar\u00f4me&#8230;<\/span><\/strong><\/p>\n","protected":false},"excerpt":{"rendered":"<p>Vente en gros de c\u00f4nes d&rsquo;encens Pomme &amp; Cannelle&nbsp;\u00e0 refoulement \u00e0 base de plantes Stamford Premium avec un pourcentage de parfum plus \u00e9lev\u00e9 donnant un ar\u00f4me plus intense et durable lors de l&rsquo;utilisation. &#8211; encens de qualit\u00e9 sup\u00e9rieure roul\u00e9 \u00e0 la main &#8211; temps de combustion approximatif : 30 Minutes &#8211; sans cruaut\u00e9, v\u00e9g\u00e9talien&nbsp; Mati\u00e8re [&hellip;]<\/p>\n","protected":false},"featured_media":411618,"comment_status":"closed","ping_status":"open","template":"","meta":{"_angie_page":false},"product_brand":[27143],"product_cat":[26135,15147,26888,26846,26530,25842],"product_tag":[],"class_list":{"0":"post-221160","1":"product","2":"type-product","3":"status-publish","4":"has-post-thumbnail","6":"product_brand-stamford","7":"product_cat-cannelle","8":"product_cat-encens-et-porte-encens","9":"product_cat-epice","10":"product_cat-fruite","11":"product_cat-pomme","12":"product_cat-senteurs-aromes","13":"pa_collection-smudge-sticks-fr","14":"pa_made-in-inde","16":"first","17":"instock","18":"purchasable","19":"product-type-simple"},"supplier_id":null,"supplier_sku":"SPBBF-08","barcode":null,"atum_controlled":true,"out_stock_date":null,"out_stock_threshold":null,"inheritable":false,"inbound_stock":null,"stock_on_hold":0,"sold_today":0,"sales_last_days":0,"reserved_stock":null,"customer_returns":null,"warehouse_damage":null,"lost_in_post":null,"other_logs":null,"out_stock_days":0,"lost_sales":0,"has_location":null,"update_date":"2026-04-27T07:22:23","atum_locations":[],"atum_stock_status":"instock","restock_status":false,"low_stock_amount":"","sales_update_date":"2025-09-03T00:18:18","calc_backorders":null,"_links":{"self":[{"href":"https:\/\/aromasentia.com\/fr\/wp-json\/wp\/v2\/product\/221160","targetHints":{"allow":["GET"]}}],"collection":[{"href":"https:\/\/aromasentia.com\/fr\/wp-json\/wp\/v2\/product"}],"about":[{"href":"https:\/\/aromasentia.com\/fr\/wp-json\/wp\/v2\/types\/product"}],"replies":[{"embeddable":true,"href":"https:\/\/aromasentia.com\/fr\/wp-json\/wp\/v2\/comments?post=221160"}],"version-history":[{"count":0,"href":"https:\/\/aromasentia.com\/fr\/wp-json\/wp\/v2\/product\/221160\/revisions"}],"wp:featuredmedia":[{"embeddable":true,"href":"https:\/\/aromasentia.com\/fr\/wp-json\/wp\/v2\/media\/411618"}],"wp:attachment":[{"href":"https:\/\/aromasentia.com\/fr\/wp-json\/wp\/v2\/media?parent=221160"}],"wp:term":[{"taxonomy":"product_brand","embeddable":true,"href":"https:\/\/aromasentia.com\/fr\/wp-json\/wp\/v2\/product_brand?post=221160"},{"taxonomy":"product_cat","embeddable":true,"href":"https:\/\/aromasentia.com\/fr\/wp-json\/wp\/v2\/product_cat?post=221160"},{"taxonomy":"product_tag","embeddable":true,"href":"https:\/\/aromasentia.com\/fr\/wp-json\/wp\/v2\/product_tag?post=221160"}],"curies":[{"name":"wp","href":"https:\/\/api.w.org\/{rel}","templated":true}]}}