{"id":221096,"date":"2025-03-23T10:31:25","date_gmt":"2025-03-23T10:31:25","guid":{"rendered":"https:\/\/aromasentia.com\/product\/smudge-stick-cleansing-energy-sage-torch-citrine-10cm\/"},"modified":"2025-12-30T19:02:08","modified_gmt":"2025-12-30T19:02:08","slug":"baton-de-maculage-torche-de-purification-energetique-a-la-sauge-citrine-10cm","status":"publish","type":"product","link":"https:\/\/aromasentia.com\/fr\/baton-de-maculage-torche-de-purification-energetique-a-la-sauge-citrine-10cm\/","title":{"rendered":"B\u00e2ton de Maculage &#8211; Torche de Purification \u00e9nerg\u00e9tique \u00e0 la Sauge (citrine) 10cm"},"content":{"rendered":"<p>Imaginez un environnement o\u00f9les \u00e9nergies n\u00e9gatives sont balay\u00e9es, o\u00f9la clart\u00e9 mentale et la productivit\u00e9 prosp\u00e8rent.&nbsp;<\/p>\n<p>La Sauge, r\u00e9put\u00e9e pour ses propri\u00e9t\u00e9s purifiantes, associ\u00e9e \u00e0 la citrine, cristal de prosp\u00e9rit\u00e9 et de succ\u00e8s, cr\u00e9e une synergie \u00e9nerg\u00e9tique puissante. Chaque utilisation de notre torche de purification \u00e9limine les impuret\u00e9s \u00e9nerg\u00e9tiques, lib\u00e9rant ainsi un flux d&rsquo;\u00e9nergie positive qui stimule la cr\u00e9ativit\u00e9 et l&rsquo;efficacit\u00e9.<\/p>\n<p>Avec une<strong>&nbsp;longueur de 10cm<\/strong>, ce b\u00e2ton de maculage est pratique et facile \u00e0 utiliser. Int\u00e9grez-le dans votre routine quotidienne pour nettoyer votre espace avant les r\u00e9unions importantes, les s\u00e9ances de brainstorming ou simplement pour revitaliser l&rsquo;ambiance.<\/p>\n<p>Investissez dans votre bien-\u00eatre \u00e9nerg\u00e9tique et dans la r\u00e9ussite de votre entreprise d\u00e8s aujourd&rsquo;hui avec notre B\u00e2ton de Maculage &#8211; Torche de Purification \u00e9nerg\u00e9tique \u00e0 la Sauge (citrine) 10cm.&nbsp;<\/p>\n<p><strong><span style=\"color: rgb(141, 186, 216);\">D\u00e9marquez-vous dans votre domaine gr\u00e2ce \u00e0 une \u00e9nergie positive et dynamique.<\/span><\/strong><\/p>\n","protected":false},"excerpt":{"rendered":"<p>Imaginez un environnement o\u00f9les \u00e9nergies n\u00e9gatives sont balay\u00e9es, o\u00f9la clart\u00e9 mentale et la productivit\u00e9 prosp\u00e8rent.&nbsp; La Sauge, r\u00e9put\u00e9e pour ses propri\u00e9t\u00e9s purifiantes, associ\u00e9e \u00e0 la citrine, cristal de prosp\u00e9rit\u00e9 et de succ\u00e8s, cr\u00e9e une synergie \u00e9nerg\u00e9tique puissante. Chaque utilisation de notre torche de purification \u00e9limine les impuret\u00e9s \u00e9nerg\u00e9tiques, lib\u00e9rant ainsi un flux d&rsquo;\u00e9nergie positive qui [&hellip;]<\/p>\n","protected":false},"featured_media":411250,"comment_status":"closed","ping_status":"open","template":"","meta":{"_angie_page":false},"product_brand":[],"product_cat":[25589,15147,26860,25226,26383,25842,25817],"product_tag":[],"class_list":{"0":"post-221096","1":"product","2":"type-product","3":"status-publish","4":"has-post-thumbnail","6":"product_cat-citrine","7":"product_cat-encens-et-porte-encens","8":"product_cat-herbes-aromatiques","9":"product_cat-pierres-et-mineraux","10":"product_cat-sauge","11":"product_cat-senteurs-aromes","12":"product_cat-smudge-sticks","13":"pa_collection-smudge-sticks-fr","14":"pa_made-in-etats-unis","16":"first","17":"instock","18":"purchasable","19":"product-type-simple"},"supplier_id":null,"supplier_sku":"SmudgeS-58","barcode":null,"atum_controlled":true,"out_stock_date":null,"out_stock_threshold":null,"inheritable":false,"inbound_stock":null,"stock_on_hold":0,"sold_today":0,"sales_last_days":0,"reserved_stock":null,"customer_returns":null,"warehouse_damage":null,"lost_in_post":null,"other_logs":null,"out_stock_days":0,"lost_sales":0,"has_location":null,"update_date":"2026-04-27T07:21:45","atum_locations":[],"atum_stock_status":"instock","restock_status":false,"low_stock_amount":"","sales_update_date":"2025-09-03T00:18:15","calc_backorders":null,"_links":{"self":[{"href":"https:\/\/aromasentia.com\/fr\/wp-json\/wp\/v2\/product\/221096","targetHints":{"allow":["GET"]}}],"collection":[{"href":"https:\/\/aromasentia.com\/fr\/wp-json\/wp\/v2\/product"}],"about":[{"href":"https:\/\/aromasentia.com\/fr\/wp-json\/wp\/v2\/types\/product"}],"replies":[{"embeddable":true,"href":"https:\/\/aromasentia.com\/fr\/wp-json\/wp\/v2\/comments?post=221096"}],"version-history":[{"count":0,"href":"https:\/\/aromasentia.com\/fr\/wp-json\/wp\/v2\/product\/221096\/revisions"}],"wp:featuredmedia":[{"embeddable":true,"href":"https:\/\/aromasentia.com\/fr\/wp-json\/wp\/v2\/media\/411250"}],"wp:attachment":[{"href":"https:\/\/aromasentia.com\/fr\/wp-json\/wp\/v2\/media?parent=221096"}],"wp:term":[{"taxonomy":"product_brand","embeddable":true,"href":"https:\/\/aromasentia.com\/fr\/wp-json\/wp\/v2\/product_brand?post=221096"},{"taxonomy":"product_cat","embeddable":true,"href":"https:\/\/aromasentia.com\/fr\/wp-json\/wp\/v2\/product_cat?post=221096"},{"taxonomy":"product_tag","embeddable":true,"href":"https:\/\/aromasentia.com\/fr\/wp-json\/wp\/v2\/product_tag?post=221096"}],"curies":[{"name":"wp","href":"https:\/\/api.w.org\/{rel}","templated":true}]}}