{"id":221056,"date":"2025-03-23T10:31:32","date_gmt":"2025-03-23T10:31:32","guid":{"rendered":"https:\/\/aromasentia.com\/product\/plant-based-incense-cones-aloe-vera\/"},"modified":"2025-12-30T19:02:00","modified_gmt":"2025-12-30T19:02:00","slug":"cones-dencens-a-base-de-plantes-aloe-vera-2","status":"publish","type":"product","link":"https:\/\/aromasentia.com\/fr\/cones-dencens-a-base-de-plantes-aloe-vera-2\/","title":{"rendered":"C\u00f4nes d&rsquo;encens \u00e0 base de plantes &#8211; Aloe Vera"},"content":{"rendered":"<p><strong><span style=\"color: rgb(75, 80, 88);\">C\u00f4nes d&rsquo;encens Aloe Vera<\/span><\/strong> \u00e0 base de plantes Stamford Premium C\u00f4nes d&rsquo;encens \u00e0 base de plantes Stamford Premium avec une teneur en parfum plus \u00e9lev\u00e9e, qui donne un ar\u00f4me plus intense et durable lorsqu&rsquo;il est utilis\u00e9.&nbsp;<\/p>\n<p>Cette marque Premium \u00e0 base de plantes de Stamford a un pourcentage de parfum plus \u00e9lev\u00e9 donnant un ar\u00f4me plus intense et durable lors de son utilisation.&nbsp;<\/p>\n<p>Type d&rsquo;encens : C\u00f4nes C\u00f4nes approximatifs par paquet : 12 c\u00f4nes Mat\u00e9riel: Encens, r\u00e9sines et mat\u00e9riel v\u00e9g\u00e9tal de qualit\u00e9 sup\u00e9rieure roul\u00e9s \u00e0 la main.&nbsp;<\/p>\n<p><strong><span style=\"color: rgb(75, 80, 88);\">Temps de combustion approximatif : 30 minutes&nbsp;<\/span><\/strong><\/p>\n<p><span style=\"color: rgb(75, 80, 88);\"><strong>Sans cruaut\u00e9 : Oui&nbsp;<\/strong><\/span><\/p>\n<p><strong><span style=\"color: rgb(75, 80, 88);\">V\u00e9g\u00e9talien : Oui&nbsp;<\/span><\/strong><\/p>\n<p><strong><span style=\"color: rgb(141, 186, 216);\">Alors allumez quelques ventes suppl\u00e9mentaires et commandez aujourd&rsquo;hui \ud83d\ude09<\/span><\/strong><\/p>\n","protected":false},"excerpt":{"rendered":"<p>C\u00f4nes d&rsquo;encens Aloe Vera \u00e0 base de plantes Stamford Premium C\u00f4nes d&rsquo;encens \u00e0 base de plantes Stamford Premium avec une teneur en parfum plus \u00e9lev\u00e9e, qui donne un ar\u00f4me plus intense et durable lorsqu&rsquo;il est utilis\u00e9.&nbsp; Cette marque Premium \u00e0 base de plantes de Stamford a un pourcentage de parfum plus \u00e9lev\u00e9 donnant un ar\u00f4me [&hellip;]<\/p>\n","protected":false},"featured_media":412419,"comment_status":"closed","ping_status":"open","template":"","meta":[],"product_brand":[27143],"product_cat":[26578,15328,15147,26839,25842],"product_tag":[],"class_list":{"0":"post-221056","1":"product","2":"type-product","3":"status-publish","4":"has-post-thumbnail","6":"product_brand-stamford","7":"product_cat-aloe-vera","8":"product_cat-cones-d-encens","9":"product_cat-encens-et-porte-encens","10":"product_cat-frais-propre","11":"product_cat-senteurs-aromes","12":"pa_collection-plant-based-incense-cones-californian-white-sage-fr","13":"pa_made-in-inde","15":"first","16":"instock","17":"purchasable","18":"product-type-simple"},"supplier_id":null,"supplier_sku":"SPBiC-07","barcode":null,"atum_controlled":true,"out_stock_date":null,"out_stock_threshold":null,"inheritable":false,"inbound_stock":null,"stock_on_hold":0,"sold_today":0,"sales_last_days":0,"reserved_stock":null,"customer_returns":null,"warehouse_damage":null,"lost_in_post":null,"other_logs":null,"out_stock_days":0,"lost_sales":0,"has_location":null,"update_date":"2026-02-02T12:53:53","atum_locations":[],"atum_stock_status":"instock","restock_status":false,"low_stock_amount":"","sales_update_date":"2026-01-30T01:26:01","calc_backorders":null,"_links":{"self":[{"href":"https:\/\/aromasentia.com\/fr\/wp-json\/wp\/v2\/product\/221056","targetHints":{"allow":["GET"]}}],"collection":[{"href":"https:\/\/aromasentia.com\/fr\/wp-json\/wp\/v2\/product"}],"about":[{"href":"https:\/\/aromasentia.com\/fr\/wp-json\/wp\/v2\/types\/product"}],"replies":[{"embeddable":true,"href":"https:\/\/aromasentia.com\/fr\/wp-json\/wp\/v2\/comments?post=221056"}],"version-history":[{"count":0,"href":"https:\/\/aromasentia.com\/fr\/wp-json\/wp\/v2\/product\/221056\/revisions"}],"wp:featuredmedia":[{"embeddable":true,"href":"https:\/\/aromasentia.com\/fr\/wp-json\/wp\/v2\/media\/412419"}],"wp:attachment":[{"href":"https:\/\/aromasentia.com\/fr\/wp-json\/wp\/v2\/media?parent=221056"}],"wp:term":[{"taxonomy":"product_brand","embeddable":true,"href":"https:\/\/aromasentia.com\/fr\/wp-json\/wp\/v2\/product_brand?post=221056"},{"taxonomy":"product_cat","embeddable":true,"href":"https:\/\/aromasentia.com\/fr\/wp-json\/wp\/v2\/product_cat?post=221056"},{"taxonomy":"product_tag","embeddable":true,"href":"https:\/\/aromasentia.com\/fr\/wp-json\/wp\/v2\/product_tag?post=221056"}],"curies":[{"name":"wp","href":"https:\/\/api.w.org\/{rel}","templated":true}]}}